{"id":11735,"date":"2023-06-19T13:37:32","date_gmt":"2023-06-19T11:37:32","guid":{"rendered":"https:\/\/fodjan.com\/?page_id=11735"},"modified":"2025-12-22T12:12:38","modified_gmt":"2025-12-22T11:12:38","slug":"beratener-landwirt-lizenz","status":"publish","type":"page","link":"https:\/\/fodjan.com\/de\/beratener-landwirt-lizenz\/","title":{"rendered":"Beratener Landwirt Lizenz &#8211; Landingpage"},"content":{"rendered":"\n<div style=\"height:100px\" aria-hidden=\"true\" class=\"wp-block-spacer editorskit-no-mobile\"><\/div>\n\n\n\n<div class=\"wp-block-group\"><div class=\"wp-block-group__inner-container is-layout-flow wp-block-group-is-layout-flow\">\n<div class=\"wp-block-columns mobile-reverse is-layout-flex wp-container-core-columns-is-layout-9d6595d7 wp-block-columns-is-layout-flex\">\n<div class=\"wp-block-column is-vertically-aligned-center is-layout-flow wp-block-column-is-layout-flow\" style=\"flex-basis:58%\">\n<div style=\"height:41px\" aria-hidden=\"true\" class=\"wp-block-spacer editorskit-no-desktop editorskit-no-tablet\"><\/div>\n\n\n\n<h2 class=\"wp-block-heading has-mobile-text-align-center has-text-color\" style=\"color:#46c284\">Neu: in App &amp; Web mitarbeiten<\/h2>\n\n\n\n<p class=\"has-mobile-text-align-center has-medium-font-size\">Bisher war nur die Vergabe von Schreibrechten entweder in der App oder in fodjan Pro (Webansicht) m\u00f6glich. Beides war nur mit der Voll-Lizenz m\u00f6glich, die ab 49\u20ac\/Monat startet &#8211; <strong>teuer<\/strong> f\u00fcr eine blo\u00dfe Zusammenarbeit und Arbeitsteilung mit dem Berater, oder?<\/p>\n\n\n\n<p class=\"has-primary-color has-text-color has-medium-font-size\"><strong>Deswegen gibt es jetzt etwas Besseres! <\/strong><\/p>\n\n\n\n<div style=\"height:20px\" aria-hidden=\"true\" class=\"wp-block-spacer dotimg1\"><\/div>\n\n\n\n<p><\/p>\n<\/div>\n\n\n\n<div class=\"wp-block-column has-background is-layout-flow wp-block-column-is-layout-flow\" style=\"background-color:#46c28400\"><div class=\"wp-block-image\">\n<figure class=\"aligncenter size-large\"><img loading=\"lazy\" decoding=\"async\" width=\"1024\" height=\"536\" src=\"https:\/\/fodjan.com\/wp-content\/uploads\/2020\/08\/Milchvieh_Screens_DE_Plusse_mini-1024x536.png\" alt=\"fodjan Vorteile\" class=\"wp-image-3495\" srcset=\"https:\/\/fodjan.com\/wp-content\/uploads\/2020\/08\/Milchvieh_Screens_DE_Plusse_mini-1024x536.png 1024w, https:\/\/fodjan.com\/wp-content\/uploads\/2020\/08\/Milchvieh_Screens_DE_Plusse_mini-300x157.png 300w, https:\/\/fodjan.com\/wp-content\/uploads\/2020\/08\/Milchvieh_Screens_DE_Plusse_mini-768x402.png 768w, https:\/\/fodjan.com\/wp-content\/uploads\/2020\/08\/Milchvieh_Screens_DE_Plusse_mini.png 1394w\" sizes=\"auto, (max-width: 1024px) 100vw, 1024px\" \/><\/figure>\n<\/div>\n\n\n<p><\/p>\n<\/div>\n<\/div>\n<\/div><\/div>\n\n\n\n<div style=\"height:100px\" aria-hidden=\"true\" class=\"wp-block-spacer\"><\/div>\n\n\n\n<h2 class=\"wp-block-heading has-text-align-center has-primary-color has-text-color has-background\" style=\"background-color:#46c28433\"><strong>Die &#8222;Beratener Landwirt&#8220;-Lizenzen<\/strong> im Vergleich<\/h2>\n\n\n\n<div style=\"height:23px\" aria-hidden=\"true\" class=\"wp-block-spacer\"><\/div>\n\n\n\n<p class=\"has-text-align-center\">\u2714<strong> App &amp; Web-Ansicht nutzen    \u2714 Rationen, Futtermittel, Futtergruppen bearbeiten<strong>  <\/strong>  \u2714 Schnittstellen verwalten <strong>  <\/strong>\u2714 mind. 63% g\u00fcnstiger als Volllizenz<\/strong><\/p>\n\n\n\n<p class=\"has-text-align-center\">Die neuen Lizenzen schlie\u00dfen die L\u00fccke an gew\u00fcnschten Mitarbeits-Funktionen speziell f\u00fcr Landwirte, die \u00fcber Ihren Berater in fodjan arbeiten:<\/p>\n\n\n\n<div style=\"height:40px\" aria-hidden=\"true\" class=\"wp-block-spacer\"><\/div>\n\n\n\n<figure class=\"wp-block-image size-large is-resized\"><img loading=\"lazy\" decoding=\"async\" width=\"1024\" height=\"576\" src=\"https:\/\/fodjan.com\/wp-content\/uploads\/2023\/07\/beratener-landwirt-1024x576.png\" alt=\"\" class=\"wp-image-13953\" style=\"width:1164px;height:655px\" srcset=\"https:\/\/fodjan.com\/wp-content\/uploads\/2023\/07\/beratener-landwirt-1024x576.png 1024w, https:\/\/fodjan.com\/wp-content\/uploads\/2023\/07\/beratener-landwirt-300x169.png 300w, https:\/\/fodjan.com\/wp-content\/uploads\/2023\/07\/beratener-landwirt-768x432.png 768w, https:\/\/fodjan.com\/wp-content\/uploads\/2023\/07\/beratener-landwirt-1536x865.png 1536w, https:\/\/fodjan.com\/wp-content\/uploads\/2023\/07\/beratener-landwirt.png 1810w\" sizes=\"auto, (max-width: 1024px) 100vw, 1024px\" \/><\/figure>\n\n\n\n<p class=\"has-text-align-center\"><\/p>\n\n\n\n<div style=\"height:100px\" aria-hidden=\"true\" class=\"wp-block-spacer editorskit-no-mobile\"><\/div>\n\n\n\n<h2 class=\"wp-block-heading has-text-align-center has-primary-color has-text-color has-background\" style=\"background-color:#46c28426\">So k\u00f6nnen Sie die neuen Lizenzen nutzen<\/h2>\n\n\n\n<div class=\"wp-block-columns is-layout-flex wp-container-core-columns-is-layout-9d6595d7 wp-block-columns-is-layout-flex\">\n<div class=\"wp-block-column is-vertically-aligned-center is-layout-flow wp-block-column-is-layout-flow\" style=\"flex-basis:66.66%\">\n<p>Beide Lizenzen k\u00f6nnen ab sofort in fodjan Pro von Beratern bei dem Hinzuf\u00fcgen neuer Nutzer gebucht werden.<\/p>\n<\/div>\n\n\n\n<div class=\"wp-block-column is-layout-flow wp-block-column-is-layout-flow\" style=\"flex-basis:33.33%\"><div class=\"wp-block-image\">\n<figure class=\"aligncenter size-full\"><img loading=\"lazy\" decoding=\"async\" width=\"200\" height=\"200\" src=\"https:\/\/fodjan.com\/wp-content\/uploads\/2020\/04\/Schweinemaester.png\" alt=\"\" class=\"wp-image-390\" srcset=\"https:\/\/fodjan.com\/wp-content\/uploads\/2020\/04\/Schweinemaester.png 200w, https:\/\/fodjan.com\/wp-content\/uploads\/2020\/04\/Schweinemaester-150x150.png 150w\" sizes=\"auto, (max-width: 200px) 100vw, 200px\" \/><\/figure>\n<\/div><\/div>\n<\/div>\n\n\n\n<div style=\"height:100px\" aria-hidden=\"true\" class=\"wp-block-spacer\"><\/div>\n\n\n\n<div style=\"height:100px\" aria-hidden=\"true\" class=\"wp-block-spacer\"><\/div>\n\n\n\n<div class=\"wp-block-group wide-area dotimg7 has-background\" style=\"background-color:#f6f6f6\"><div class=\"wp-block-group__inner-container is-layout-flow wp-block-group-is-layout-flow\"><\/div><\/div>\n","protected":false},"excerpt":{"rendered":"<p>Neu: in App &amp; Web mitarbeiten Bisher war nur die Vergabe von Schreibrechten entweder in der App oder in fodjan [&hellip;]<\/p>\n","protected":false},"author":3,"featured_media":0,"parent":0,"menu_order":0,"comment_status":"closed","ping_status":"closed","template":"","meta":{"_acf_changed":false,"inline_featured_image":false,"footnotes":""},"categories":[],"tags":[282],"class_list":["post-11735","page","type-page","status-publish","hentry","tag-dauer-landingpage"],"acf":[],"yoast_head":"<!-- This site is optimized with the Yoast SEO plugin v27.5 - https:\/\/yoast.com\/product\/yoast-seo-wordpress\/ -->\n<title>fodjan smart feeding<\/title>\n<meta name=\"description\" content=\"F\u00fctterung verbessern einfach mit dem Smartphone: Auswerten, Rationen teilen, gemeinsam dokumentieren, Futterkosten sparen und Kuhgesundheit steigern per App\" \/>\n<meta name=\"robots\" content=\"index, follow, max-snippet:-1, max-image-preview:large, max-video-preview:-1\" \/>\n<link rel=\"canonical\" href=\"https:\/\/fodjan.com\/de\/beratener-landwirt-lizenz\/\" \/>\n<meta property=\"og:locale\" content=\"de_DE\" \/>\n<meta property=\"og:type\" content=\"article\" \/>\n<meta property=\"og:title\" content=\"Mobiles F\u00fctterungsmanagement f\u00fcr Milchk\u00fche - fodjan App\" \/>\n<meta property=\"og:description\" content=\"F\u00fctterung verbessern einfach mit dem Smartphone: Auswerten, Rationen teilen, gemeinsam dokumentieren, Futterkosten sparen und Kuhgesundheit steigern per App\" \/>\n<meta property=\"og:url\" content=\"https:\/\/fodjan.com\/de\/beratener-landwirt-lizenz\/\" \/>\n<meta property=\"og:site_name\" content=\"fodjan smart feeding\" \/>\n<meta property=\"article:publisher\" content=\"https:\/\/de-de.facebook.com\/fodjan.de\/\" \/>\n<meta property=\"article:modified_time\" content=\"2025-12-22T11:12:38+00:00\" \/>\n<meta property=\"og:image\" content=\"https:\/\/fodjan.com\/wp-content\/uploads\/2020\/08\/Milchvieh_Screens_DE_Plusse_mini.png\" \/>\n\t<meta property=\"og:image:width\" content=\"1394\" \/>\n\t<meta property=\"og:image:height\" content=\"729\" \/>\n\t<meta property=\"og:image:type\" content=\"image\/png\" \/>\n<meta name=\"twitter:card\" content=\"summary_large_image\" \/>\n<script type=\"application\/ld+json\" class=\"yoast-schema-graph\">{\"@context\":\"https:\\\/\\\/schema.org\",\"@graph\":[{\"@type\":\"WebPage\",\"@id\":\"https:\\\/\\\/fodjan.com\\\/de\\\/beratener-landwirt-lizenz\\\/\",\"url\":\"https:\\\/\\\/fodjan.com\\\/de\\\/beratener-landwirt-lizenz\\\/\",\"name\":\"Mobiles F\u00fctterungsmanagement f\u00fcr Milchk\u00fche - fodjan App\",\"isPartOf\":{\"@id\":\"https:\\\/\\\/fodjan.com\\\/de\\\/#website\"},\"primaryImageOfPage\":{\"@id\":\"https:\\\/\\\/fodjan.com\\\/de\\\/beratener-landwirt-lizenz\\\/#primaryimage\"},\"image\":{\"@id\":\"https:\\\/\\\/fodjan.com\\\/de\\\/beratener-landwirt-lizenz\\\/#primaryimage\"},\"thumbnailUrl\":\"https:\\\/\\\/fodjan.com\\\/wp-content\\\/uploads\\\/2020\\\/08\\\/Milchvieh_Screens_DE_Plusse_mini-1024x536.png\",\"datePublished\":\"2023-06-19T11:37:32+00:00\",\"dateModified\":\"2025-12-22T11:12:38+00:00\",\"description\":\"F\u00fctterung verbessern einfach mit dem Smartphone: Auswerten, Rationen teilen, gemeinsam dokumentieren, Futterkosten sparen und Kuhgesundheit steigern per App\",\"breadcrumb\":{\"@id\":\"https:\\\/\\\/fodjan.com\\\/de\\\/beratener-landwirt-lizenz\\\/#breadcrumb\"},\"inLanguage\":\"de\",\"potentialAction\":[{\"@type\":\"ReadAction\",\"target\":[\"https:\\\/\\\/fodjan.com\\\/de\\\/beratener-landwirt-lizenz\\\/\"]}]},{\"@type\":\"ImageObject\",\"inLanguage\":\"de\",\"@id\":\"https:\\\/\\\/fodjan.com\\\/de\\\/beratener-landwirt-lizenz\\\/#primaryimage\",\"url\":\"https:\\\/\\\/fodjan.com\\\/wp-content\\\/uploads\\\/2020\\\/08\\\/Milchvieh_Screens_DE_Plusse_mini-1024x536.png\",\"contentUrl\":\"https:\\\/\\\/fodjan.com\\\/wp-content\\\/uploads\\\/2020\\\/08\\\/Milchvieh_Screens_DE_Plusse_mini-1024x536.png\"},{\"@type\":\"BreadcrumbList\",\"@id\":\"https:\\\/\\\/fodjan.com\\\/de\\\/beratener-landwirt-lizenz\\\/#breadcrumb\",\"itemListElement\":[{\"@type\":\"ListItem\",\"position\":1,\"name\":\"Home\",\"item\":\"https:\\\/\\\/fodjan.com\\\/de\\\/\"},{\"@type\":\"ListItem\",\"position\":2,\"name\":\"Beratener Landwirt Lizenz - Landingpage\"}]},{\"@type\":\"WebSite\",\"@id\":\"https:\\\/\\\/fodjan.com\\\/de\\\/#website\",\"url\":\"https:\\\/\\\/fodjan.com\\\/de\\\/\",\"name\":\"fodjan\",\"description\":\"Der digitale Assistent f\u00fcr die F\u00fctterung\",\"publisher\":{\"@id\":\"https:\\\/\\\/fodjan.com\\\/de\\\/#organization\"},\"alternateName\":\"smart feeding\",\"potentialAction\":[{\"@type\":\"SearchAction\",\"target\":{\"@type\":\"EntryPoint\",\"urlTemplate\":\"https:\\\/\\\/fodjan.com\\\/de\\\/?s={search_term_string}\"},\"query-input\":{\"@type\":\"PropertyValueSpecification\",\"valueRequired\":true,\"valueName\":\"search_term_string\"}}],\"inLanguage\":\"de\"},{\"@type\":\"Organization\",\"@id\":\"https:\\\/\\\/fodjan.com\\\/de\\\/#organization\",\"name\":\"fodjan GmbH\",\"alternateName\":\"smart feeding\",\"url\":\"https:\\\/\\\/fodjan.com\\\/de\\\/\",\"logo\":{\"@type\":\"ImageObject\",\"inLanguage\":\"de\",\"@id\":\"https:\\\/\\\/fodjan.com\\\/de\\\/#\\\/schema\\\/logo\\\/image\\\/\",\"url\":\"https:\\\/\\\/fodjan.com\\\/wp-content\\\/uploads\\\/2020\\\/04\\\/Logo_fodjan_2020.svg\",\"contentUrl\":\"https:\\\/\\\/fodjan.com\\\/wp-content\\\/uploads\\\/2020\\\/04\\\/Logo_fodjan_2020.svg\",\"width\":5000,\"height\":1500,\"caption\":\"fodjan GmbH\"},\"image\":{\"@id\":\"https:\\\/\\\/fodjan.com\\\/de\\\/#\\\/schema\\\/logo\\\/image\\\/\"},\"sameAs\":[\"https:\\\/\\\/de-de.facebook.com\\\/fodjan.de\\\/\",\"https:\\\/\\\/www.linkedin.com\\\/company\\\/fodjan-gmbh\",\"https:\\\/\\\/www.youtube.com\\\/channel\\\/UCKwdzpWq1uy0sblX3_VIKHg\"]}]}<\/script>\n<!-- \/ Yoast SEO plugin. -->","yoast_head_json":{"title":"fodjan smart feeding","description":"F\u00fctterung verbessern einfach mit dem Smartphone: Auswerten, Rationen teilen, gemeinsam dokumentieren, Futterkosten sparen und Kuhgesundheit steigern per App","robots":{"index":"index","follow":"follow","max-snippet":"max-snippet:-1","max-image-preview":"max-image-preview:large","max-video-preview":"max-video-preview:-1"},"canonical":"https:\/\/fodjan.com\/de\/beratener-landwirt-lizenz\/","og_locale":"de_DE","og_type":"article","og_title":"Mobiles F\u00fctterungsmanagement f\u00fcr Milchk\u00fche - fodjan App","og_description":"F\u00fctterung verbessern einfach mit dem Smartphone: Auswerten, Rationen teilen, gemeinsam dokumentieren, Futterkosten sparen und Kuhgesundheit steigern per App","og_url":"https:\/\/fodjan.com\/de\/beratener-landwirt-lizenz\/","og_site_name":"fodjan smart feeding","article_publisher":"https:\/\/de-de.facebook.com\/fodjan.de\/","article_modified_time":"2025-12-22T11:12:38+00:00","og_image":[{"width":1394,"height":729,"url":"https:\/\/fodjan.com\/wp-content\/uploads\/2020\/08\/Milchvieh_Screens_DE_Plusse_mini.png","type":"image\/png"}],"twitter_card":"summary_large_image","schema":{"@context":"https:\/\/schema.org","@graph":[{"@type":"WebPage","@id":"https:\/\/fodjan.com\/de\/beratener-landwirt-lizenz\/","url":"https:\/\/fodjan.com\/de\/beratener-landwirt-lizenz\/","name":"Mobiles F\u00fctterungsmanagement f\u00fcr Milchk\u00fche - fodjan App","isPartOf":{"@id":"https:\/\/fodjan.com\/de\/#website"},"primaryImageOfPage":{"@id":"https:\/\/fodjan.com\/de\/beratener-landwirt-lizenz\/#primaryimage"},"image":{"@id":"https:\/\/fodjan.com\/de\/beratener-landwirt-lizenz\/#primaryimage"},"thumbnailUrl":"https:\/\/fodjan.com\/wp-content\/uploads\/2020\/08\/Milchvieh_Screens_DE_Plusse_mini-1024x536.png","datePublished":"2023-06-19T11:37:32+00:00","dateModified":"2025-12-22T11:12:38+00:00","description":"F\u00fctterung verbessern einfach mit dem Smartphone: Auswerten, Rationen teilen, gemeinsam dokumentieren, Futterkosten sparen und Kuhgesundheit steigern per App","breadcrumb":{"@id":"https:\/\/fodjan.com\/de\/beratener-landwirt-lizenz\/#breadcrumb"},"inLanguage":"de","potentialAction":[{"@type":"ReadAction","target":["https:\/\/fodjan.com\/de\/beratener-landwirt-lizenz\/"]}]},{"@type":"ImageObject","inLanguage":"de","@id":"https:\/\/fodjan.com\/de\/beratener-landwirt-lizenz\/#primaryimage","url":"https:\/\/fodjan.com\/wp-content\/uploads\/2020\/08\/Milchvieh_Screens_DE_Plusse_mini-1024x536.png","contentUrl":"https:\/\/fodjan.com\/wp-content\/uploads\/2020\/08\/Milchvieh_Screens_DE_Plusse_mini-1024x536.png"},{"@type":"BreadcrumbList","@id":"https:\/\/fodjan.com\/de\/beratener-landwirt-lizenz\/#breadcrumb","itemListElement":[{"@type":"ListItem","position":1,"name":"Home","item":"https:\/\/fodjan.com\/de\/"},{"@type":"ListItem","position":2,"name":"Beratener Landwirt Lizenz - Landingpage"}]},{"@type":"WebSite","@id":"https:\/\/fodjan.com\/de\/#website","url":"https:\/\/fodjan.com\/de\/","name":"fodjan","description":"Der digitale Assistent f\u00fcr die F\u00fctterung","publisher":{"@id":"https:\/\/fodjan.com\/de\/#organization"},"alternateName":"smart feeding","potentialAction":[{"@type":"SearchAction","target":{"@type":"EntryPoint","urlTemplate":"https:\/\/fodjan.com\/de\/?s={search_term_string}"},"query-input":{"@type":"PropertyValueSpecification","valueRequired":true,"valueName":"search_term_string"}}],"inLanguage":"de"},{"@type":"Organization","@id":"https:\/\/fodjan.com\/de\/#organization","name":"fodjan GmbH","alternateName":"smart feeding","url":"https:\/\/fodjan.com\/de\/","logo":{"@type":"ImageObject","inLanguage":"de","@id":"https:\/\/fodjan.com\/de\/#\/schema\/logo\/image\/","url":"https:\/\/fodjan.com\/wp-content\/uploads\/2020\/04\/Logo_fodjan_2020.svg","contentUrl":"https:\/\/fodjan.com\/wp-content\/uploads\/2020\/04\/Logo_fodjan_2020.svg","width":5000,"height":1500,"caption":"fodjan GmbH"},"image":{"@id":"https:\/\/fodjan.com\/de\/#\/schema\/logo\/image\/"},"sameAs":["https:\/\/de-de.facebook.com\/fodjan.de\/","https:\/\/www.linkedin.com\/company\/fodjan-gmbh","https:\/\/www.youtube.com\/channel\/UCKwdzpWq1uy0sblX3_VIKHg"]}]}},"_links":{"self":[{"href":"https:\/\/fodjan.com\/de\/wp-json\/wp\/v2\/pages\/11735","targetHints":{"allow":["GET"]}}],"collection":[{"href":"https:\/\/fodjan.com\/de\/wp-json\/wp\/v2\/pages"}],"about":[{"href":"https:\/\/fodjan.com\/de\/wp-json\/wp\/v2\/types\/page"}],"author":[{"embeddable":true,"href":"https:\/\/fodjan.com\/de\/wp-json\/wp\/v2\/users\/3"}],"replies":[{"embeddable":true,"href":"https:\/\/fodjan.com\/de\/wp-json\/wp\/v2\/comments?post=11735"}],"version-history":[{"count":140,"href":"https:\/\/fodjan.com\/de\/wp-json\/wp\/v2\/pages\/11735\/revisions"}],"predecessor-version":[{"id":15563,"href":"https:\/\/fodjan.com\/de\/wp-json\/wp\/v2\/pages\/11735\/revisions\/15563"}],"wp:attachment":[{"href":"https:\/\/fodjan.com\/de\/wp-json\/wp\/v2\/media?parent=11735"}],"wp:term":[{"taxonomy":"category","embeddable":true,"href":"https:\/\/fodjan.com\/de\/wp-json\/wp\/v2\/categories?post=11735"},{"taxonomy":"post_tag","embeddable":true,"href":"https:\/\/fodjan.com\/de\/wp-json\/wp\/v2\/tags?post=11735"}],"curies":[{"name":"wp","href":"https:\/\/api.w.org\/{rel}","templated":true}]}}