{"id":14491,"date":"2024-04-10T09:30:42","date_gmt":"2024-04-10T07:30:42","guid":{"rendered":"https:\/\/fodjan.com\/?page_id=14491"},"modified":"2024-04-10T09:36:38","modified_gmt":"2024-04-10T07:36:38","slug":"fodjan-forschungsprojekte","status":"publish","type":"page","link":"https:\/\/fodjan.com\/de\/fodjan-forschungsprojekte\/","title":{"rendered":"Forschungsprojekte"},"content":{"rendered":"\n<div class=\"wp-block-query is-layout-flow wp-block-query-is-layout-flow\"><ul class=\"wp-block-post-template is-layout-flow wp-block-post-template-is-layout-flow\"><li class=\"wp-block-post post-10729 post type-post status-publish format-standard has-post-thumbnail hentry category-forschungsprojekte category-unkategorisiert tag-digitale-landwirtschaft tag-eip tag-eip-agri tag-feed-4-0 tag-fodjan tag-forschungsprojekt-sachsen tag-futtermittelhandel tag-fuetterungsberatung tag-koesling-anderson tag-milchvieh-fuetterung tag-rationsberechnung tag-smekul\">\n\n<div class=\"wp-block-columns alignwide is-layout-flex wp-container-core-columns-is-layout-9d6595d7 wp-block-columns-is-layout-flex\">\n<div class=\"wp-block-column is-layout-flow wp-block-column-is-layout-flow\" style=\"flex-basis:66.66%\"><figure class=\"wp-block-post-featured-image\"><a href=\"https:\/\/fodjan.com\/de\/feed-4-0-projekt-fuer-digitalen-futtermittelhandel-im-milchviehbereich\/\" target=\"_self\"  ><img loading=\"lazy\" decoding=\"async\" width=\"2560\" height=\"1727\" src=\"https:\/\/fodjan.com\/wp-content\/uploads\/2021\/12\/pexels-marcus-aurelius-6787934-scaled.jpg\" class=\"attachment-post-thumbnail size-post-thumbnail wp-post-image\" alt=\"Feed 4.0 &#8211; Projekt f\u00fcr digitalen Futtermittelhandel im Milchviehbereich\" style=\"object-fit:cover;\" srcset=\"https:\/\/fodjan.com\/wp-content\/uploads\/2021\/12\/pexels-marcus-aurelius-6787934-scaled.jpg 2560w, https:\/\/fodjan.com\/wp-content\/uploads\/2021\/12\/pexels-marcus-aurelius-6787934-300x202.jpg 300w, https:\/\/fodjan.com\/wp-content\/uploads\/2021\/12\/pexels-marcus-aurelius-6787934-1024x691.jpg 1024w, https:\/\/fodjan.com\/wp-content\/uploads\/2021\/12\/pexels-marcus-aurelius-6787934-768x518.jpg 768w, https:\/\/fodjan.com\/wp-content\/uploads\/2021\/12\/pexels-marcus-aurelius-6787934-1536x1036.jpg 1536w, https:\/\/fodjan.com\/wp-content\/uploads\/2021\/12\/pexels-marcus-aurelius-6787934-2048x1382.jpg 2048w\" sizes=\"auto, (max-width: 2560px) 100vw, 2560px\" \/><\/a><\/figure><\/div>\n\n\n\n<div class=\"wp-block-column is-layout-flow wp-block-column-is-layout-flow\" style=\"flex-basis:33.33%\"><h2 class=\"wp-block-post-title\"><a href=\"https:\/\/fodjan.com\/de\/feed-4-0-projekt-fuer-digitalen-futtermittelhandel-im-milchviehbereich\/\" target=\"_self\" >Feed 4.0 &#8211; Projekt f\u00fcr digitalen Futtermittelhandel im Milchviehbereich<\/a><\/h2>\n\n<div class=\"wp-block-post-excerpt\"><p class=\"wp-block-post-excerpt__excerpt\">In EIP Agri Feed 4.0 gilt es neue Wege zu finden, mit denen Betriebe und Ihre Berater verf\u00fcgbare Futtermittel bewerten und bestm\u00f6glich kombinieren k\u00f6nnen, um Tierwohl, Klimabilanz und die Wirtschaftlichkeit nachhaltig zu optimieren.<\/p><p class=\"wp-block-post-excerpt__more-text\"><a class=\"wp-block-post-excerpt__more-link\" href=\"https:\/\/fodjan.com\/de\/feed-4-0-projekt-fuer-digitalen-futtermittelhandel-im-milchviehbereich\/\">Weiterlesen&#8230;<\/a><\/p><\/div><\/div>\n<\/div>\n\n<\/li><li class=\"wp-block-post post-10227 post type-post status-publish format-standard has-post-thumbnail hentry category-allgemein category-forschungsprojekte category-mastschwein\">\n\n<div class=\"wp-block-columns alignwide is-layout-flex wp-container-core-columns-is-layout-9d6595d7 wp-block-columns-is-layout-flex\">\n<div class=\"wp-block-column is-layout-flow wp-block-column-is-layout-flow\" style=\"flex-basis:66.66%\"><figure class=\"wp-block-post-featured-image\"><a href=\"https:\/\/fodjan.com\/de\/algen-in-der-schweinefuetterung-das-forschungsprojekt-algapork\/\" target=\"_self\"  ><img loading=\"lazy\" decoding=\"async\" width=\"2560\" height=\"1707\" src=\"https:\/\/fodjan.com\/wp-content\/uploads\/2021\/06\/Algenschweine-22_dunkel-scaled.jpg\" class=\"attachment-post-thumbnail size-post-thumbnail wp-post-image\" alt=\"Algen in der Schweinef\u00fctterung \u2013 Das Forschungsprojekt AlgaPork\" style=\"object-fit:cover;\" srcset=\"https:\/\/fodjan.com\/wp-content\/uploads\/2021\/06\/Algenschweine-22_dunkel-scaled.jpg 2560w, https:\/\/fodjan.com\/wp-content\/uploads\/2021\/06\/Algenschweine-22_dunkel-300x200.jpg 300w, https:\/\/fodjan.com\/wp-content\/uploads\/2021\/06\/Algenschweine-22_dunkel-1024x683.jpg 1024w, https:\/\/fodjan.com\/wp-content\/uploads\/2021\/06\/Algenschweine-22_dunkel-768x512.jpg 768w, https:\/\/fodjan.com\/wp-content\/uploads\/2021\/06\/Algenschweine-22_dunkel-1536x1024.jpg 1536w, https:\/\/fodjan.com\/wp-content\/uploads\/2021\/06\/Algenschweine-22_dunkel-2048x1365.jpg 2048w\" sizes=\"auto, (max-width: 2560px) 100vw, 2560px\" \/><\/a><\/figure><\/div>\n\n\n\n<div class=\"wp-block-column is-layout-flow wp-block-column-is-layout-flow\" style=\"flex-basis:33.33%\"><h2 class=\"wp-block-post-title\"><a href=\"https:\/\/fodjan.com\/de\/algen-in-der-schweinefuetterung-das-forschungsprojekt-algapork\/\" target=\"_self\" >Algen in der Schweinef\u00fctterung \u2013 Das Forschungsprojekt AlgaPork<\/a><\/h2>\n\n<div class=\"wp-block-post-excerpt\"><p class=\"wp-block-post-excerpt__excerpt\">Wir von fodjan sind Teil des EIP-AGRI Forschungsprojektes AlgaPork, in dem wir gemeinsam mit unseren Partnern den Effekt von Mikroalgen<\/p><p class=\"wp-block-post-excerpt__more-text\"><a class=\"wp-block-post-excerpt__more-link\" href=\"https:\/\/fodjan.com\/de\/algen-in-der-schweinefuetterung-das-forschungsprojekt-algapork\/\">Weiterlesen&#8230;<\/a><\/p><\/div><\/div>\n<\/div>\n\n<\/li><li class=\"wp-block-post post-14547 post type-post status-publish format-standard has-post-thumbnail hentry category-forschungsprojekte category-unkategorisiert\">\n\n<div class=\"wp-block-columns alignwide is-layout-flex wp-container-core-columns-is-layout-9d6595d7 wp-block-columns-is-layout-flex\">\n<div class=\"wp-block-column is-layout-flow wp-block-column-is-layout-flow\" style=\"flex-basis:66.66%\"><figure class=\"wp-block-post-featured-image\"><a href=\"https:\/\/fodjan.com\/de\/remissiondairy\/\" target=\"_self\"  ><img loading=\"lazy\" decoding=\"async\" width=\"1024\" height=\"454\" src=\"https:\/\/fodjan.com\/wp-content\/uploads\/2024\/04\/Unbenannt-1024x454-1.jpg\" class=\"attachment-post-thumbnail size-post-thumbnail wp-post-image\" alt=\"Wir sind Teil des ReMissionDairy-Projekts\" style=\"object-fit:cover;\" srcset=\"https:\/\/fodjan.com\/wp-content\/uploads\/2024\/04\/Unbenannt-1024x454-1.jpg 1024w, https:\/\/fodjan.com\/wp-content\/uploads\/2024\/04\/Unbenannt-1024x454-1-300x133.jpg 300w, https:\/\/fodjan.com\/wp-content\/uploads\/2024\/04\/Unbenannt-1024x454-1-768x341.jpg 768w\" sizes=\"auto, (max-width: 1024px) 100vw, 1024px\" \/><\/a><\/figure><\/div>\n\n\n\n<div class=\"wp-block-column is-layout-flow wp-block-column-is-layout-flow\" style=\"flex-basis:33.33%\"><h2 class=\"wp-block-post-title\"><a href=\"https:\/\/fodjan.com\/de\/remissiondairy\/\" target=\"_self\" >Wir sind Teil des ReMissionDairy-Projekts<\/a><\/h2>\n\n<div class=\"wp-block-post-excerpt\"><p class=\"wp-block-post-excerpt__excerpt\">Wir sind Teil des 3-j\u00e4hrigen BLE Innovationsprojekts ReMissionDairy f\u00fcr eine effiziente Milchkuhf\u00fctterung. Das sind die Ziele von ReMissionDairy Angesichts der<\/p><p class=\"wp-block-post-excerpt__more-text\"><a class=\"wp-block-post-excerpt__more-link\" href=\"https:\/\/fodjan.com\/de\/remissiondairy\/\">Weiterlesen&#8230;<\/a><\/p><\/div><\/div>\n<\/div>\n\n<\/li><li class=\"wp-block-post post-14525 post type-post status-publish format-standard has-post-thumbnail hentry category-forschungsprojekte category-unkategorisiert\">\n\n<div class=\"wp-block-columns alignwide is-layout-flex wp-container-core-columns-is-layout-9d6595d7 wp-block-columns-is-layout-flex\">\n<div class=\"wp-block-column is-layout-flow wp-block-column-is-layout-flow\" style=\"flex-basis:66.66%\"><figure class=\"wp-block-post-featured-image\"><a href=\"https:\/\/fodjan.com\/de\/kenia\/\" target=\"_self\"  ><img loading=\"lazy\" decoding=\"async\" width=\"2048\" height=\"1356\" src=\"https:\/\/fodjan.com\/wp-content\/uploads\/2024\/04\/7.jpg\" class=\"attachment-post-thumbnail size-post-thumbnail wp-post-image\" alt=\"fodjan &amp; Uni Hohenheim entwickeln App f\u00fcr Kenia\" style=\"object-fit:cover;\" srcset=\"https:\/\/fodjan.com\/wp-content\/uploads\/2024\/04\/7.jpg 2048w, https:\/\/fodjan.com\/wp-content\/uploads\/2024\/04\/7-300x199.jpg 300w, https:\/\/fodjan.com\/wp-content\/uploads\/2024\/04\/7-1024x678.jpg 1024w, https:\/\/fodjan.com\/wp-content\/uploads\/2024\/04\/7-768x509.jpg 768w, https:\/\/fodjan.com\/wp-content\/uploads\/2024\/04\/7-1536x1017.jpg 1536w\" sizes=\"auto, (max-width: 2048px) 100vw, 2048px\" \/><\/a><\/figure><\/div>\n\n\n\n<div class=\"wp-block-column is-layout-flow wp-block-column-is-layout-flow\" style=\"flex-basis:33.33%\"><h2 class=\"wp-block-post-title\"><a href=\"https:\/\/fodjan.com\/de\/kenia\/\" target=\"_self\" >fodjan &amp; Uni Hohenheim entwickeln App f\u00fcr Kenia<\/a><\/h2>\n\n<div class=\"wp-block-post-excerpt\"><p class=\"wp-block-post-excerpt__excerpt\">Kleine und mittlere Milchviehbetriebe spielen eine bedeutende Rolle in der Versorgung mit Milch und Milchprodukten und als Einkommensquelle f\u00fcr Millionen von Menschen im sub-saharischen Afrika.<\/p><p class=\"wp-block-post-excerpt__more-text\"><a class=\"wp-block-post-excerpt__more-link\" href=\"https:\/\/fodjan.com\/de\/kenia\/\">Weiterlesen&#8230;<\/a><\/p><\/div><\/div>\n<\/div>\n\n<\/li><\/ul><\/div>\n","protected":false},"excerpt":{"rendered":"","protected":false},"author":3,"featured_media":14436,"parent":0,"menu_order":0,"comment_status":"closed","ping_status":"closed","template":"","meta":{"_acf_changed":false,"inline_featured_image":false,"footnotes":""},"categories":[],"tags":[],"class_list":["post-14491","page","type-page","status-publish","has-post-thumbnail","hentry"],"acf":[],"yoast_head":"<!-- This site is optimized with the Yoast SEO plugin v26.8 - https:\/\/yoast.com\/product\/yoast-seo-wordpress\/ -->\n<title>fodjan smart feeding<\/title>\n<meta name=\"description\" content=\"Hier erfahren Sie mehr \u00fcber unsere neusten Entwicklungen, Veranstaltungen und mehr.\" \/>\n<meta name=\"robots\" content=\"index, follow, max-snippet:-1, max-image-preview:large, max-video-preview:-1\" \/>\n<link rel=\"canonical\" href=\"https:\/\/fodjan.com\/de\/fodjan-forschungsprojekte\/\" \/>\n<meta property=\"og:locale\" content=\"de_DE\" \/>\n<meta property=\"og:type\" content=\"article\" \/>\n<meta property=\"og:title\" content=\"Forschungsprojekte\" \/>\n<meta property=\"og:description\" content=\"Hier erfahren Sie mehr \u00fcber unsere neusten Entwicklungen, Veranstaltungen und mehr.\" \/>\n<meta property=\"og:url\" content=\"https:\/\/fodjan.com\/de\/fodjan-forschungsprojekte\/\" \/>\n<meta property=\"og:site_name\" content=\"fodjan smart feeding\" \/>\n<meta property=\"article:publisher\" content=\"https:\/\/de-de.facebook.com\/fodjan.de\/\" \/>\n<meta property=\"article:modified_time\" content=\"2024-04-10T07:36:38+00:00\" \/>\n<meta property=\"og:image\" content=\"https:\/\/fodjan.com\/wp-content\/uploads\/2024\/04\/pexels-tara-winstead-8386440-scaled.jpg\" \/>\n\t<meta property=\"og:image:width\" content=\"2560\" \/>\n\t<meta property=\"og:image:height\" content=\"1707\" \/>\n\t<meta property=\"og:image:type\" content=\"image\/jpeg\" \/>\n<meta name=\"twitter:card\" content=\"summary_large_image\" \/>\n<script type=\"application\/ld+json\" class=\"yoast-schema-graph\">{\"@context\":\"https:\/\/schema.org\",\"@graph\":[{\"@type\":\"WebPage\",\"@id\":\"https:\/\/fodjan.com\/de\/fodjan-forschungsprojekte\/\",\"url\":\"https:\/\/fodjan.com\/de\/fodjan-forschungsprojekte\/\",\"name\":\"Forschungsprojekte\",\"isPartOf\":{\"@id\":\"https:\/\/fodjan.com\/de\/#website\"},\"primaryImageOfPage\":{\"@id\":\"https:\/\/fodjan.com\/de\/fodjan-forschungsprojekte\/#primaryimage\"},\"image\":{\"@id\":\"https:\/\/fodjan.com\/de\/fodjan-forschungsprojekte\/#primaryimage\"},\"thumbnailUrl\":\"https:\/\/fodjan.com\/wp-content\/uploads\/2024\/04\/pexels-tara-winstead-8386440-scaled.jpg\",\"datePublished\":\"2024-04-10T07:30:42+00:00\",\"dateModified\":\"2024-04-10T07:36:38+00:00\",\"description\":\"Hier erfahren Sie mehr \u00fcber unsere neusten Entwicklungen, Veranstaltungen und mehr.\",\"breadcrumb\":{\"@id\":\"https:\/\/fodjan.com\/de\/fodjan-forschungsprojekte\/#breadcrumb\"},\"inLanguage\":\"de\",\"potentialAction\":[{\"@type\":\"ReadAction\",\"target\":[\"https:\/\/fodjan.com\/de\/fodjan-forschungsprojekte\/\"]}]},{\"@type\":\"ImageObject\",\"inLanguage\":\"de\",\"@id\":\"https:\/\/fodjan.com\/de\/fodjan-forschungsprojekte\/#primaryimage\",\"url\":\"https:\/\/fodjan.com\/wp-content\/uploads\/2024\/04\/pexels-tara-winstead-8386440-scaled.jpg\",\"contentUrl\":\"https:\/\/fodjan.com\/wp-content\/uploads\/2024\/04\/pexels-tara-winstead-8386440-scaled.jpg\",\"width\":2560,\"height\":1707},{\"@type\":\"BreadcrumbList\",\"@id\":\"https:\/\/fodjan.com\/de\/fodjan-forschungsprojekte\/#breadcrumb\",\"itemListElement\":[{\"@type\":\"ListItem\",\"position\":1,\"name\":\"Home\",\"item\":\"https:\/\/fodjan.com\/de\/\"},{\"@type\":\"ListItem\",\"position\":2,\"name\":\"Forschungsprojekte\"}]},{\"@type\":\"WebSite\",\"@id\":\"https:\/\/fodjan.com\/de\/#website\",\"url\":\"https:\/\/fodjan.com\/de\/\",\"name\":\"fodjan\",\"description\":\"Der digitale Assistent f\u00fcr die F\u00fctterung\",\"publisher\":{\"@id\":\"https:\/\/fodjan.com\/de\/#organization\"},\"alternateName\":\"smart feeding\",\"potentialAction\":[{\"@type\":\"SearchAction\",\"target\":{\"@type\":\"EntryPoint\",\"urlTemplate\":\"https:\/\/fodjan.com\/de\/?s={search_term_string}\"},\"query-input\":{\"@type\":\"PropertyValueSpecification\",\"valueRequired\":true,\"valueName\":\"search_term_string\"}}],\"inLanguage\":\"de\"},{\"@type\":\"Organization\",\"@id\":\"https:\/\/fodjan.com\/de\/#organization\",\"name\":\"fodjan GmbH\",\"alternateName\":\"smart feeding\",\"url\":\"https:\/\/fodjan.com\/de\/\",\"logo\":{\"@type\":\"ImageObject\",\"inLanguage\":\"de\",\"@id\":\"https:\/\/fodjan.com\/de\/#\/schema\/logo\/image\/\",\"url\":\"https:\/\/fodjan.com\/wp-content\/uploads\/2020\/04\/Logo_fodjan_2020.svg\",\"contentUrl\":\"https:\/\/fodjan.com\/wp-content\/uploads\/2020\/04\/Logo_fodjan_2020.svg\",\"width\":5000,\"height\":1500,\"caption\":\"fodjan GmbH\"},\"image\":{\"@id\":\"https:\/\/fodjan.com\/de\/#\/schema\/logo\/image\/\"},\"sameAs\":[\"https:\/\/de-de.facebook.com\/fodjan.de\/\",\"https:\/\/www.linkedin.com\/company\/fodjan-gmbh\",\"https:\/\/www.youtube.com\/channel\/UCKwdzpWq1uy0sblX3_VIKHg\"]}]}<\/script>\n<!-- \/ Yoast SEO plugin. -->","yoast_head_json":{"title":"fodjan smart feeding","description":"Hier erfahren Sie mehr \u00fcber unsere neusten Entwicklungen, Veranstaltungen und mehr.","robots":{"index":"index","follow":"follow","max-snippet":"max-snippet:-1","max-image-preview":"max-image-preview:large","max-video-preview":"max-video-preview:-1"},"canonical":"https:\/\/fodjan.com\/de\/fodjan-forschungsprojekte\/","og_locale":"de_DE","og_type":"article","og_title":"Forschungsprojekte","og_description":"Hier erfahren Sie mehr \u00fcber unsere neusten Entwicklungen, Veranstaltungen und mehr.","og_url":"https:\/\/fodjan.com\/de\/fodjan-forschungsprojekte\/","og_site_name":"fodjan smart feeding","article_publisher":"https:\/\/de-de.facebook.com\/fodjan.de\/","article_modified_time":"2024-04-10T07:36:38+00:00","og_image":[{"width":2560,"height":1707,"url":"https:\/\/fodjan.com\/wp-content\/uploads\/2024\/04\/pexels-tara-winstead-8386440-scaled.jpg","type":"image\/jpeg"}],"twitter_card":"summary_large_image","schema":{"@context":"https:\/\/schema.org","@graph":[{"@type":"WebPage","@id":"https:\/\/fodjan.com\/de\/fodjan-forschungsprojekte\/","url":"https:\/\/fodjan.com\/de\/fodjan-forschungsprojekte\/","name":"Forschungsprojekte","isPartOf":{"@id":"https:\/\/fodjan.com\/de\/#website"},"primaryImageOfPage":{"@id":"https:\/\/fodjan.com\/de\/fodjan-forschungsprojekte\/#primaryimage"},"image":{"@id":"https:\/\/fodjan.com\/de\/fodjan-forschungsprojekte\/#primaryimage"},"thumbnailUrl":"https:\/\/fodjan.com\/wp-content\/uploads\/2024\/04\/pexels-tara-winstead-8386440-scaled.jpg","datePublished":"2024-04-10T07:30:42+00:00","dateModified":"2024-04-10T07:36:38+00:00","description":"Hier erfahren Sie mehr \u00fcber unsere neusten Entwicklungen, Veranstaltungen und mehr.","breadcrumb":{"@id":"https:\/\/fodjan.com\/de\/fodjan-forschungsprojekte\/#breadcrumb"},"inLanguage":"de","potentialAction":[{"@type":"ReadAction","target":["https:\/\/fodjan.com\/de\/fodjan-forschungsprojekte\/"]}]},{"@type":"ImageObject","inLanguage":"de","@id":"https:\/\/fodjan.com\/de\/fodjan-forschungsprojekte\/#primaryimage","url":"https:\/\/fodjan.com\/wp-content\/uploads\/2024\/04\/pexels-tara-winstead-8386440-scaled.jpg","contentUrl":"https:\/\/fodjan.com\/wp-content\/uploads\/2024\/04\/pexels-tara-winstead-8386440-scaled.jpg","width":2560,"height":1707},{"@type":"BreadcrumbList","@id":"https:\/\/fodjan.com\/de\/fodjan-forschungsprojekte\/#breadcrumb","itemListElement":[{"@type":"ListItem","position":1,"name":"Home","item":"https:\/\/fodjan.com\/de\/"},{"@type":"ListItem","position":2,"name":"Forschungsprojekte"}]},{"@type":"WebSite","@id":"https:\/\/fodjan.com\/de\/#website","url":"https:\/\/fodjan.com\/de\/","name":"fodjan","description":"Der digitale Assistent f\u00fcr die F\u00fctterung","publisher":{"@id":"https:\/\/fodjan.com\/de\/#organization"},"alternateName":"smart feeding","potentialAction":[{"@type":"SearchAction","target":{"@type":"EntryPoint","urlTemplate":"https:\/\/fodjan.com\/de\/?s={search_term_string}"},"query-input":{"@type":"PropertyValueSpecification","valueRequired":true,"valueName":"search_term_string"}}],"inLanguage":"de"},{"@type":"Organization","@id":"https:\/\/fodjan.com\/de\/#organization","name":"fodjan GmbH","alternateName":"smart feeding","url":"https:\/\/fodjan.com\/de\/","logo":{"@type":"ImageObject","inLanguage":"de","@id":"https:\/\/fodjan.com\/de\/#\/schema\/logo\/image\/","url":"https:\/\/fodjan.com\/wp-content\/uploads\/2020\/04\/Logo_fodjan_2020.svg","contentUrl":"https:\/\/fodjan.com\/wp-content\/uploads\/2020\/04\/Logo_fodjan_2020.svg","width":5000,"height":1500,"caption":"fodjan GmbH"},"image":{"@id":"https:\/\/fodjan.com\/de\/#\/schema\/logo\/image\/"},"sameAs":["https:\/\/de-de.facebook.com\/fodjan.de\/","https:\/\/www.linkedin.com\/company\/fodjan-gmbh","https:\/\/www.youtube.com\/channel\/UCKwdzpWq1uy0sblX3_VIKHg"]}]}},"_links":{"self":[{"href":"https:\/\/fodjan.com\/de\/wp-json\/wp\/v2\/pages\/14491","targetHints":{"allow":["GET"]}}],"collection":[{"href":"https:\/\/fodjan.com\/de\/wp-json\/wp\/v2\/pages"}],"about":[{"href":"https:\/\/fodjan.com\/de\/wp-json\/wp\/v2\/types\/page"}],"author":[{"embeddable":true,"href":"https:\/\/fodjan.com\/de\/wp-json\/wp\/v2\/users\/3"}],"replies":[{"embeddable":true,"href":"https:\/\/fodjan.com\/de\/wp-json\/wp\/v2\/comments?post=14491"}],"version-history":[{"count":17,"href":"https:\/\/fodjan.com\/de\/wp-json\/wp\/v2\/pages\/14491\/revisions"}],"predecessor-version":[{"id":14514,"href":"https:\/\/fodjan.com\/de\/wp-json\/wp\/v2\/pages\/14491\/revisions\/14514"}],"wp:featuredmedia":[{"embeddable":true,"href":"https:\/\/fodjan.com\/de\/wp-json\/wp\/v2\/media\/14436"}],"wp:attachment":[{"href":"https:\/\/fodjan.com\/de\/wp-json\/wp\/v2\/media?parent=14491"}],"wp:term":[{"taxonomy":"category","embeddable":true,"href":"https:\/\/fodjan.com\/de\/wp-json\/wp\/v2\/categories?post=14491"},{"taxonomy":"post_tag","embeddable":true,"href":"https:\/\/fodjan.com\/de\/wp-json\/wp\/v2\/tags?post=14491"}],"curies":[{"name":"wp","href":"https:\/\/api.w.org\/{rel}","templated":true}]}}