{"id":2842,"date":"2020-07-23T08:13:49","date_gmt":"2020-07-23T06:13:49","guid":{"rendered":"http:\/\/fodjan.net\/?page_id=2842"},"modified":"2022-08-23T15:06:05","modified_gmt":"2022-08-23T13:06:05","slug":"datenschutzerklaerung-app","status":"publish","type":"page","link":"https:\/\/fodjan.com\/de\/datenschutzerklaerung-app\/","title":{"rendered":"Datenschutzerkl\u00e4rung fodjan App"},"content":{"rendered":"\n<div style=\"height:28px\" aria-hidden=\"true\" class=\"wp-block-spacer\"><\/div>\n\n\n\n<h3 class=\"wp-block-heading\">Datenschutzerkl\u00e4rung f\u00fcr die fodjan App<\/h3>\n\n\n\n<div style=\"height:20px\" aria-hidden=\"true\" class=\"wp-block-spacer\"><\/div>\n\n\n\n<p>Die fodjan App (nachfolgend \u201eApp\u201c) wird von der fodjan GmbH, Gro\u00dfenhainer Str. 101 in 01127 Dresden, (nachfolgend \u201ewir\u201c oder \u201euns\u201c) als Verantwortlicher im Sinne der Datenschutz-Grundverordnung (DS-GVO) zur Verf\u00fcgung gestellt. Mit der folgenden Datenschutzinformation m\u00f6chten wir Sie \u00fcber alle Datenverarbeitungen informieren, die bei der Nutzung unserer App durchgef\u00fchrt werden. Wir sind gesetzlich dazu verpflichtet, Sie in transparenter und leicht verst\u00e4ndlicher Form zu informieren, m\u00fcssen aber auch die gesetzlichen Anforderungen an eine vollst\u00e4ndige Datenschutzinformation erf\u00fcllen.<\/p>\n\n\n\n<p>Unsere Datenschutzinformation beschreibt stets den aktuellen technischen Stand unserer App. Aus diesem Grund kann es sein, dass wir einige Teile dieses Textes von Zeit zu Zeit anpassen. Wir empfehlen Ihnen daher, die Datenschutzinformation regelm\u00e4\u00dfig anzusehen.<\/p>\n\n\n\n<h4 class=\"wp-block-heading\">Download der App<\/h4>\n\n\n\n<p>Bei dem Download unserer App werden bestimmte erforderliche Daten an den von Ihnen ausgew\u00e4hlten App Store (z.B. Google Play Store oder Apple App Store) \u00fcbermittelt, insbesondere k\u00f6nnen dabei der Nutzername, die E-Mail-Adresse, der Zeitpunkt des Downloads, Zahlungsinformationen sowie die individuellen Ger\u00e4tekennziffern verarbeitet werden. Auf die Erhebung und Verarbeitung dieser Daten haben wir keinen Einfluss, sie erfolgt vielmehr ausschlie\u00dflich durch den von Ihnen ausgew\u00e4hlten App-Store. Dementsprechend sind wir f\u00fcr diese Erhebung und Verarbeitung nicht verantwortlich; die Verantwortung daf\u00fcr liegt allein bei dem Anbieter des jeweiligen App-Stores.<\/p>\n\n\n\n<h4 class=\"wp-block-heading\">Verarbeitung von Ger\u00e4teinformationen<\/h4>\n\n\n\n<p>Um den vollen Funktionsumfang unserer App nutzen zu k\u00f6nnen, muss Ihrerseits der App die Berechtigung zur Nutzung der Internetverbindung erteilt werden. Bei einem Abrufen und Senden von Informationen von bzw. zur fodjan-Cloudplattform, bedarf es aus technischen Gr\u00fcnden der Verarbeitung einiger Ger\u00e4teinformationen (Zugriffsdaten), einschlie\u00dflich der Speicherung von Informationen auf dem jeweiligen Endger\u00e4t.<\/p>\n\n\n\n<p>Zu den Zugriffsdaten geh\u00f6ren die IP-Adresse, Ger\u00e4te-ID, Ger\u00e4teart, ger\u00e4tespezifische Einstellungen und App-Einstellungen sowie App-Eigenschaften, das Datum und die Uhrzeit des Abrufs, Zeitzone, die \u00fcbertragene Datenmenge und die Meldung, ob der Datenaustausch vollst\u00e4ndig war, Absturz der App, Browserart und Betriebssystem. Diese Zugriffsdaten werden verarbeitet, um Ihnen die jeweiligen Funktionen der App anzubieten und die Stabilit\u00e4t und Sicherheit zu gew\u00e4hrleisten, sodass sie von uns auf der Grundlage von Art. 6 Abs. 1 Satz 1 lit. f) DS-GVO sowie \u00a7 25 Abs. 2 TTDSG verarbeitet werden. Alle Zugriffsdaten werden sp\u00e4testens nach sieben Tagen gel\u00f6scht.<\/p>\n\n\n\n<h4 class=\"wp-block-heading\">Registrierung und Profil<\/h4>\n\n\n\n<p>F\u00fcr die Nutzung der App bedarf es der Registrierung eines Nutzerkontos. Bei der Registrierung werden Informationen zu Ihrer Person und Ihrem Betrieb abgefragt, die zur Nutzung der fodjan App entsprechend dem jeweils aktuellen Funktionsumfang zwingend erforderlich sind (Art. 6 Abs. 1 Satz 1 lit.&nbsp;b) DS-GVO) sowie die auf freiwilliger Basis angegeben werden k\u00f6nnen (Art. 6 Abs. 1 Satz 1 lit. a) DS-GVO). Pflichtangaben im Rahmen der Registrierung sind entsprechend gekennzeichnet und sind f\u00fcr den Abschluss des Nutzungsvertrages zwingend erforderlich. Ohne Angaben dieser personenbezogenen Daten kann keine Nutzung der App erfolgen.<\/p>\n\n\n\n<p>Die Registrierung und Verifizierung von Nutzerkonten erfolgt durch die Angabe einer E-Mail-Adresse und eines Passwortes, welches unsererseits ausschlie\u00dflich in gehashter Form gespeichert wird. Diese Pflichtangaben verwenden wir, um Ihren Login zu authentifizieren und Anfragen zur R\u00fccksetzung des Passwortes nachzugehen. Die von Ihnen im Rahmen der Registrierung oder einer Anmeldung eingegebenen Daten werden von uns verarbeitet und verwendet um:<\/p>\n\n\n\n<ul class=\"wp-block-list\"><li>Ihre Berechtigung zur Verwaltung des Nutzeraccounts zu verifizieren;<\/li><li>die Nutzungsbedingungen der App sowie alle damit verbundenen Rechte und Pflichten durchzusetzen;<\/li><li>mit Ihnen in Kontakt zu treten, um Ihnen technische oder rechtliche Hinweise, Updates, Sicherheitsmeldungen oder andere Nachrichten, die etwa die Verwaltung des Nutzeraccounts betreffen, senden zu k\u00f6nnen.<\/li><\/ul>\n\n\n\n<p>Diese Datenverarbeitung ist dadurch gerechtfertigt, dass die Verarbeitung f\u00fcr die Erf\u00fcllung des Vertrags zwischen Ihnen und uns gem\u00e4\u00df Art. 6 Abs. 1 Satz 1 lit. b) DS-GVO zur Nutzung der App erforderlich ist oder wir ein berechtigtes Interesse daran haben, die Funktionsf\u00e4higkeit und den fehlerfreien Betrieb der App zu gew\u00e4hrleisten, das diesbez\u00fcglich Ihre Rechte und Interessen am Schutz Ihrer personenbezogenen Daten im Sinne von Art. 6 Abs. 1 Satz 1 lit. f) DS-GVO \u00fcberwiegen.<\/p>\n\n\n\n<p>Die L\u00f6schung Ihrer Daten zur Erbringung vertraglicher Leistungen erfolgt nach Ablauf gesetzlicher Gew\u00e4hrleistungs- und vergleichbarer Pflichten. Im Fall der gesetzlichen Archivierungspflichten erfolgt die L\u00f6schung nach deren Ablauf (Ende handelsrechtlicher (sechs Jahre) und steuerrechtlicher (zehn Jahre) Aufbewahrungspflicht). Die Rechnungen innerhalb der App verbleiben dort bis zu deren L\u00f6schung. Freiwillig angegebene Informationen k\u00f6nnen durch Sie als Nutzer jederzeit eigenst\u00e4ndig gel\u00f6scht werden.<\/p>\n\n\n\n<h4 class=\"wp-block-heading\">Kontaktformular<\/h4>\n\n\n\n<p>Bei der Nutzung des Kontaktformulars verarbeiten wir zur Kl\u00e4rung Ihres Anliegens die durch Sie angegebenen personenbezogenen Daten, insbesondere den Namen, die E-Mail-Adresse sowie Ihr ge\u00e4u\u00dfertes Anliegen. Die Bearbeitung Ihres Anliegens erfolgt, um unseren Verpflichtungen aus dem Nutzungsverh\u00e4ltnis der fodjan App nachzukommen (Art. 6 Abs. 1 Satz 1 lit. b) DS-GVO) beziehungsweise um in Ihrem und unserem Interesse schnellstm\u00f6glich zielf\u00fchrende Unterst\u00fctzung anbieten zu k\u00f6nnen (Art. 6 Abs. 1 Satz 1 lit. f) DS-GVO).<\/p>\n\n\n\n<p>Die von Ihnen bereitgestellten personenbezogenen Daten werden durch uns vertraulich behandelt, dienen aus-schlie\u00dflich der Bearbeitung Ihres Anliegens und werden nicht an Ditte weitergegeben, es sei denn, dies ist im Einzelfall aufgrund der Art Ihres Anliegens erforderlich. Die L\u00f6schung der personenbezogenen Daten erfolgt nach abschlie\u00dfender Kl\u00e4rung Ihres Anliegens oder aufgrund eines Widerspruchs durch Sie. Die hier dargestellten L\u00f6schfristen gelten nur dann, insoweit keine gesetzlichen Aufbewahrungsfristen einer L\u00f6schung entgegenstehen.<\/p>\n\n\n\n<h4 class=\"wp-block-heading\">Einsatz von Tracking und Drittanbietern<\/h4>\n\n\n\n<p>Nat\u00fcrlich ist es unser Ziel, die App m\u00f6glichst fehlerfrei und komfortabel zur Verf\u00fcgung zu stellen. Um Abst\u00fcrze und Fehler auswerten zu k\u00f6nnen, ist es notwendig, dass wir Fehler-Reports anfertigen und nutzen. Uns ist bewusst, dass ein solches Tracking mit einer hohen Verantwortung einhergeht. Aus diesem Grund haben wir das Verfahren der App so datensparsam wie m\u00f6glich eingerichtet. Wir nutzen dabei folgende Dienste:<\/p>\n\n\n\n<h5 class=\"wp-block-heading\">Firebase<\/h5>\n\n\n\n<p>Bei Firebase handelt es sich um eine Entwicklungsplattform von Google, welche eine Reihe von Funktionalit\u00e4ten bereitstellt, die zum technisch einwandfreien Betrieb der App zwingend erforderlich sind bzw. die zum fehlerfreien zur-Verf\u00fcgung-stellen der App ben\u00f6tigt werden (Art. 6 Abs. 1 Satz 1 lit. b), f) DS-GVO, \u00a7 25 Abs. 2 TTDSG) oder die wir auf Grundlage Ihrer Einwilligung zur Fehleranalyse und Optimierung der App einsetzen (Art. 6 Abs. 1 Satz 1 lit. a) DS-GVO, \u00a7 25 Abs. 1 TTDSG). Dabei handelt es sich um folgende Funktionalit\u00e4ten:<\/p>\n\n\n\n<ul class=\"wp-block-list\"><li>Firebase Cloud Messaging: Mithilfe dieses Dienstes kann unter Nutzung von Firebase-Installations-IDs bestimmt werden, an welche Endger\u00e4te bestimmte Nachrichten \u00fcbermittelt werden sollen. Die hierbei verarbeiteten personenbezogenen Daten werden innerhalb von 180 Tagen von Live- und Backup-Systemen gel\u00f6scht. Die Nutzung erfolgt auf Grundlage Ihrer Einwilligung.<\/li><\/ul>\n\n\n\n<ul class=\"wp-block-list\"><li>Firebase Crashlytics: Dieser Dienst verwendet Ger\u00e4te- und Appinformationen (z.B. Crashlytics-Installations-UUIDs, Absturzspuren, Breakpad-Minidump-formatierte Daten) um technische Informationen \u00fcber Abst\u00fcrze zu sammeln und darzustellen, wie viele Nutzende von einem Absturz betroffen sind. Eine Speicherung der Informationen erfolgt f\u00fcr bis zu 90 Tage. Die Nutzung erfolgt auf Grundlage Ihrer Einwilligung.<\/li><\/ul>\n\n\n\n<ul class=\"wp-block-list\"><li>Firebase-Leistungs\u00fcberwachung: Die Leistungs\u00fcberwachung verwendet Firebase-Installations-IDs, um die Anzahl eindeutiger Firebase-Installationen zu berechnen, die auf Netzwerkressourcen zugreifen, um sicherzustellen, dass Zugriffsmuster ausreichend anonym sind. Es verwendet auch Firebase-Installations-IDs mit Firebase Remote Configuration, um die Rate der Leistungsereignisberichte zu verwalten. Dar\u00fcber hinaus verwendet es IP-Adressen, um Leistungsereignisse den L\u00e4ndern zuzuordnen, aus denen sie stammen. Installations- und IP-bezogene Ereignisse werden f\u00fcr 30 Tage aufbewahrt, eine L\u00f6schung von anonymisierten Leistungsdaten erfolgt nach 90 Tagen. Die Nutzung erfolgt auf Grundlage Ihrer Einwilligung.<\/li><\/ul>\n\n\n\n<ul class=\"wp-block-list\"><li>Firebase Remote Configuration: Dieser Dienst verwendet die Firebase-Installation-IDs zur Auswahl von Konfigurationswerten, welche an die Ger\u00e4te der Nutzenden zur\u00fcckgegeben werden. Eine Speicherung der Informationen erfolgt f\u00fcr bis zu 180 Tage. Die Nutzung ist zur Bereitstellung der App technisch erforderlich.<\/li><\/ul>\n\n\n\n<ul class=\"wp-block-list\"><li>Google Analytics for Firebase: Dieser Dienst erfasst folgende Datentypen: Anzahl der Nutzer und Sitzungen, Sitzungsdauer, Betriebssysteme, Ger\u00e4temodelle, Region, Erstmalige Starts, App-Ausf\u00fchrungen, App-Updates, In-App-K\u00e4ufe. Diese Daten werden zum Teil mit den auf den Ger\u00e4ten gespeicherten Werbe-IDs verkn\u00fcpft und verwendet, um Analyse und Zuordnungsinformationen bereitzustellen. Eine Speicherung der Informationen erfolgt f\u00fcr zwei bis 14 Monate. Die Nutzung erfolgt auf Grundlage Ihrer Einwilligung.<\/li><\/ul>\n\n\n\n<p>Unter Ber\u00fccksichtigung verschiedener Funktions- und Sicherheitsaspekte sowie bestehender Risiken bei der \u00dcbermittlung von personenbezogenen Daten in datenschutzrechtliche Drittl\u00e4nder, haben wir uns f\u00fcr Firebase von Google, einem weltweit agierenden Unternehmen, entschieden. Da das Datenschutzniveau in anderen Teilen der Welt nicht dem von der Europ\u00e4ischen Union oder Deutschland entspricht, haben wir mit <a href=\"https:\/\/www.google.de\/contact\/impressum.html\">Google<\/a> datenschutzrechtliche Vertr\u00e4ge (Vertrag zur Auftragsverarbeitung, Standardvertragsklauseln (Art. 46 Abs. 2 lit. c DS-GVO)) geschlossen. Dar\u00fcber hinaus achten wir in der Entwicklung der App auf einen datensparsamen Betrieb und nehmen Daten\u00fcbermittlungen ausschlie\u00dflich vor, wenn es zwingend erforderlich ist. Weitere Informationen \u00fcber die Datenverarbeitungen durch Google Firebase erhalten Sie <a href=\"https:\/\/firebase.google.com\/support\/privacy\">hier<\/a>.<\/p>\n\n\n\n<h4 class=\"wp-block-heading\">Betroffenenrechte und Kontakt zum Datenschutzbeauftragten<\/h4>\n\n\n\n<p>Betroffene k\u00f6nnen jederzeit Auskunft \u00fcber die sie betreffenden personenbezogenen Daten sowie gegebenenfalls Berichtigung oder L\u00f6schung beziehungsweise Einschr\u00e4nkung der Verarbeitung verlangen oder einer Verarbeitung widersprechen. Au\u00dferdem besteht zu ihren Gunsten ein Recht auf Daten\u00fcbertragbarkeit. Dar\u00fcber hinaus kann, sofern die Datenverarbeitung aufgrund einer Einwilligung durchgef\u00fchrt wird, diese jederzeit f\u00fcr die Zukunft widerrufen werden. Zur Aus\u00fcbung Ihrer Rechte steht Ihnen unser Datenschutzbeauftragter unter <a href=\"mailto:datenschutz@fodjan.de\">datenschutz@fodjan.de<\/a> zur Verf\u00fcgung.<\/p>\n\n\n\n<p>Dar\u00fcber hinaus haben Sie gem\u00e4\u00df Art. 77 DS-GVO ein Recht auf Beschwerde bei einer Datenschutzaufsichtsbeh\u00f6rde, wenn vermutet wird, dass die Verarbeitung der personenbezogenen Daten rechtswidrig erfolgt.<\/p>\n\n\n\n<div style=\"height:80px\" aria-hidden=\"true\" class=\"wp-block-spacer\"><\/div>\n","protected":false},"excerpt":{"rendered":"<p>Datenschutzerkl\u00e4rung f\u00fcr die fodjan App Die fodjan App (nachfolgend \u201eApp\u201c) wird von der fodjan GmbH, Gro\u00dfenhainer Str. 101 in 01127 [&hellip;]<\/p>\n","protected":false},"author":3,"featured_media":0,"parent":0,"menu_order":0,"comment_status":"closed","ping_status":"closed","template":"","meta":{"_acf_changed":false,"inline_featured_image":false,"footnotes":""},"categories":[],"tags":[281],"class_list":["post-2842","page","type-page","status-publish","hentry","tag-rechtliches-nicht-ueber-nav-erreichbar"],"acf":[],"yoast_head":"<!-- This site is optimized with the Yoast SEO plugin v26.8 - https:\/\/yoast.com\/product\/yoast-seo-wordpress\/ -->\n<title>fodjan smart feeding<\/title>\n<meta name=\"description\" content=\"Der Schutz Ihrer Daten liegt uns besonders am Herzen. Deswegen setzen wir auf h\u00f6chste Standards. Mehr Infos zum Datenschutz in der fodjan App, finden Sie hier.\" \/>\n<meta name=\"robots\" content=\"noindex, nofollow\" \/>\n<meta property=\"og:locale\" content=\"de_DE\" \/>\n<meta property=\"og:type\" content=\"article\" \/>\n<meta property=\"og:title\" content=\"Datenschutzerkl\u00e4rung fodjan App\" \/>\n<meta property=\"og:description\" content=\"Der Schutz Ihrer Daten liegt uns besonders am Herzen. Deswegen setzen wir auf h\u00f6chste Standards. Mehr Infos zum Datenschutz in der fodjan App, finden Sie hier.\" \/>\n<meta property=\"og:url\" content=\"https:\/\/fodjan.com\/de\/datenschutzerklaerung-app\/\" \/>\n<meta property=\"og:site_name\" content=\"fodjan smart feeding\" \/>\n<meta property=\"article:publisher\" content=\"https:\/\/de-de.facebook.com\/fodjan.de\/\" \/>\n<meta property=\"article:modified_time\" content=\"2022-08-23T13:06:05+00:00\" \/>\n<meta property=\"og:image\" content=\"https:\/\/fodjan.com\/wp-content\/uploads\/2020\/05\/fodjan_App.jpg\" \/>\n\t<meta property=\"og:image:width\" content=\"1920\" \/>\n\t<meta property=\"og:image:height\" content=\"1280\" \/>\n\t<meta property=\"og:image:type\" content=\"image\/jpeg\" \/>\n<meta name=\"twitter:card\" content=\"summary_large_image\" \/>\n<script type=\"application\/ld+json\" class=\"yoast-schema-graph\">{\"@context\":\"https:\/\/schema.org\",\"@graph\":[{\"@type\":\"WebPage\",\"@id\":\"https:\/\/fodjan.com\/de\/datenschutzerklaerung-app\/\",\"url\":\"https:\/\/fodjan.com\/de\/datenschutzerklaerung-app\/\",\"name\":\"Datenschutzerkl\u00e4rung fodjan App\",\"isPartOf\":{\"@id\":\"https:\/\/fodjan.com\/de\/#website\"},\"datePublished\":\"2020-07-23T06:13:49+00:00\",\"dateModified\":\"2022-08-23T13:06:05+00:00\",\"description\":\"Der Schutz Ihrer Daten liegt uns besonders am Herzen. Deswegen setzen wir auf h\u00f6chste Standards. Mehr Infos zum Datenschutz in der fodjan App, finden Sie hier.\",\"breadcrumb\":{\"@id\":\"https:\/\/fodjan.com\/de\/datenschutzerklaerung-app\/#breadcrumb\"},\"inLanguage\":\"de\",\"potentialAction\":[{\"@type\":\"ReadAction\",\"target\":[\"https:\/\/fodjan.com\/de\/datenschutzerklaerung-app\/\"]}]},{\"@type\":\"BreadcrumbList\",\"@id\":\"https:\/\/fodjan.com\/de\/datenschutzerklaerung-app\/#breadcrumb\",\"itemListElement\":[{\"@type\":\"ListItem\",\"position\":1,\"name\":\"Home\",\"item\":\"https:\/\/fodjan.com\/de\/\"},{\"@type\":\"ListItem\",\"position\":2,\"name\":\"Datenschutzerkl\u00e4rung fodjan App\"}]},{\"@type\":\"WebSite\",\"@id\":\"https:\/\/fodjan.com\/de\/#website\",\"url\":\"https:\/\/fodjan.com\/de\/\",\"name\":\"fodjan\",\"description\":\"Der digitale Assistent f\u00fcr die F\u00fctterung\",\"publisher\":{\"@id\":\"https:\/\/fodjan.com\/de\/#organization\"},\"alternateName\":\"smart feeding\",\"potentialAction\":[{\"@type\":\"SearchAction\",\"target\":{\"@type\":\"EntryPoint\",\"urlTemplate\":\"https:\/\/fodjan.com\/de\/?s={search_term_string}\"},\"query-input\":{\"@type\":\"PropertyValueSpecification\",\"valueRequired\":true,\"valueName\":\"search_term_string\"}}],\"inLanguage\":\"de\"},{\"@type\":\"Organization\",\"@id\":\"https:\/\/fodjan.com\/de\/#organization\",\"name\":\"fodjan GmbH\",\"alternateName\":\"smart feeding\",\"url\":\"https:\/\/fodjan.com\/de\/\",\"logo\":{\"@type\":\"ImageObject\",\"inLanguage\":\"de\",\"@id\":\"https:\/\/fodjan.com\/de\/#\/schema\/logo\/image\/\",\"url\":\"https:\/\/fodjan.com\/wp-content\/uploads\/2020\/04\/Logo_fodjan_2020.svg\",\"contentUrl\":\"https:\/\/fodjan.com\/wp-content\/uploads\/2020\/04\/Logo_fodjan_2020.svg\",\"width\":5000,\"height\":1500,\"caption\":\"fodjan GmbH\"},\"image\":{\"@id\":\"https:\/\/fodjan.com\/de\/#\/schema\/logo\/image\/\"},\"sameAs\":[\"https:\/\/de-de.facebook.com\/fodjan.de\/\",\"https:\/\/www.linkedin.com\/company\/fodjan-gmbh\",\"https:\/\/www.youtube.com\/channel\/UCKwdzpWq1uy0sblX3_VIKHg\"]}]}<\/script>\n<!-- \/ Yoast SEO plugin. -->","yoast_head_json":{"title":"fodjan smart feeding","description":"Der Schutz Ihrer Daten liegt uns besonders am Herzen. Deswegen setzen wir auf h\u00f6chste Standards. Mehr Infos zum Datenschutz in der fodjan App, finden Sie hier.","robots":{"index":"noindex","follow":"nofollow"},"og_locale":"de_DE","og_type":"article","og_title":"Datenschutzerkl\u00e4rung fodjan App","og_description":"Der Schutz Ihrer Daten liegt uns besonders am Herzen. Deswegen setzen wir auf h\u00f6chste Standards. Mehr Infos zum Datenschutz in der fodjan App, finden Sie hier.","og_url":"https:\/\/fodjan.com\/de\/datenschutzerklaerung-app\/","og_site_name":"fodjan smart feeding","article_publisher":"https:\/\/de-de.facebook.com\/fodjan.de\/","article_modified_time":"2022-08-23T13:06:05+00:00","og_image":[{"width":1920,"height":1280,"url":"https:\/\/fodjan.com\/wp-content\/uploads\/2020\/05\/fodjan_App.jpg","type":"image\/jpeg"}],"twitter_card":"summary_large_image","schema":{"@context":"https:\/\/schema.org","@graph":[{"@type":"WebPage","@id":"https:\/\/fodjan.com\/de\/datenschutzerklaerung-app\/","url":"https:\/\/fodjan.com\/de\/datenschutzerklaerung-app\/","name":"Datenschutzerkl\u00e4rung fodjan App","isPartOf":{"@id":"https:\/\/fodjan.com\/de\/#website"},"datePublished":"2020-07-23T06:13:49+00:00","dateModified":"2022-08-23T13:06:05+00:00","description":"Der Schutz Ihrer Daten liegt uns besonders am Herzen. Deswegen setzen wir auf h\u00f6chste Standards. Mehr Infos zum Datenschutz in der fodjan App, finden Sie hier.","breadcrumb":{"@id":"https:\/\/fodjan.com\/de\/datenschutzerklaerung-app\/#breadcrumb"},"inLanguage":"de","potentialAction":[{"@type":"ReadAction","target":["https:\/\/fodjan.com\/de\/datenschutzerklaerung-app\/"]}]},{"@type":"BreadcrumbList","@id":"https:\/\/fodjan.com\/de\/datenschutzerklaerung-app\/#breadcrumb","itemListElement":[{"@type":"ListItem","position":1,"name":"Home","item":"https:\/\/fodjan.com\/de\/"},{"@type":"ListItem","position":2,"name":"Datenschutzerkl\u00e4rung fodjan App"}]},{"@type":"WebSite","@id":"https:\/\/fodjan.com\/de\/#website","url":"https:\/\/fodjan.com\/de\/","name":"fodjan","description":"Der digitale Assistent f\u00fcr die F\u00fctterung","publisher":{"@id":"https:\/\/fodjan.com\/de\/#organization"},"alternateName":"smart feeding","potentialAction":[{"@type":"SearchAction","target":{"@type":"EntryPoint","urlTemplate":"https:\/\/fodjan.com\/de\/?s={search_term_string}"},"query-input":{"@type":"PropertyValueSpecification","valueRequired":true,"valueName":"search_term_string"}}],"inLanguage":"de"},{"@type":"Organization","@id":"https:\/\/fodjan.com\/de\/#organization","name":"fodjan GmbH","alternateName":"smart feeding","url":"https:\/\/fodjan.com\/de\/","logo":{"@type":"ImageObject","inLanguage":"de","@id":"https:\/\/fodjan.com\/de\/#\/schema\/logo\/image\/","url":"https:\/\/fodjan.com\/wp-content\/uploads\/2020\/04\/Logo_fodjan_2020.svg","contentUrl":"https:\/\/fodjan.com\/wp-content\/uploads\/2020\/04\/Logo_fodjan_2020.svg","width":5000,"height":1500,"caption":"fodjan GmbH"},"image":{"@id":"https:\/\/fodjan.com\/de\/#\/schema\/logo\/image\/"},"sameAs":["https:\/\/de-de.facebook.com\/fodjan.de\/","https:\/\/www.linkedin.com\/company\/fodjan-gmbh","https:\/\/www.youtube.com\/channel\/UCKwdzpWq1uy0sblX3_VIKHg"]}]}},"_links":{"self":[{"href":"https:\/\/fodjan.com\/de\/wp-json\/wp\/v2\/pages\/2842","targetHints":{"allow":["GET"]}}],"collection":[{"href":"https:\/\/fodjan.com\/de\/wp-json\/wp\/v2\/pages"}],"about":[{"href":"https:\/\/fodjan.com\/de\/wp-json\/wp\/v2\/types\/page"}],"author":[{"embeddable":true,"href":"https:\/\/fodjan.com\/de\/wp-json\/wp\/v2\/users\/3"}],"replies":[{"embeddable":true,"href":"https:\/\/fodjan.com\/de\/wp-json\/wp\/v2\/comments?post=2842"}],"version-history":[{"count":5,"href":"https:\/\/fodjan.com\/de\/wp-json\/wp\/v2\/pages\/2842\/revisions"}],"predecessor-version":[{"id":11235,"href":"https:\/\/fodjan.com\/de\/wp-json\/wp\/v2\/pages\/2842\/revisions\/11235"}],"wp:attachment":[{"href":"https:\/\/fodjan.com\/de\/wp-json\/wp\/v2\/media?parent=2842"}],"wp:term":[{"taxonomy":"category","embeddable":true,"href":"https:\/\/fodjan.com\/de\/wp-json\/wp\/v2\/categories?post=2842"},{"taxonomy":"post_tag","embeddable":true,"href":"https:\/\/fodjan.com\/de\/wp-json\/wp\/v2\/tags?post=2842"}],"curies":[{"name":"wp","href":"https:\/\/api.w.org\/{rel}","templated":true}]}}