{"id":308,"date":"2020-04-10T17:48:09","date_gmt":"2020-04-10T15:48:09","guid":{"rendered":"http:\/\/fodjan.net\/?page_id=308"},"modified":"2022-08-29T14:29:44","modified_gmt":"2022-08-29T12:29:44","slug":"fodjan-in-den-medien","status":"publish","type":"page","link":"https:\/\/fodjan.com\/de\/fodjan-in-den-medien\/","title":{"rendered":"fodjan in den Medien"},"content":{"rendered":"\n<div style=\"height:37px\" aria-hidden=\"true\" class=\"wp-block-spacer\"><\/div>\n\n\n\n<h2 class=\"wp-block-heading\">Pressestimmen<\/h2>\n\n\n\n<div style=\"height:54px\" aria-hidden=\"true\" class=\"wp-block-spacer\"><\/div>\n\n\n\n<div class=\"wp-block-columns are-vertically-aligned-top is-layout-flex wp-container-core-columns-is-layout-9d6595d7 wp-block-columns-is-layout-flex\">\n<div class=\"wp-block-column is-vertically-aligned-top is-layout-flow wp-block-column-is-layout-flow\"><div class=\"wp-block-image\">\n<figure class=\"alignleft size-large is-resized\"><img loading=\"lazy\" decoding=\"async\" src=\"https:\/\/fodjan.com\/wp-content\/uploads\/2020\/04\/agrarheute_4c.png\" alt=\"agrarheute\" class=\"wp-image-765\" width=\"231\" height=\"41\"\/><\/figure>\n<\/div>\n\n\n<div style=\"height:20px\" aria-hidden=\"true\" class=\"wp-block-spacer\"><\/div>\n\n\n\n<p class=\"has-text-align-left\">\u201eDer Futterchecker: Mit fodjan lassen sich Rationen gestalten und Daten zwischen Landwirt und Berater einfach austauschen. Das F\u00fctterungsmanagement kann so f\u00fcr alle Mitarbeiter transparenter gestaltet werden.\u201c<\/p>\n\n\n\n<div style=\"height:20px\" aria-hidden=\"true\" class=\"wp-block-spacer editorskit-no-desktop editorskit-no-tablet\"><\/div>\n\n\n\n<div class=\"wp-block-buttons is-layout-flex wp-block-buttons-is-layout-flex\">\n<div class=\"wp-block-button\"><a class=\"wp-block-button__link has-primary-background-color has-background\" href=\"\/wp-content\/uploads\/2020\/08\/agrarheute_fodjan.pdf\" style=\"border-radius:6px\" target=\"_blank\" rel=\"noreferrer noopener\">Zum Artikel<\/a><\/div>\n<\/div>\n\n\n\n<div style=\"height:50px\" aria-hidden=\"true\" class=\"wp-block-spacer editorskit-no-desktop editorskit-no-tablet\"><\/div>\n<\/div>\n\n\n\n<div class=\"wp-block-column is-vertically-aligned-top is-layout-flow wp-block-column-is-layout-flow\"><div class=\"wp-block-image\">\n<figure class=\"alignleft size-large is-resized\"><img loading=\"lazy\" decoding=\"async\" src=\"https:\/\/fodjan.com\/wp-content\/uploads\/2020\/04\/LuF_4c_60c100y.png\" alt=\"\" class=\"wp-image-767\" width=\"197\" height=\"57\"\/><\/figure>\n<\/div>\n\n\n<p><\/p>\n\n\n\n<div style=\"height:20px\" aria-hidden=\"true\" class=\"wp-block-spacer\"><\/div>\n\n\n\n<p>\u201eDie Darstellung des gesamten L\u00f6sungsraums an F\u00fctterungsm\u00f6glichkeiten macht die Software auch f\u00fcr Berater, Futterh\u00e4ndler und Tier\u00e4rzte zu einem attraktiven Tool f\u00fcr den t\u00e4glichen Einsatz.\u201c<\/p>\n\n\n\n<div style=\"height:20px\" aria-hidden=\"true\" class=\"wp-block-spacer editorskit-no-desktop editorskit-no-tablet\"><\/div>\n\n\n\n<div class=\"wp-block-buttons is-layout-flex wp-block-buttons-is-layout-flex\">\n<div class=\"wp-block-button\"><a class=\"wp-block-button__link has-primary-background-color has-background\" href=\"\/wp-content\/uploads\/2020\/08\/1602_Land_u_Forst.pdf\" style=\"border-radius:6px\" target=\"_blank\" rel=\"noreferrer noopener\">Zum Artikel<\/a><\/div>\n<\/div>\n\n\n\n<div style=\"height:50px\" aria-hidden=\"true\" class=\"wp-block-spacer editorskit-no-desktop editorskit-no-tablet\"><\/div>\n<\/div>\n\n\n\n<div class=\"wp-block-column is-vertically-aligned-top is-layout-flow wp-block-column-is-layout-flow\"><div class=\"wp-block-image\">\n<figure class=\"alignleft size-large\"><img loading=\"lazy\" decoding=\"async\" width=\"126\" height=\"60\" src=\"https:\/\/fodjan.com\/wp-content\/uploads\/2020\/04\/1200px-Profi_Logo07_RGB-e1596121243324.png\" alt=\"\" class=\"wp-image-764\"\/><\/figure>\n<\/div>\n\n\n<p><\/p>\n\n\n\n<div style=\"height:20px\" aria-hidden=\"true\" class=\"wp-block-spacer\"><\/div>\n\n\n\n<p>\u201efodjan hilft, ohne viel Rumrechnen und Ausprobieren f\u00fcr jede Leistungsgruppe im Stall eine gesunde und dennoch kosteng\u00fcnstige Ration zu planen.\u201c<\/p>\n\n\n\n<div style=\"height:20px\" aria-hidden=\"true\" class=\"wp-block-spacer editorskit-no-desktop editorskit-no-tablet\"><\/div>\n\n\n\n<div class=\"wp-block-buttons is-layout-flex wp-block-buttons-is-layout-flex\">\n<div class=\"wp-block-button\"><a class=\"wp-block-button__link has-primary-background-color has-background\" href=\"\/wp-content\/uploads\/2020\/08\/1603_profi_0316-Fodjan.pdf\" style=\"border-radius:6px\" target=\"_blank\" rel=\"noreferrer noopener\">Zum Artikel<\/a><\/div>\n<\/div>\n<\/div>\n<\/div>\n\n\n\n<div style=\"height:100px\" aria-hidden=\"true\" class=\"wp-block-spacer\"><\/div>\n\n\n\n<div class=\"wp-block-group wide-area has-background\" style=\"background-color:#f6f6f6\"><div class=\"wp-block-group__inner-container is-layout-flow wp-block-group-is-layout-flow\">\n<div class=\"wp-block-group container center-me\"><div class=\"wp-block-group__inner-container is-layout-flow wp-block-group-is-layout-flow\">\n<div style=\"height:126px\" aria-hidden=\"true\" class=\"wp-block-spacer editorskit-no-mobile\"><\/div>\n\n\n\n<div style=\"height:49px\" aria-hidden=\"true\" class=\"wp-block-spacer editorskit-no-desktop editorskit-no-tablet\"><\/div>\n\n\n\n<h2 class=\"has-mobile-text-align-center has-dark-gray-color has-text-color wp-block-heading\">Alle Artikel und Beitr\u00e4ge \u00fcber fodjan<\/h2>\n\n\n\n<div style=\"height:28px\" aria-hidden=\"true\" class=\"wp-block-spacer\"><\/div>\n\n\n<div class='press-items'><div class='wp-block-columns'><div class=\"wp-block-column is-vertically-aligned-center\" style=\"flex-basis:25%\">\n         <div class=\"wp-block-image\"><figure class=\"aligncenter size-large\"><img decoding=\"async\" src=\"https:\/\/fodjan.com\/wp-content\/uploads\/2023\/07\/Milchpraxis_500x300px.jpg\" alt=\"\" class=\"wp-image-766\"><\/figure><\/div>\n      <\/div><div class=\"wp-block-column is-vertically-aligned-center\" style=\"flex-basis:50%\">\n      <p><strong>Herstellerunabh\u00e4ngige kostenlose Sch\u00fcttelbox-App<\/strong><\/p>     \n      <p><!-- wp:paragraph -->\n<p>Die Milchpraxis berichtete \u00fcber die Ver\u00f6ffentlichung unseres neuen Sch\u00fcttelbox-Logbuchs in der fodjan App, welche im Rahmen unseres s\u00e4chsischen Projekts <a href=\"https:\/\/fodjan.com\/de\/feed-4-0-projekt-fuer-digitalen-futtermittelhandel-im-milchviehbereich\/\">Feed 4.0<\/a> gebaut wurde.<\/p>\n<!-- \/wp:paragraph --><\/p>\n      <\/div><div class=\"wp-block-column is-vertically-aligned-center\" style=\"flex-basis:25%\">\n      <div class=\"wp-block-buttons\">\n      <div class=\"wp-block-button\"><a href=\"https:\/\/fodjan.com\/de\/fodjan-app-news-schuettelbox-logbuch\/\" class=\"wp-block-button__link has-background\" style=\"background-color:#46c284;border-radius:7px\">Zum Artikel<\/a><\/div>\n      <\/div>\n      <\/div><\/div><hr class=\"wp-block-separator is-style-wide\"><div class='wp-block-columns'><div class=\"wp-block-column is-vertically-aligned-center\" style=\"flex-basis:25%\">\n         <div class=\"wp-block-image\"><figure class=\"aligncenter size-large\"><img decoding=\"async\" src=\"https:\/\/fodjan.com\/wp-content\/uploads\/2020\/04\/1200px-Profi_Logo07_RGB-e1596121243324.png\" alt=\"\" class=\"wp-image-766\"><\/figure><\/div>\n      <\/div><div class=\"wp-block-column is-vertically-aligned-center\" style=\"flex-basis:50%\">\n      <p><strong>F\u00fctterungscontrolling in der Cloud: fodjan smart feeding<\/strong><\/p>     \n      <p><!-- wp:paragraph -->\n<p>Die profi-Redaktion war mit uns auf einem Betrieb, der schon jetzt die Futtermischtechnikschnittstelle und die fodjan App zur Dokumentation der F\u00fctterung nutzt und zeigt Funktionsweise und Chancen der Verkn\u00fcpfung auf.<\/p>\n<!-- \/wp:paragraph --><\/p>\n      <\/div><div class=\"wp-block-column is-vertically-aligned-center\" style=\"flex-basis:25%\">\n      <div class=\"wp-block-buttons\">\n      <div class=\"wp-block-button\"><a href=\"https:\/\/wordpress.fodjan.com\/wp-content\/uploads\/2021\/07\/profi_2108_fodjan.pdf\" class=\"wp-block-button__link has-background\" style=\"background-color:#46c284;border-radius:7px\">Zum Artikel<\/a><\/div>\n      <\/div>\n      <\/div><\/div><hr class=\"wp-block-separator is-style-wide\"><div class='wp-block-columns'><div class=\"wp-block-column is-vertically-aligned-center\" style=\"flex-basis:25%\">\n         <div class=\"wp-block-image\"><figure class=\"aligncenter size-large\"><img decoding=\"async\" src=\"https:\/\/fodjan.com\/wp-content\/uploads\/2020\/07\/agrar_presseportal_300300300_1.png\" alt=\"\" class=\"wp-image-766\"><\/figure><\/div>\n      <\/div><div class=\"wp-block-column is-vertically-aligned-center\" style=\"flex-basis:50%\">\n      <p><strong>Schweinemast: Mikroalgen kommen auf die Speisekarte<\/strong><\/p>     \n      <p><!-- wp:paragraph -->\n<p>Erfahren Sie mehr \u00fcber das Projekt AlgaPork, in dem wir zusammen mit Partnern wie Gicon und Agraset Naundorf eine neue Art der Schweinef\u00fctterung weiterentwickeln.<\/p>\n<!-- \/wp:paragraph --><\/p>\n      <\/div><div class=\"wp-block-column is-vertically-aligned-center\" style=\"flex-basis:25%\">\n      <div class=\"wp-block-buttons\">\n      <div class=\"wp-block-button\"><a href=\"https:\/\/www.agrar-presseportal.de\/nachrichten\/schweinemast-mikroalgen-kommen-auf-speisekarte_article28134.html\" class=\"wp-block-button__link has-background\" style=\"background-color:#46c284;border-radius:7px\">Zum Artikel<\/a><\/div>\n      <\/div>\n      <\/div><\/div><div style=\"height:28px\" aria-hidden=\"true\" class=\"wp-block-spacer\"><\/div><\/div><div class=\"wp-block-buttons\">\n      <div class=\"wp-block-button\"><a class=\"wp-block-button__link has-text-color has-very-light-gray-color has-background press-loadmore fodjan-button\" href=\"#\" style=\"border-radius:7px\" rel=\"\">Mehr anzeigen<\/a><\/div>\n\n         <div class=\"spinner-border text-secondary press-loader\" role=\"status\">\n            <span class=\"sr-only\">Loading&#8230;<\/span>\n         <\/div>\n      <\/div>\n   <\/div><script type=\"text\/javascript\">\n   jQuery(function($) {\n      \n\n      \n   var lang = \"de\";var buttonText = \"Zum Artikel\";\n      var presspage = 1;\n      $(\".press-loader\").hide();\n      $(\".press-loadmore\").click(function(e) {\n         e.preventDefault();\n         if ($(\".press-loadmore\").hasClass(\"disabled\")) return;\n\n         presspage++;\n         $(\".press-loadmore\").addClass(\"disabled\", true);\n         $(\".press-loader\").show();\n         $.getJSON(\"\/wp-json\/wp\/v2\/pressestimm?page=\" + presspage + \"&per_page=3&lang=\" + lang, function(data) {\n            data.forEach(function(item) {\n               var hr = $(`<hr class=\"wp-block-separator is-style-wide\">`);\n               var block = $(`<div class='wp-block-columns'>`);                     \n               block.append(`<div class=\"wp-block-column is-vertically-aligned-center\" style=\"flex-basis:25%\">\n                  <div class=\"wp-block-image\"><figure class=\"aligncenter size-large\"><img decoding=\"async\" src=\"${item.image}\" alt=\"\" class=\"wp-image-766\"><\/figure><\/div>\n                  <\/div>`);\n               block.append(`<div class=\"wp-block-column is-vertically-aligned-center\" style=\"flex-basis:50%\">\n                  <p><strong>${item.title.rendered}<\/strong><\/p>     \n                  <p>${item.content.rendered}<\/p>\n                  <\/div>`);\n               block.append(`<div class=\"wp-block-column is-vertically-aligned-center\" style=\"flex-basis:25%\">\n                  <div class=\"wp-block-buttons\">\n                  <div class=\"wp-block-button\"><a href=\"${item.url}\" class=\"wp-block-button__link has-background\" style=\"background-color:#46c284;border-radius:7px\">` + buttonText + `<\/a><\/div>\n                  <\/div>\n                  <\/div>`)\n               $(\".press-items\").append(hr);\n               $(\".press-items\").append(block);\n            });\n            if (data.length && data.length >= 3) {\n               $(\".press-loadmore\").removeClass(\"disabled\");\n            }\n         }).always(function() {\n            $(\".press-loader\").hide();\n         });\n      });\n   });\n<\/script>\n\n\n<div style=\"height:100px\" aria-hidden=\"true\" class=\"wp-block-spacer\"><\/div>\n<\/div><\/div>\n<\/div><\/div>\n\n\n\n<div style=\"height:100px\" aria-hidden=\"true\" class=\"wp-block-spacer\"><\/div>\n\n\n\n<div class=\"wp-block-columns is-layout-flex wp-container-core-columns-is-layout-9d6595d7 wp-block-columns-is-layout-flex\">\n<div class=\"wp-block-column is-layout-flow wp-block-column-is-layout-flow\">\n<h2 class=\"has-mobile-text-align-center has-text-color wp-block-heading\" style=\"color:#46c284\">Sie arbeiten in Medien und Presse?<\/h2>\n\n\n\n<p class=\"has-mobile-text-align-center has-medium-font-size\">Besuchen Sie unsere Presselounge und lesen Sie mehr \u00fcber Aktuelles von fodjan und unsere Geschichte.<\/p>\n\n\n\n<div style=\"height:50px\" aria-hidden=\"true\" class=\"wp-block-spacer editorskit-no-desktop editorskit-no-tablet\"><\/div>\n<\/div>\n\n\n\n<div class=\"wp-block-column is-layout-flow wp-block-column-is-layout-flow\">\n<div class=\"wp-block-buttons is-content-justification-center is-layout-flex wp-container-core-buttons-is-layout-16018d1d wp-block-buttons-is-layout-flex\">\n<div class=\"wp-block-button fixed-width-250\"><a class=\"wp-block-button__link has-background\" href=\"https:\/\/fodjan.com\/presselounge\/\" style=\"border-radius:7px;background-color:#46c284\" rel=\"\">Zur Presselounge<\/a><\/div>\n<\/div>\n\n\n\n<p><\/p>\n\n\n\n<div class=\"wp-block-buttons is-content-justification-center is-layout-flex wp-container-core-buttons-is-layout-16018d1d wp-block-buttons-is-layout-flex\">\n<div class=\"wp-block-button fixed-width-250\"><a class=\"wp-block-button__link has-background\" href=\"https:\/\/fodjan.com\/ueber-fodjan\/\" style=\"border-radius:7px;background-color:#46c284\">\u00dcber fodjan<\/a><\/div>\n<\/div>\n<\/div>\n<\/div>\n\n\n\n<div style=\"height:100px\" aria-hidden=\"true\" class=\"wp-block-spacer\"><\/div>\n\n\n\n<p><\/p>\n","protected":false},"excerpt":{"rendered":"<p>Pressestimmen \u201eDer Futterchecker: Mit fodjan lassen sich Rationen gestalten und Daten zwischen Landwirt und Berater einfach austauschen. Das F\u00fctterungsmanagement kann [&hellip;]<\/p>\n","protected":false},"author":3,"featured_media":374,"parent":0,"menu_order":0,"comment_status":"closed","ping_status":"closed","template":"","meta":{"_acf_changed":false,"inline_featured_image":false,"footnotes":""},"categories":[],"tags":[283],"class_list":["post-308","page","type-page","status-publish","has-post-thumbnail","hentry","tag-menueseite"],"acf":[],"yoast_head":"<!-- This site is optimized with the Yoast SEO plugin v26.8 - https:\/\/yoast.com\/product\/yoast-seo-wordpress\/ -->\n<title>fodjan smart feeding<\/title>\n<meta name=\"description\" content=\"Lesen Sie, was die Presse \u00fcber fodjan denkt: Aktuelle Artikel, Testberichte und Meldungen auf einen Blick in unserem Pressespiegel - agrarheute, profi, uvm.\" \/>\n<meta name=\"robots\" content=\"index, follow, max-snippet:-1, max-image-preview:large, max-video-preview:-1\" \/>\n<link rel=\"canonical\" href=\"https:\/\/fodjan.com\/de\/fodjan-in-den-medien\/\" \/>\n<meta property=\"og:locale\" content=\"de_DE\" \/>\n<meta property=\"og:type\" content=\"article\" \/>\n<meta property=\"og:title\" content=\"fodjan in den Medien - Aktuelle Presseartikel, Reviews und Tests\" \/>\n<meta property=\"og:description\" content=\"Lesen Sie, was die Presse \u00fcber fodjan denkt: Aktuelle Artikel, Testberichte und Meldungen auf einen Blick in unserem Pressespiegel - agrarheute, profi, uvm.\" \/>\n<meta property=\"og:url\" content=\"https:\/\/fodjan.com\/de\/fodjan-in-den-medien\/\" \/>\n<meta property=\"og:site_name\" content=\"fodjan smart feeding\" \/>\n<meta property=\"article:publisher\" content=\"https:\/\/de-de.facebook.com\/fodjan.de\/\" \/>\n<meta property=\"article:modified_time\" content=\"2022-08-29T12:29:44+00:00\" \/>\n<meta property=\"og:image\" content=\"https:\/\/fodjan.com\/wp-content\/uploads\/2020\/04\/Presse_Header2.jpg\" \/>\n\t<meta property=\"og:image:width\" content=\"1920\" \/>\n\t<meta property=\"og:image:height\" content=\"1282\" \/>\n\t<meta property=\"og:image:type\" content=\"image\/jpeg\" \/>\n<meta name=\"twitter:card\" content=\"summary_large_image\" \/>\n<script type=\"application\/ld+json\" class=\"yoast-schema-graph\">{\"@context\":\"https:\/\/schema.org\",\"@graph\":[{\"@type\":\"WebPage\",\"@id\":\"https:\/\/fodjan.com\/de\/fodjan-in-den-medien\/\",\"url\":\"https:\/\/fodjan.com\/de\/fodjan-in-den-medien\/\",\"name\":\"fodjan in den Medien - Aktuelle Presseartikel, Reviews und Tests\",\"isPartOf\":{\"@id\":\"https:\/\/fodjan.com\/de\/#website\"},\"primaryImageOfPage\":{\"@id\":\"https:\/\/fodjan.com\/de\/fodjan-in-den-medien\/#primaryimage\"},\"image\":{\"@id\":\"https:\/\/fodjan.com\/de\/fodjan-in-den-medien\/#primaryimage\"},\"thumbnailUrl\":\"https:\/\/fodjan.com\/wp-content\/uploads\/2020\/04\/Presse_Header2.jpg\",\"datePublished\":\"2020-04-10T15:48:09+00:00\",\"dateModified\":\"2022-08-29T12:29:44+00:00\",\"description\":\"Lesen Sie, was die Presse \u00fcber fodjan denkt: Aktuelle Artikel, Testberichte und Meldungen auf einen Blick in unserem Pressespiegel - agrarheute, profi, uvm.\",\"breadcrumb\":{\"@id\":\"https:\/\/fodjan.com\/de\/fodjan-in-den-medien\/#breadcrumb\"},\"inLanguage\":\"de\",\"potentialAction\":[{\"@type\":\"ReadAction\",\"target\":[\"https:\/\/fodjan.com\/de\/fodjan-in-den-medien\/\"]}]},{\"@type\":\"ImageObject\",\"inLanguage\":\"de\",\"@id\":\"https:\/\/fodjan.com\/de\/fodjan-in-den-medien\/#primaryimage\",\"url\":\"https:\/\/fodjan.com\/wp-content\/uploads\/2020\/04\/Presse_Header2.jpg\",\"contentUrl\":\"https:\/\/fodjan.com\/wp-content\/uploads\/2020\/04\/Presse_Header2.jpg\",\"width\":1920,\"height\":1282,\"caption\":\"fodjan in den Medien\"},{\"@type\":\"BreadcrumbList\",\"@id\":\"https:\/\/fodjan.com\/de\/fodjan-in-den-medien\/#breadcrumb\",\"itemListElement\":[{\"@type\":\"ListItem\",\"position\":1,\"name\":\"Home\",\"item\":\"https:\/\/fodjan.com\/de\/\"},{\"@type\":\"ListItem\",\"position\":2,\"name\":\"fodjan in den Medien\"}]},{\"@type\":\"WebSite\",\"@id\":\"https:\/\/fodjan.com\/de\/#website\",\"url\":\"https:\/\/fodjan.com\/de\/\",\"name\":\"fodjan\",\"description\":\"Der digitale Assistent f\u00fcr die F\u00fctterung\",\"publisher\":{\"@id\":\"https:\/\/fodjan.com\/de\/#organization\"},\"alternateName\":\"smart feeding\",\"potentialAction\":[{\"@type\":\"SearchAction\",\"target\":{\"@type\":\"EntryPoint\",\"urlTemplate\":\"https:\/\/fodjan.com\/de\/?s={search_term_string}\"},\"query-input\":{\"@type\":\"PropertyValueSpecification\",\"valueRequired\":true,\"valueName\":\"search_term_string\"}}],\"inLanguage\":\"de\"},{\"@type\":\"Organization\",\"@id\":\"https:\/\/fodjan.com\/de\/#organization\",\"name\":\"fodjan GmbH\",\"alternateName\":\"smart feeding\",\"url\":\"https:\/\/fodjan.com\/de\/\",\"logo\":{\"@type\":\"ImageObject\",\"inLanguage\":\"de\",\"@id\":\"https:\/\/fodjan.com\/de\/#\/schema\/logo\/image\/\",\"url\":\"https:\/\/fodjan.com\/wp-content\/uploads\/2020\/04\/Logo_fodjan_2020.svg\",\"contentUrl\":\"https:\/\/fodjan.com\/wp-content\/uploads\/2020\/04\/Logo_fodjan_2020.svg\",\"width\":5000,\"height\":1500,\"caption\":\"fodjan GmbH\"},\"image\":{\"@id\":\"https:\/\/fodjan.com\/de\/#\/schema\/logo\/image\/\"},\"sameAs\":[\"https:\/\/de-de.facebook.com\/fodjan.de\/\",\"https:\/\/www.linkedin.com\/company\/fodjan-gmbh\",\"https:\/\/www.youtube.com\/channel\/UCKwdzpWq1uy0sblX3_VIKHg\"]}]}<\/script>\n<!-- \/ Yoast SEO plugin. -->","yoast_head_json":{"title":"fodjan smart feeding","description":"Lesen Sie, was die Presse \u00fcber fodjan denkt: Aktuelle Artikel, Testberichte und Meldungen auf einen Blick in unserem Pressespiegel - agrarheute, profi, uvm.","robots":{"index":"index","follow":"follow","max-snippet":"max-snippet:-1","max-image-preview":"max-image-preview:large","max-video-preview":"max-video-preview:-1"},"canonical":"https:\/\/fodjan.com\/de\/fodjan-in-den-medien\/","og_locale":"de_DE","og_type":"article","og_title":"fodjan in den Medien - Aktuelle Presseartikel, Reviews und Tests","og_description":"Lesen Sie, was die Presse \u00fcber fodjan denkt: Aktuelle Artikel, Testberichte und Meldungen auf einen Blick in unserem Pressespiegel - agrarheute, profi, uvm.","og_url":"https:\/\/fodjan.com\/de\/fodjan-in-den-medien\/","og_site_name":"fodjan smart feeding","article_publisher":"https:\/\/de-de.facebook.com\/fodjan.de\/","article_modified_time":"2022-08-29T12:29:44+00:00","og_image":[{"width":1920,"height":1282,"url":"https:\/\/fodjan.com\/wp-content\/uploads\/2020\/04\/Presse_Header2.jpg","type":"image\/jpeg"}],"twitter_card":"summary_large_image","schema":{"@context":"https:\/\/schema.org","@graph":[{"@type":"WebPage","@id":"https:\/\/fodjan.com\/de\/fodjan-in-den-medien\/","url":"https:\/\/fodjan.com\/de\/fodjan-in-den-medien\/","name":"fodjan in den Medien - Aktuelle Presseartikel, Reviews und Tests","isPartOf":{"@id":"https:\/\/fodjan.com\/de\/#website"},"primaryImageOfPage":{"@id":"https:\/\/fodjan.com\/de\/fodjan-in-den-medien\/#primaryimage"},"image":{"@id":"https:\/\/fodjan.com\/de\/fodjan-in-den-medien\/#primaryimage"},"thumbnailUrl":"https:\/\/fodjan.com\/wp-content\/uploads\/2020\/04\/Presse_Header2.jpg","datePublished":"2020-04-10T15:48:09+00:00","dateModified":"2022-08-29T12:29:44+00:00","description":"Lesen Sie, was die Presse \u00fcber fodjan denkt: Aktuelle Artikel, Testberichte und Meldungen auf einen Blick in unserem Pressespiegel - agrarheute, profi, uvm.","breadcrumb":{"@id":"https:\/\/fodjan.com\/de\/fodjan-in-den-medien\/#breadcrumb"},"inLanguage":"de","potentialAction":[{"@type":"ReadAction","target":["https:\/\/fodjan.com\/de\/fodjan-in-den-medien\/"]}]},{"@type":"ImageObject","inLanguage":"de","@id":"https:\/\/fodjan.com\/de\/fodjan-in-den-medien\/#primaryimage","url":"https:\/\/fodjan.com\/wp-content\/uploads\/2020\/04\/Presse_Header2.jpg","contentUrl":"https:\/\/fodjan.com\/wp-content\/uploads\/2020\/04\/Presse_Header2.jpg","width":1920,"height":1282,"caption":"fodjan in den Medien"},{"@type":"BreadcrumbList","@id":"https:\/\/fodjan.com\/de\/fodjan-in-den-medien\/#breadcrumb","itemListElement":[{"@type":"ListItem","position":1,"name":"Home","item":"https:\/\/fodjan.com\/de\/"},{"@type":"ListItem","position":2,"name":"fodjan in den Medien"}]},{"@type":"WebSite","@id":"https:\/\/fodjan.com\/de\/#website","url":"https:\/\/fodjan.com\/de\/","name":"fodjan","description":"Der digitale Assistent f\u00fcr die F\u00fctterung","publisher":{"@id":"https:\/\/fodjan.com\/de\/#organization"},"alternateName":"smart feeding","potentialAction":[{"@type":"SearchAction","target":{"@type":"EntryPoint","urlTemplate":"https:\/\/fodjan.com\/de\/?s={search_term_string}"},"query-input":{"@type":"PropertyValueSpecification","valueRequired":true,"valueName":"search_term_string"}}],"inLanguage":"de"},{"@type":"Organization","@id":"https:\/\/fodjan.com\/de\/#organization","name":"fodjan GmbH","alternateName":"smart feeding","url":"https:\/\/fodjan.com\/de\/","logo":{"@type":"ImageObject","inLanguage":"de","@id":"https:\/\/fodjan.com\/de\/#\/schema\/logo\/image\/","url":"https:\/\/fodjan.com\/wp-content\/uploads\/2020\/04\/Logo_fodjan_2020.svg","contentUrl":"https:\/\/fodjan.com\/wp-content\/uploads\/2020\/04\/Logo_fodjan_2020.svg","width":5000,"height":1500,"caption":"fodjan GmbH"},"image":{"@id":"https:\/\/fodjan.com\/de\/#\/schema\/logo\/image\/"},"sameAs":["https:\/\/de-de.facebook.com\/fodjan.de\/","https:\/\/www.linkedin.com\/company\/fodjan-gmbh","https:\/\/www.youtube.com\/channel\/UCKwdzpWq1uy0sblX3_VIKHg"]}]}},"_links":{"self":[{"href":"https:\/\/fodjan.com\/de\/wp-json\/wp\/v2\/pages\/308","targetHints":{"allow":["GET"]}}],"collection":[{"href":"https:\/\/fodjan.com\/de\/wp-json\/wp\/v2\/pages"}],"about":[{"href":"https:\/\/fodjan.com\/de\/wp-json\/wp\/v2\/types\/page"}],"author":[{"embeddable":true,"href":"https:\/\/fodjan.com\/de\/wp-json\/wp\/v2\/users\/3"}],"replies":[{"embeddable":true,"href":"https:\/\/fodjan.com\/de\/wp-json\/wp\/v2\/comments?post=308"}],"version-history":[{"count":1,"href":"https:\/\/fodjan.com\/de\/wp-json\/wp\/v2\/pages\/308\/revisions"}],"predecessor-version":[{"id":11237,"href":"https:\/\/fodjan.com\/de\/wp-json\/wp\/v2\/pages\/308\/revisions\/11237"}],"wp:featuredmedia":[{"embeddable":true,"href":"https:\/\/fodjan.com\/de\/wp-json\/wp\/v2\/media\/374"}],"wp:attachment":[{"href":"https:\/\/fodjan.com\/de\/wp-json\/wp\/v2\/media?parent=308"}],"wp:term":[{"taxonomy":"category","embeddable":true,"href":"https:\/\/fodjan.com\/de\/wp-json\/wp\/v2\/categories?post=308"},{"taxonomy":"post_tag","embeddable":true,"href":"https:\/\/fodjan.com\/de\/wp-json\/wp\/v2\/tags?post=308"}],"curies":[{"name":"wp","href":"https:\/\/api.w.org\/{rel}","templated":true}]}}