{"id":310,"date":"2020-04-10T17:48:29","date_gmt":"2020-04-10T15:48:29","guid":{"rendered":"http:\/\/fodjan.net\/?page_id=310"},"modified":"2025-09-17T08:31:35","modified_gmt":"2025-09-17T06:31:35","slug":"presselounge","status":"publish","type":"page","link":"https:\/\/fodjan.com\/de\/presselounge\/","title":{"rendered":"Presselounge"},"content":{"rendered":"<p>\u00a0<\/p>\n<h2 style=\"color: #46c284;\">\u00dcber fodjan<\/h2>\n<p>fodjan ist ein Anbieter f\u00fcr digitale L\u00f6sungen im F\u00fctterungsmanagement von Nutztieren. Dazu vernetzen wir Daten vom landwirtschaftlichen Betrieb und seiner Technik sowie Partnern wie z.B. Analyselaboren. Dadurch k\u00f6nnen alle Akteure in der F\u00fctterung miteinander in einem System arbeiten &#8211; vom F\u00fctterer, \u00fcber den Herdenmanager bis zum Berater. Neben fodjan Pro im Web und der Smartphone App realisiert fodjan Softwareprojekte im Agribusiness und engagiert sich in Forschungsprojekten zum Thema Digital Livestock Farming.<\/p>\n<figure><img decoding=\"async\" src=\"https:\/\/fodjan.com\/wp-content\/uploads\/2020\/04\/fodjan_App2-1.png\" alt=\"fodjan App f\u00fcr Milchk\u00fche\" \/><\/figure>\n<p>\u00a0<\/p>\n<p>\u00a0<br \/>\n\u00a0<br \/>\n\u00a0<br \/>\n\u00a0<\/p>\n<figure><img decoding=\"async\" src=\"https:\/\/fodjan.com\/wp-content\/uploads\/2020\/04\/fodjan_Gruender.png\" alt=\"fodjan Gr\u00fcnder\" \/><figcaption>v.l.n.r.: Michael Sch\u00fctze, Daniel Schreck, <br \/>Carsten Gieseler und Johannes V\u00f6lker<\/figcaption><\/figure>\n<h2>Daten &amp; Fakten<\/h2>\n<ul>\n<li>2014 Gr\u00fcndung der fodjan GmbH in Dresden<\/li>\n<li>[fodjan]: altgermanisch f\u00fcr &#8222;f\u00fcttern&#8220;<\/li>\n<li>Gr\u00fcnder: Michael Sch\u00fctze (als CEO), Carsten Gieseler (als CEO), Johannes V\u00f6lker (als CTO), Daniel Schreck (als CDO)<\/li>\n<li>Aktuelle CEO: Henri Geerts (seit 2025)<\/li>\n<li>Themenschwerpunkt: Digitalisierung in der Nutztierhaltung, Fokus F\u00fctterung<\/li>\n<\/ul>\n<p>\u00a0<\/p>\n<p><a href=\"..\/ueber-fodjan\">Mehr zur Geschichte und Vision &gt;<\/a><\/p>\n<p>\u00a0<br \/>\n\u00a0<br \/>\n\u00a0<br \/>\n\u00a0<\/p>\n<h2>fodjan Pressemitteilungen<\/h2>\n<p>\u00a0<\/p>\n<p>Hier finden Sie unsere aktuellsten Pressemitteilungen.<\/p>\n<p>\u00a0<br \/>\n\u00a0<br \/>\n\u00a0<\/p>\n<hr style=\"border-top-color: rgba(179, 176, 176, 1); border-top-width: 1px; width: 80%; border-top-style: solid;\" \/>\n\u00a0<br \/>\n\u00a0<\/p>\n<h4>Neuigkeiten von fodjan<\/h4>\n<p>\u00a0<br \/>\n<a style=\"border-radius: 7px; background-color: #46c284;\" href=\"https:\/\/fodjan.com\/fodjan-in-den-medien\/\">fodjan in den Medien<\/a><br \/>\n\u00a0<br \/>\n\u00a0<\/p>\n<p>\u00a0<\/p>\n<p>\u00a0<br \/>\n\u00a0<br \/>\n\u00a0<\/p>\n<h2>fodjan Pressekit zum Download<\/h2>\n<p>\u00a0<\/p>\n<p>In unserem Pressekit finden Sie unser Logo sowie eine Kurzpr\u00e4sentation zu fodjan. Bildmaterial k\u00f6nnen Sie separat weiter unten auf dieser Seite herunterladen.<\/p>\n<p>\u00a0<br \/>\n<a style=\"border-radius: 7px; background-color: #46c284;\" href=\"\/wp-content\/uploads\/2020\/08\/fodjan_Factsheet.pdf\" target=\"_blank\" rel=\"noreferrer noopener\">Pressekit herunterladen<\/a><br \/>\n\u00a0<\/p>\n<p>\u00a0<\/p>\n<h2>Ihr Kontakt bei fodjan<\/h2>\n<p>Mail: marketing(at)fodjan.de <br \/>Tel.: 0351 4188 6693<\/p>\n<p>\u00a0<br \/>\n\u00a0<\/p>\n<p>\u00a0<\/p>\n<p>\u00a0<br \/>\n\u00a0<\/p>\n<h2 style=\"color: #46c284;\">fodjan Bildergalerie<\/h2>\n<p>Der letzte Schliff f\u00fcr Ihre Ver\u00f6ffentlichung. <br \/>Hier finden Sie eine Auswahl an Screenshots und Bildern von fodjan.<\/p>\n<p>\u00a0<\/p>\n<p>[slide-anything id=&#8220;2160&#8243;]<\/p>\n<p>\u00a0<br \/>\n\u00a0<\/p>\n<h2>Noch mehr erfahren?<\/h2>\n<p>Hier finden Sie noch mehr <br \/>spannende Inhalte \u00fcber fodjan.<\/p>\n<p>\u00a0<br \/>\n<a style=\"border-radius: 7px; background-color: #46c284;\" href=\"https:\/\/fodjan.com\/erfahrungsberichte\/\">Erfahrungsberichte<\/a><\/p>\n<p>\u00a0<\/p>\n<p><a style=\"border-radius: 7px; background-color: #46c284;\" href=\"..\/vorteile\">Die Vorteile von fodjan<\/a><br \/>\n\u00a0<\/p>\n<figure><img decoding=\"async\" src=\"https:\/\/fodjan.com\/wp-content\/uploads\/2020\/04\/fodjan_Berater-und-Landwirt.png\" alt=\"Berater und Landwirt arbeiten dank fodjan gemeinsam an der F\u00fctterung.\" \/><\/figure>\n<p>\u00a0<\/p>\n","protected":false},"excerpt":{"rendered":"<p>\u00a0 \u00dcber fodjan fodjan ist ein Anbieter f\u00fcr digitale L\u00f6sungen im F\u00fctterungsmanagement von Nutztieren. Dazu vernetzen wir Daten vom landwirtschaftlichen [&hellip;]<\/p>\n","protected":false},"author":3,"featured_media":0,"parent":0,"menu_order":0,"comment_status":"closed","ping_status":"closed","template":"","meta":{"_acf_changed":false,"inline_featured_image":false,"footnotes":""},"categories":[],"tags":[283],"class_list":["post-310","page","type-page","status-publish","hentry","tag-menueseite"],"acf":[],"yoast_head":"<!-- This site is optimized with the Yoast SEO plugin v26.8 - https:\/\/yoast.com\/product\/yoast-seo-wordpress\/ -->\n<title>fodjan smart feeding<\/title>\n<meta name=\"description\" content=\"Aktuelle Pressemitteilungen, Logos, Bildmaterial und eine Unternehmensbeschreibung bequem zum Download und Ihr pers\u00f6nlicher Pressekontakt bei fodjan\" \/>\n<meta name=\"robots\" content=\"index, follow, max-snippet:-1, max-image-preview:large, max-video-preview:-1\" \/>\n<link rel=\"canonical\" href=\"https:\/\/fodjan.com\/de\/presselounge\/\" \/>\n<meta property=\"og:locale\" content=\"de_DE\" \/>\n<meta property=\"og:type\" content=\"article\" \/>\n<meta property=\"og:title\" content=\"Presselounge - fodjan smart feeding Pressemitteilungen und mehr\" \/>\n<meta property=\"og:description\" content=\"Aktuelle Pressemitteilungen, Logos, Bildmaterial und eine Unternehmensbeschreibung bequem zum Download und Ihr pers\u00f6nlicher Pressekontakt bei fodjan\" \/>\n<meta property=\"og:url\" content=\"https:\/\/fodjan.com\/de\/presselounge\/\" \/>\n<meta property=\"og:site_name\" content=\"fodjan smart feeding\" \/>\n<meta property=\"article:publisher\" content=\"https:\/\/de-de.facebook.com\/fodjan.de\/\" \/>\n<meta property=\"article:modified_time\" content=\"2025-09-17T06:31:35+00:00\" \/>\n<meta property=\"og:image\" content=\"https:\/\/fodjan.com\/wp-content\/uploads\/2020\/04\/fodjan_App2-1.png\" \/>\n\t<meta property=\"og:image:width\" content=\"300\" \/>\n\t<meta property=\"og:image:height\" content=\"300\" \/>\n\t<meta property=\"og:image:type\" content=\"image\/png\" \/>\n<meta name=\"twitter:card\" content=\"summary_large_image\" \/>\n<script type=\"application\/ld+json\" class=\"yoast-schema-graph\">{\"@context\":\"https:\/\/schema.org\",\"@graph\":[{\"@type\":\"WebPage\",\"@id\":\"https:\/\/fodjan.com\/de\/presselounge\/\",\"url\":\"https:\/\/fodjan.com\/de\/presselounge\/\",\"name\":\"Presselounge - fodjan smart feeding Pressemitteilungen und mehr\",\"isPartOf\":{\"@id\":\"https:\/\/fodjan.com\/de\/#website\"},\"primaryImageOfPage\":{\"@id\":\"https:\/\/fodjan.com\/de\/presselounge\/#primaryimage\"},\"image\":{\"@id\":\"https:\/\/fodjan.com\/de\/presselounge\/#primaryimage\"},\"thumbnailUrl\":\"https:\/\/fodjan.com\/wp-content\/uploads\/2020\/04\/fodjan_App2-1.png\",\"datePublished\":\"2020-04-10T15:48:29+00:00\",\"dateModified\":\"2025-09-17T06:31:35+00:00\",\"description\":\"Aktuelle Pressemitteilungen, Logos, Bildmaterial und eine Unternehmensbeschreibung bequem zum Download und Ihr pers\u00f6nlicher Pressekontakt bei fodjan\",\"breadcrumb\":{\"@id\":\"https:\/\/fodjan.com\/de\/presselounge\/#breadcrumb\"},\"inLanguage\":\"de\",\"potentialAction\":[{\"@type\":\"ReadAction\",\"target\":[\"https:\/\/fodjan.com\/de\/presselounge\/\"]}]},{\"@type\":\"ImageObject\",\"inLanguage\":\"de\",\"@id\":\"https:\/\/fodjan.com\/de\/presselounge\/#primaryimage\",\"url\":\"https:\/\/fodjan.com\/wp-content\/uploads\/2020\/04\/fodjan_App2-1.png\",\"contentUrl\":\"https:\/\/fodjan.com\/wp-content\/uploads\/2020\/04\/fodjan_App2-1.png\"},{\"@type\":\"BreadcrumbList\",\"@id\":\"https:\/\/fodjan.com\/de\/presselounge\/#breadcrumb\",\"itemListElement\":[{\"@type\":\"ListItem\",\"position\":1,\"name\":\"Home\",\"item\":\"https:\/\/fodjan.com\/de\/\"},{\"@type\":\"ListItem\",\"position\":2,\"name\":\"Presselounge\"}]},{\"@type\":\"WebSite\",\"@id\":\"https:\/\/fodjan.com\/de\/#website\",\"url\":\"https:\/\/fodjan.com\/de\/\",\"name\":\"fodjan\",\"description\":\"Der digitale Assistent f\u00fcr die F\u00fctterung\",\"publisher\":{\"@id\":\"https:\/\/fodjan.com\/de\/#organization\"},\"alternateName\":\"smart feeding\",\"potentialAction\":[{\"@type\":\"SearchAction\",\"target\":{\"@type\":\"EntryPoint\",\"urlTemplate\":\"https:\/\/fodjan.com\/de\/?s={search_term_string}\"},\"query-input\":{\"@type\":\"PropertyValueSpecification\",\"valueRequired\":true,\"valueName\":\"search_term_string\"}}],\"inLanguage\":\"de\"},{\"@type\":\"Organization\",\"@id\":\"https:\/\/fodjan.com\/de\/#organization\",\"name\":\"fodjan GmbH\",\"alternateName\":\"smart feeding\",\"url\":\"https:\/\/fodjan.com\/de\/\",\"logo\":{\"@type\":\"ImageObject\",\"inLanguage\":\"de\",\"@id\":\"https:\/\/fodjan.com\/de\/#\/schema\/logo\/image\/\",\"url\":\"https:\/\/fodjan.com\/wp-content\/uploads\/2020\/04\/Logo_fodjan_2020.svg\",\"contentUrl\":\"https:\/\/fodjan.com\/wp-content\/uploads\/2020\/04\/Logo_fodjan_2020.svg\",\"width\":5000,\"height\":1500,\"caption\":\"fodjan GmbH\"},\"image\":{\"@id\":\"https:\/\/fodjan.com\/de\/#\/schema\/logo\/image\/\"},\"sameAs\":[\"https:\/\/de-de.facebook.com\/fodjan.de\/\",\"https:\/\/www.linkedin.com\/company\/fodjan-gmbh\",\"https:\/\/www.youtube.com\/channel\/UCKwdzpWq1uy0sblX3_VIKHg\"]}]}<\/script>\n<!-- \/ Yoast SEO plugin. -->","yoast_head_json":{"title":"fodjan smart feeding","description":"Aktuelle Pressemitteilungen, Logos, Bildmaterial und eine Unternehmensbeschreibung bequem zum Download und Ihr pers\u00f6nlicher Pressekontakt bei fodjan","robots":{"index":"index","follow":"follow","max-snippet":"max-snippet:-1","max-image-preview":"max-image-preview:large","max-video-preview":"max-video-preview:-1"},"canonical":"https:\/\/fodjan.com\/de\/presselounge\/","og_locale":"de_DE","og_type":"article","og_title":"Presselounge - fodjan smart feeding Pressemitteilungen und mehr","og_description":"Aktuelle Pressemitteilungen, Logos, Bildmaterial und eine Unternehmensbeschreibung bequem zum Download und Ihr pers\u00f6nlicher Pressekontakt bei fodjan","og_url":"https:\/\/fodjan.com\/de\/presselounge\/","og_site_name":"fodjan smart feeding","article_publisher":"https:\/\/de-de.facebook.com\/fodjan.de\/","article_modified_time":"2025-09-17T06:31:35+00:00","og_image":[{"width":300,"height":300,"url":"https:\/\/fodjan.com\/wp-content\/uploads\/2020\/04\/fodjan_App2-1.png","type":"image\/png"}],"twitter_card":"summary_large_image","schema":{"@context":"https:\/\/schema.org","@graph":[{"@type":"WebPage","@id":"https:\/\/fodjan.com\/de\/presselounge\/","url":"https:\/\/fodjan.com\/de\/presselounge\/","name":"Presselounge - fodjan smart feeding Pressemitteilungen und mehr","isPartOf":{"@id":"https:\/\/fodjan.com\/de\/#website"},"primaryImageOfPage":{"@id":"https:\/\/fodjan.com\/de\/presselounge\/#primaryimage"},"image":{"@id":"https:\/\/fodjan.com\/de\/presselounge\/#primaryimage"},"thumbnailUrl":"https:\/\/fodjan.com\/wp-content\/uploads\/2020\/04\/fodjan_App2-1.png","datePublished":"2020-04-10T15:48:29+00:00","dateModified":"2025-09-17T06:31:35+00:00","description":"Aktuelle Pressemitteilungen, Logos, Bildmaterial und eine Unternehmensbeschreibung bequem zum Download und Ihr pers\u00f6nlicher Pressekontakt bei fodjan","breadcrumb":{"@id":"https:\/\/fodjan.com\/de\/presselounge\/#breadcrumb"},"inLanguage":"de","potentialAction":[{"@type":"ReadAction","target":["https:\/\/fodjan.com\/de\/presselounge\/"]}]},{"@type":"ImageObject","inLanguage":"de","@id":"https:\/\/fodjan.com\/de\/presselounge\/#primaryimage","url":"https:\/\/fodjan.com\/wp-content\/uploads\/2020\/04\/fodjan_App2-1.png","contentUrl":"https:\/\/fodjan.com\/wp-content\/uploads\/2020\/04\/fodjan_App2-1.png"},{"@type":"BreadcrumbList","@id":"https:\/\/fodjan.com\/de\/presselounge\/#breadcrumb","itemListElement":[{"@type":"ListItem","position":1,"name":"Home","item":"https:\/\/fodjan.com\/de\/"},{"@type":"ListItem","position":2,"name":"Presselounge"}]},{"@type":"WebSite","@id":"https:\/\/fodjan.com\/de\/#website","url":"https:\/\/fodjan.com\/de\/","name":"fodjan","description":"Der digitale Assistent f\u00fcr die F\u00fctterung","publisher":{"@id":"https:\/\/fodjan.com\/de\/#organization"},"alternateName":"smart feeding","potentialAction":[{"@type":"SearchAction","target":{"@type":"EntryPoint","urlTemplate":"https:\/\/fodjan.com\/de\/?s={search_term_string}"},"query-input":{"@type":"PropertyValueSpecification","valueRequired":true,"valueName":"search_term_string"}}],"inLanguage":"de"},{"@type":"Organization","@id":"https:\/\/fodjan.com\/de\/#organization","name":"fodjan GmbH","alternateName":"smart feeding","url":"https:\/\/fodjan.com\/de\/","logo":{"@type":"ImageObject","inLanguage":"de","@id":"https:\/\/fodjan.com\/de\/#\/schema\/logo\/image\/","url":"https:\/\/fodjan.com\/wp-content\/uploads\/2020\/04\/Logo_fodjan_2020.svg","contentUrl":"https:\/\/fodjan.com\/wp-content\/uploads\/2020\/04\/Logo_fodjan_2020.svg","width":5000,"height":1500,"caption":"fodjan GmbH"},"image":{"@id":"https:\/\/fodjan.com\/de\/#\/schema\/logo\/image\/"},"sameAs":["https:\/\/de-de.facebook.com\/fodjan.de\/","https:\/\/www.linkedin.com\/company\/fodjan-gmbh","https:\/\/www.youtube.com\/channel\/UCKwdzpWq1uy0sblX3_VIKHg"]}]}},"_links":{"self":[{"href":"https:\/\/fodjan.com\/de\/wp-json\/wp\/v2\/pages\/310","targetHints":{"allow":["GET"]}}],"collection":[{"href":"https:\/\/fodjan.com\/de\/wp-json\/wp\/v2\/pages"}],"about":[{"href":"https:\/\/fodjan.com\/de\/wp-json\/wp\/v2\/types\/page"}],"author":[{"embeddable":true,"href":"https:\/\/fodjan.com\/de\/wp-json\/wp\/v2\/users\/3"}],"replies":[{"embeddable":true,"href":"https:\/\/fodjan.com\/de\/wp-json\/wp\/v2\/comments?post=310"}],"version-history":[{"count":8,"href":"https:\/\/fodjan.com\/de\/wp-json\/wp\/v2\/pages\/310\/revisions"}],"predecessor-version":[{"id":15516,"href":"https:\/\/fodjan.com\/de\/wp-json\/wp\/v2\/pages\/310\/revisions\/15516"}],"wp:attachment":[{"href":"https:\/\/fodjan.com\/de\/wp-json\/wp\/v2\/media?parent=310"}],"wp:term":[{"taxonomy":"category","embeddable":true,"href":"https:\/\/fodjan.com\/de\/wp-json\/wp\/v2\/categories?post=310"},{"taxonomy":"post_tag","embeddable":true,"href":"https:\/\/fodjan.com\/de\/wp-json\/wp\/v2\/tags?post=310"}],"curies":[{"name":"wp","href":"https:\/\/api.w.org\/{rel}","templated":true}]}}