{"id":312,"date":"2020-04-10T17:48:53","date_gmt":"2020-04-10T15:48:53","guid":{"rendered":"http:\/\/fodjan.net\/?page_id=312"},"modified":"2025-09-04T11:53:37","modified_gmt":"2025-09-04T09:53:37","slug":"jobs","status":"publish","type":"page","link":"https:\/\/fodjan.com\/de\/jobs\/","title":{"rendered":"Jobs"},"content":{"rendered":"\n<div class=\"wp-block-group\"><div class=\"wp-block-group__inner-container is-layout-flow wp-block-group-is-layout-flow\">\n<div class=\"wp-block-columns is-layout-flex wp-container-core-columns-is-layout-9d6595d7 wp-block-columns-is-layout-flex\">\n<div class=\"wp-block-column is-vertically-aligned-center is-layout-flow wp-block-column-is-layout-flow\">\n<div style=\"height:36px\" aria-hidden=\"true\" class=\"wp-block-spacer\"><\/div>\n\n\n\n<h2 class=\"wp-block-heading has-text-color\" style=\"color:#46c284\">\u00dcber fodjan<\/h2>\n\n\n\n<div style=\"height:20px\" aria-hidden=\"true\" class=\"wp-block-spacer\"><\/div>\n\n\n\n<p>Wir von fodjan arbeiten mit unserer Plattform f\u00fcr F\u00fctterungsmanagement von Nutztieren am Puls der Zeit der Agrarbranche. <strong>F\u00fcr Landwirte, Futterindustrie und Landtechnikhersteller vernetzen wir f\u00fctterungsbezogene Daten und gestalten gemeinsam Digitalisierungsprozesse. <\/strong>Seit 2014 arbeiten wir f\u00fcr dieses Ziel und unser 12-k\u00f6pfiges Team in Dresden freut sich auf deine Verst\u00e4rkung.<\/p>\n\n\n\n<div class=\"wp-block-columns center-me is-layout-flex wp-container-core-columns-is-layout-9d6595d7 wp-block-columns-is-layout-flex\">\n<div class=\"wp-block-column is-vertically-aligned-center is-layout-flow wp-block-column-is-layout-flow\">\n<figure class=\"wp-block-image size-large\"><img loading=\"lazy\" decoding=\"async\" width=\"200\" height=\"46\" src=\"https:\/\/fodjan.com\/wp-content\/uploads\/2020\/04\/logo_kununu.png\" alt=\"\" class=\"wp-image-852\"\/><\/figure>\n\n\n\n<p><\/p>\n<\/div>\n\n\n\n<div class=\"wp-block-column is-vertically-aligned-top is-layout-flow wp-block-column-is-layout-flow\">\n<figure class=\"wp-block-image size-large dotimg1\"><img loading=\"lazy\" decoding=\"async\" width=\"150\" height=\"100\" src=\"https:\/\/fodjan.com\/wp-content\/uploads\/2020\/04\/kununu_rating.png\" alt=\"\" class=\"wp-image-851\"\/><figcaption class=\"wp-element-caption\"><br><\/figcaption><\/figure>\n\n\n\n<p><\/p>\n<\/div>\n\n\n\n<div class=\"wp-block-column is-vertically-aligned-center is-layout-flow wp-block-column-is-layout-flow\">\n<figure class=\"wp-block-image size-large\"><img loading=\"lazy\" decoding=\"async\" width=\"150\" height=\"66\" src=\"https:\/\/fodjan.com\/wp-content\/uploads\/2020\/04\/weiterempfehlung.png\" alt=\"\" class=\"wp-image-853\"\/><\/figure>\n\n\n\n<p><\/p>\n<\/div>\n<\/div>\n<\/div>\n\n\n\n<div class=\"wp-block-column is-vertically-aligned-top is-layout-flow wp-block-column-is-layout-flow\"><div class=\"wp-block-image\">\n<figure class=\"aligncenter size-large is-resized\"><img loading=\"lazy\" decoding=\"async\" width=\"400\" height=\"400\" src=\"https:\/\/fodjan.com\/wp-content\/uploads\/2020\/04\/fodjan_Gruender.png\" alt=\"fodjan Gr\u00fcnder\" class=\"wp-image-729\" style=\"width:300px\" srcset=\"https:\/\/fodjan.com\/wp-content\/uploads\/2020\/04\/fodjan_Gruender.png 400w, https:\/\/fodjan.com\/wp-content\/uploads\/2020\/04\/fodjan_Gruender-300x300.png 300w, https:\/\/fodjan.com\/wp-content\/uploads\/2020\/04\/fodjan_Gruender-150x150.png 150w\" sizes=\"auto, (max-width: 400px) 100vw, 400px\" \/><figcaption class=\"wp-element-caption\">Unsere Gr\u00fcnder: <br>Michael, Daniel, Carsten und Johannes<\/figcaption><\/figure>\n<\/div>\n\n\n<p><\/p>\n<\/div>\n<\/div>\n<\/div><\/div>\n\n\n\n<div style=\"height:100px\" aria-hidden=\"true\" class=\"wp-block-spacer editorskit-no-mobile\"><\/div>\n\n\n\n<div style=\"height:38px\" aria-hidden=\"true\" class=\"wp-block-spacer editorskit-no-desktop editorskit-no-tablet\"><\/div>\n\n\n\n<div class=\"wp-block-group wide-area dotimg2 has-background\" style=\"background-color:#f6f6f6\"><div class=\"wp-block-group__inner-container is-layout-flow wp-block-group-is-layout-flow\">\n<div class=\"wp-block-group container\"><div class=\"wp-block-group__inner-container is-layout-flow wp-block-group-is-layout-flow\">\n<div style=\"height:100px\" aria-hidden=\"true\" class=\"wp-block-spacer\"><\/div>\n\n\n\n<h2 class=\"wp-block-heading has-text-color\" style=\"color:#46c284\">Werde fodjaner<\/h2>\n\n\n\n<h4 class=\"wp-block-heading has-text-color\" style=\"color:#2e2e2e\">Aktuelle Jobs bei fodjan<\/h4>\n\n\n\n<div style=\"height:20px\" aria-hidden=\"true\" class=\"wp-block-spacer editorskit-no-desktop editorskit-no-tablet\"><\/div>\n\n\n<div class=\"wp-block-columns has-background are-vertically-aligned-center is-style-default ek-rounded-xl job-offer\" style=\"background-color:#2e2e2e\"><div class=\"wp-block-column is-vertically-aligned-center\">\n         <p style=\"color:#ffffff\" class=\"has-text-color\">SaaS Sales Representive (m\/w\/d)<\/p>\n      <\/div><div class=\"wp-block-column is-vertically-aligned-center\">\n         <p style=\"color:#ffffff\" class=\"has-text-color\">| Vollzeit<\/p>\n      <\/div><div class=\"wp-block-column is-vertically-aligned-center\">\n      <p style=\"color:#ffffff\" class=\"has-text-color\">| Dresden<\/p>\n   <\/div><div class=\"wp-block-column is-vertically-aligned-center\">\n      <p style=\"color:#46c284\" class=\"has-text-color\"><a href=\"https:\/\/fodjan.com\/de\/job\/saas_sales_representive\/\" class=\"ek-link\">Weiterlesen &gt;<\/a><\/p>\n      \n      <\/div><\/div>\n\n\n<div style=\"height:50px\" aria-hidden=\"true\" class=\"wp-block-spacer\"><\/div>\n\n\n\n<h4 class=\"wp-block-heading has-text-color\" style=\"color:#2e2e2e\">Praktika &amp; Werkstudentenstellen<\/h4>\n\n\n<p>Aktuell keine Stellen ausgeschrieben.<\/p>\n\n\n<div style=\"height:50px\" aria-hidden=\"true\" class=\"wp-block-spacer\"><\/div>\n\n\n\n<h3 class=\"wp-block-heading has-text-color\" style=\"color:#46c284\">Du passt gut ins Team, <br>aber deine Stelle ist noch nicht ausgeschrieben?<\/h3>\n\n\n\n<div style=\"height:20px\" aria-hidden=\"true\" class=\"wp-block-spacer editorskit-no-desktop editorskit-no-tablet\"><\/div>\n\n\n\n<div class=\"wp-block-columns is-layout-flex wp-container-core-columns-is-layout-9d6595d7 wp-block-columns-is-layout-flex\">\n<div class=\"wp-block-column is-vertically-aligned-center is-layout-flow wp-block-column-is-layout-flow\">\n<p class=\"has-normal-font-size\">Dann schreib uns eine Initiativbewerbung. Einfach ein kurzes Anschreiben und deinen Lebenslauf an <strong><a href=\"mailto:jobs@fodjan.de\" class=\"ek-link\"><span class=\"has-inline-color has-vivid-green-cyan-color\">jobs@fodjan.de<\/span><\/a><\/strong> senden.<\/p>\n<\/div>\n\n\n\n<div class=\"wp-block-column is-vertically-aligned-center is-layout-flow wp-block-column-is-layout-flow\">\n<figure class=\"wp-block-image size-large is-resized caption-align-center\"><img loading=\"lazy\" decoding=\"async\" width=\"152\" height=\"100\" src=\"https:\/\/fodjan.com\/wp-content\/uploads\/2020\/08\/Mail-Icon.png\" alt=\"\" class=\"wp-image-4433\" style=\"width:81px;height:53px\" srcset=\"https:\/\/fodjan.com\/wp-content\/uploads\/2020\/08\/Mail-Icon.png 152w, https:\/\/fodjan.com\/wp-content\/uploads\/2020\/08\/Mail-Icon-150x100.png 150w\" sizes=\"auto, (max-width: 152px) 100vw, 152px\" \/><\/figure>\n<\/div>\n<\/div>\n\n\n\n<div style=\"height:100px\" aria-hidden=\"true\" class=\"wp-block-spacer\"><\/div>\n<\/div><\/div>\n<\/div><\/div>\n\n\n\n<div style=\"height:100px\" aria-hidden=\"true\" class=\"wp-block-spacer editorskit-no-mobile\"><\/div>\n\n\n\n<div style=\"height:59px\" aria-hidden=\"true\" class=\"wp-block-spacer editorskit-no-desktop editorskit-no-tablet\"><\/div>\n\n\n\n<h2 class=\"wp-block-heading has-text-color\" style=\"color:#46c284\">fodjan als Arbeitgeber<\/h2>\n\n\n\n<p>Was uns ausmacht, ist unsere Arbeitsatmosph\u00e4re. Gern auf Arbeit zu kommen, <br>Dinge zu bewegen und sich gegenseitig zu unterst\u00fctzen &#8211; das ist bei uns Arbeitsalltag.<\/p>\n\n\n\n<div style=\"height:50px\" aria-hidden=\"true\" class=\"wp-block-spacer\"><\/div>\n\n\n\n<div class=\"wp-block-columns is-layout-flex wp-container-core-columns-is-layout-9d6595d7 wp-block-columns-is-layout-flex\">\n<div class=\"wp-block-column is-vertically-aligned-center is-layout-flow wp-block-column-is-layout-flow\">\n<p class=\"has-medium-font-size\"><strong>Der entspannte Arbeitsalltag bei fodjan<\/strong><\/p>\n\n\n\n<ul class=\"wp-block-list icon-list\">\n<li>Gem\u00fctliches Loungeb\u00fcro im Dschungel-Style<\/li>\n\n\n\n<li>Flexible Arbeitszeiten &amp; Home Office<\/li>\n\n\n\n<li>Kostenlose Getr\u00e4nke, Snacks &amp; Obst<\/li>\n\n\n\n<li>Moderne Technik und ergonomische Arbeitspl\u00e4tze<\/li>\n<\/ul>\n<\/div>\n\n\n\n<div class=\"wp-block-column is-layout-flow wp-block-column-is-layout-flow\"><div class=\"wp-block-image dotimg3\">\n<figure class=\"alignleft size-large is-resized\"><img loading=\"lazy\" decoding=\"async\" width=\"400\" height=\"277\" src=\"https:\/\/fodjan.com\/wp-content\/uploads\/2020\/04\/fodjan-als-arbeitgeber_1.png\" alt=\"fodjan Jobs im Dschungel-B\u00fcro\" class=\"wp-image-876\" style=\"width:400px;height:277px\" srcset=\"https:\/\/fodjan.com\/wp-content\/uploads\/2020\/04\/fodjan-als-arbeitgeber_1.png 400w, https:\/\/fodjan.com\/wp-content\/uploads\/2020\/04\/fodjan-als-arbeitgeber_1-300x208.png 300w\" sizes=\"auto, (max-width: 400px) 100vw, 400px\" \/><\/figure>\n<\/div><\/div>\n<\/div>\n\n\n\n<div class=\"wp-block-columns mobile-reverse is-layout-flex wp-container-core-columns-is-layout-9d6595d7 wp-block-columns-is-layout-flex\">\n<div class=\"wp-block-column is-vertically-aligned-center is-layout-flow wp-block-column-is-layout-flow\"><div class=\"wp-block-image dotimg4\">\n<figure class=\"alignleft size-large\"><img loading=\"lazy\" decoding=\"async\" width=\"400\" height=\"465\" src=\"https:\/\/fodjan.com\/wp-content\/uploads\/2020\/04\/fodjan-als-arbeitgeber_2.png\" alt=\"Unterwegs auf Vortr\u00e4gen und Messen\" class=\"wp-image-881\" srcset=\"https:\/\/fodjan.com\/wp-content\/uploads\/2020\/04\/fodjan-als-arbeitgeber_2.png 400w, https:\/\/fodjan.com\/wp-content\/uploads\/2020\/04\/fodjan-als-arbeitgeber_2-258x300.png 258w\" sizes=\"auto, (max-width: 400px) 100vw, 400px\" \/><\/figure>\n<\/div><\/div>\n\n\n\n<div class=\"wp-block-column is-vertically-aligned-center is-layout-flow wp-block-column-is-layout-flow\">\n<p class=\"has-medium-font-size\"><strong>Bewege etwas mit uns<\/strong><\/p>\n\n\n\n<ul class=\"wp-block-list icon-list\">\n<li>Entspanntes Teamwork an interessanten Projekten<\/li>\n\n\n\n<li>Internationale Partner und Projekte<\/li>\n\n\n\n<li>Flache Hierarchien und Raum f\u00fcr eigene Ideen<\/li>\n\n\n\n<li>Gef\u00f6rderte Weiterbildungen<\/li>\n<\/ul>\n<\/div>\n<\/div>\n\n\n\n<div class=\"wp-block-columns is-layout-flex wp-container-core-columns-is-layout-9d6595d7 wp-block-columns-is-layout-flex\">\n<div class=\"wp-block-column is-vertically-aligned-center is-layout-flow wp-block-column-is-layout-flow\">\n<p class=\"has-medium-font-size\"><strong>Quality Time: Unsere Teamevents<\/strong><\/p>\n\n\n\n<ul class=\"wp-block-list icon-list\">\n<li>Montagsfr\u00fchst\u00fcck mit dem ganzen Team<\/li>\n\n\n\n<li>Team-Meet-Ups halten dich auf Stand<\/li>\n\n\n\n<li>T\u00e4gliche &#8222;Meetings&#8220; am Kickertisch<\/li>\n\n\n\n<li>Regelm\u00e4\u00dfige Teamevents<\/li>\n<\/ul>\n<\/div>\n\n\n\n<div class=\"wp-block-column is-layout-flow wp-block-column-is-layout-flow\">\n<figure class=\"wp-block-image size-large dotimg5\"><img loading=\"lazy\" decoding=\"async\" width=\"400\" height=\"414\" src=\"https:\/\/fodjan.com\/wp-content\/uploads\/2020\/04\/fodjan-als-arbeitgeber_3.png\" alt=\"Zeit f\u00fcrs Team\" class=\"wp-image-883\" srcset=\"https:\/\/fodjan.com\/wp-content\/uploads\/2020\/04\/fodjan-als-arbeitgeber_3.png 400w, https:\/\/fodjan.com\/wp-content\/uploads\/2020\/04\/fodjan-als-arbeitgeber_3-290x300.png 290w\" sizes=\"auto, (max-width: 400px) 100vw, 400px\" \/><\/figure>\n<\/div>\n<\/div>\n\n\n\n<div style=\"height:50px\" aria-hidden=\"true\" class=\"wp-block-spacer\"><\/div>\n\n\n\n<div class=\"wp-block-columns is-layout-flex wp-container-core-columns-is-layout-9d6595d7 wp-block-columns-is-layout-flex\">\n<div class=\"wp-block-column center-me is-layout-flow wp-block-column-is-layout-flow\">\n<h2 class=\"wp-block-heading has-text-color\" style=\"color:#46c284\">Dein Kontakt f\u00fcr Bewerbungen<\/h2>\n\n\n\n<div class=\"wp-block-columns is-layout-flex wp-container-core-columns-is-layout-9d6595d7 wp-block-columns-is-layout-flex\">\n<div class=\"wp-block-column is-layout-flow wp-block-column-is-layout-flow\"><div class=\"wp-block-image\">\n<figure class=\"aligncenter size-large\"><img loading=\"lazy\" decoding=\"async\" width=\"200\" height=\"200\" src=\"https:\/\/fodjan.com\/wp-content\/uploads\/2020\/04\/KristinEsche.png\" alt=\"\" class=\"wp-image-887\" srcset=\"https:\/\/fodjan.com\/wp-content\/uploads\/2020\/04\/KristinEsche.png 200w, https:\/\/fodjan.com\/wp-content\/uploads\/2020\/04\/KristinEsche-150x150.png 150w\" sizes=\"auto, (max-width: 200px) 100vw, 200px\" \/><\/figure>\n<\/div><\/div>\n\n\n\n<div class=\"wp-block-column is-vertically-aligned-center is-layout-flow wp-block-column-is-layout-flow\">\n<p><strong>Kristin Esche<\/strong><\/p>\n\n\n\n<p>Mail: jobs@fodjan.de <br>Tel.: 0351 4188 6693<\/p>\n<\/div>\n<\/div>\n<\/div>\n\n\n\n<div class=\"wp-block-column editorskit-no-mobile is-layout-flow wp-block-column-is-layout-flow\">\n<h2 class=\"wp-block-heading has-text-color\" style=\"color:#46c284\">Unsere Tipps f\u00fcr Bewerber<\/h2>\n\n\n\n<div style=\"height:50px\" aria-hidden=\"true\" class=\"wp-block-spacer\"><\/div>\n\n\n\n<p>In deinen Bewerbungsunterlagen wollen wir erfahren, was dich an einer Mitarbeit bei fodjan interessiert und warum du dich f\u00fcr die jeweilige Stelle bewirbst. Neben dem Anschreiben sollte dein Lebenslauf einen guten \u00dcberblick \u00fcber deine F\u00e4higkeiten und Kenntnisse geben. Bitte gib auch an, \u00fcber welche Stelleanzeige oder Jobb\u00f6rse du uns gefunden hast sowie einen m\u00f6glichen Eintrittstermin und deine Gehaltsvorstellung. <br><strong>Viel Erfolg bei der Bewerbung!<\/strong><\/p>\n<\/div>\n<\/div>\n\n\n\n<div style=\"height:100px\" aria-hidden=\"true\" class=\"wp-block-spacer editorskit-no-mobile\"><\/div>\n","protected":false},"excerpt":{"rendered":"<p>\u00dcber fodjan Wir von fodjan arbeiten mit unserer Plattform f\u00fcr F\u00fctterungsmanagement von Nutztieren am Puls der Zeit der Agrarbranche. F\u00fcr [&hellip;]<\/p>\n","protected":false},"author":3,"featured_media":2430,"parent":0,"menu_order":0,"comment_status":"closed","ping_status":"closed","template":"","meta":{"_acf_changed":false,"inline_featured_image":false,"footnotes":""},"categories":[],"tags":[283],"class_list":["post-312","page","type-page","status-publish","has-post-thumbnail","hentry","tag-menueseite"],"acf":[],"yoast_head":"<!-- This site is optimized with the Yoast SEO plugin v26.8 - https:\/\/yoast.com\/product\/yoast-seo-wordpress\/ -->\n<title>fodjan smart feeding<\/title>\n<meta name=\"description\" content=\"Aktuelle Jobangebote f\u00fcr Informatiker und Agrarwissenschaftler in Dresden - Vollzeit, Praktikum, Werkstudenten. Erfahre mehr \u00fcber fodjan als Arbeitgeber.\" \/>\n<meta name=\"robots\" content=\"index, follow, max-snippet:-1, max-image-preview:large, max-video-preview:-1\" \/>\n<link rel=\"canonical\" href=\"https:\/\/fodjan.com\/de\/jobs\/\" \/>\n<meta property=\"og:locale\" content=\"de_DE\" \/>\n<meta property=\"og:type\" content=\"article\" \/>\n<meta property=\"og:title\" content=\"fodjan smart feeding Jobs - Stellen f\u00fcr Entwickler und Agrarier - Karriere im Agribusiness\" \/>\n<meta property=\"og:description\" content=\"Aktuelle Jobangebote f\u00fcr Informatiker und Agrarwissenschaftler in Dresden - Vollzeit, Praktikum, Werkstudenten. Erfahre mehr \u00fcber fodjan als Arbeitgeber.\" \/>\n<meta property=\"og:url\" content=\"https:\/\/fodjan.com\/de\/jobs\/\" \/>\n<meta property=\"og:site_name\" content=\"fodjan smart feeding\" \/>\n<meta property=\"article:publisher\" content=\"https:\/\/de-de.facebook.com\/fodjan.de\/\" \/>\n<meta property=\"article:modified_time\" content=\"2025-09-04T09:53:37+00:00\" \/>\n<meta property=\"og:image\" content=\"https:\/\/fodjan.com\/wp-content\/uploads\/2020\/05\/fodjan_Dschungelb\u00fcro-scaled.jpg\" \/>\n\t<meta property=\"og:image:width\" content=\"2560\" \/>\n\t<meta property=\"og:image:height\" content=\"1340\" \/>\n\t<meta property=\"og:image:type\" content=\"image\/jpeg\" \/>\n<meta name=\"twitter:card\" content=\"summary_large_image\" \/>\n<script type=\"application\/ld+json\" class=\"yoast-schema-graph\">{\"@context\":\"https:\/\/schema.org\",\"@graph\":[{\"@type\":\"WebPage\",\"@id\":\"https:\/\/fodjan.com\/de\/jobs\/\",\"url\":\"https:\/\/fodjan.com\/de\/jobs\/\",\"name\":\"fodjan smart feeding Jobs - Stellen f\u00fcr Entwickler und Agrarier - Karriere im Agribusiness\",\"isPartOf\":{\"@id\":\"https:\/\/fodjan.com\/de\/#website\"},\"primaryImageOfPage\":{\"@id\":\"https:\/\/fodjan.com\/de\/jobs\/#primaryimage\"},\"image\":{\"@id\":\"https:\/\/fodjan.com\/de\/jobs\/#primaryimage\"},\"thumbnailUrl\":\"https:\/\/fodjan.com\/wp-content\/uploads\/2020\/05\/fodjan_Dschungelb\u00fcro-scaled.jpg\",\"datePublished\":\"2020-04-10T15:48:53+00:00\",\"dateModified\":\"2025-09-04T09:53:37+00:00\",\"description\":\"Aktuelle Jobangebote f\u00fcr Informatiker und Agrarwissenschaftler in Dresden - Vollzeit, Praktikum, Werkstudenten. Erfahre mehr \u00fcber fodjan als Arbeitgeber.\",\"breadcrumb\":{\"@id\":\"https:\/\/fodjan.com\/de\/jobs\/#breadcrumb\"},\"inLanguage\":\"de\",\"potentialAction\":[{\"@type\":\"ReadAction\",\"target\":[\"https:\/\/fodjan.com\/de\/jobs\/\"]}]},{\"@type\":\"ImageObject\",\"inLanguage\":\"de\",\"@id\":\"https:\/\/fodjan.com\/de\/jobs\/#primaryimage\",\"url\":\"https:\/\/fodjan.com\/wp-content\/uploads\/2020\/05\/fodjan_Dschungelb\u00fcro-scaled.jpg\",\"contentUrl\":\"https:\/\/fodjan.com\/wp-content\/uploads\/2020\/05\/fodjan_Dschungelb\u00fcro-scaled.jpg\",\"width\":2560,\"height\":1340,\"caption\":\"fodjan B\u00fcro\"},{\"@type\":\"BreadcrumbList\",\"@id\":\"https:\/\/fodjan.com\/de\/jobs\/#breadcrumb\",\"itemListElement\":[{\"@type\":\"ListItem\",\"position\":1,\"name\":\"Home\",\"item\":\"https:\/\/fodjan.com\/de\/\"},{\"@type\":\"ListItem\",\"position\":2,\"name\":\"Jobs\"}]},{\"@type\":\"WebSite\",\"@id\":\"https:\/\/fodjan.com\/de\/#website\",\"url\":\"https:\/\/fodjan.com\/de\/\",\"name\":\"fodjan\",\"description\":\"Der digitale Assistent f\u00fcr die F\u00fctterung\",\"publisher\":{\"@id\":\"https:\/\/fodjan.com\/de\/#organization\"},\"alternateName\":\"smart feeding\",\"potentialAction\":[{\"@type\":\"SearchAction\",\"target\":{\"@type\":\"EntryPoint\",\"urlTemplate\":\"https:\/\/fodjan.com\/de\/?s={search_term_string}\"},\"query-input\":{\"@type\":\"PropertyValueSpecification\",\"valueRequired\":true,\"valueName\":\"search_term_string\"}}],\"inLanguage\":\"de\"},{\"@type\":\"Organization\",\"@id\":\"https:\/\/fodjan.com\/de\/#organization\",\"name\":\"fodjan GmbH\",\"alternateName\":\"smart feeding\",\"url\":\"https:\/\/fodjan.com\/de\/\",\"logo\":{\"@type\":\"ImageObject\",\"inLanguage\":\"de\",\"@id\":\"https:\/\/fodjan.com\/de\/#\/schema\/logo\/image\/\",\"url\":\"https:\/\/fodjan.com\/wp-content\/uploads\/2020\/04\/Logo_fodjan_2020.svg\",\"contentUrl\":\"https:\/\/fodjan.com\/wp-content\/uploads\/2020\/04\/Logo_fodjan_2020.svg\",\"width\":5000,\"height\":1500,\"caption\":\"fodjan GmbH\"},\"image\":{\"@id\":\"https:\/\/fodjan.com\/de\/#\/schema\/logo\/image\/\"},\"sameAs\":[\"https:\/\/de-de.facebook.com\/fodjan.de\/\",\"https:\/\/www.linkedin.com\/company\/fodjan-gmbh\",\"https:\/\/www.youtube.com\/channel\/UCKwdzpWq1uy0sblX3_VIKHg\"]}]}<\/script>\n<!-- \/ Yoast SEO plugin. -->","yoast_head_json":{"title":"fodjan smart feeding","description":"Aktuelle Jobangebote f\u00fcr Informatiker und Agrarwissenschaftler in Dresden - Vollzeit, Praktikum, Werkstudenten. Erfahre mehr \u00fcber fodjan als Arbeitgeber.","robots":{"index":"index","follow":"follow","max-snippet":"max-snippet:-1","max-image-preview":"max-image-preview:large","max-video-preview":"max-video-preview:-1"},"canonical":"https:\/\/fodjan.com\/de\/jobs\/","og_locale":"de_DE","og_type":"article","og_title":"fodjan smart feeding Jobs - Stellen f\u00fcr Entwickler und Agrarier - Karriere im Agribusiness","og_description":"Aktuelle Jobangebote f\u00fcr Informatiker und Agrarwissenschaftler in Dresden - Vollzeit, Praktikum, Werkstudenten. Erfahre mehr \u00fcber fodjan als Arbeitgeber.","og_url":"https:\/\/fodjan.com\/de\/jobs\/","og_site_name":"fodjan smart feeding","article_publisher":"https:\/\/de-de.facebook.com\/fodjan.de\/","article_modified_time":"2025-09-04T09:53:37+00:00","og_image":[{"width":2560,"height":1340,"url":"https:\/\/fodjan.com\/wp-content\/uploads\/2020\/05\/fodjan_Dschungelb\u00fcro-scaled.jpg","type":"image\/jpeg"}],"twitter_card":"summary_large_image","schema":{"@context":"https:\/\/schema.org","@graph":[{"@type":"WebPage","@id":"https:\/\/fodjan.com\/de\/jobs\/","url":"https:\/\/fodjan.com\/de\/jobs\/","name":"fodjan smart feeding Jobs - Stellen f\u00fcr Entwickler und Agrarier - Karriere im Agribusiness","isPartOf":{"@id":"https:\/\/fodjan.com\/de\/#website"},"primaryImageOfPage":{"@id":"https:\/\/fodjan.com\/de\/jobs\/#primaryimage"},"image":{"@id":"https:\/\/fodjan.com\/de\/jobs\/#primaryimage"},"thumbnailUrl":"https:\/\/fodjan.com\/wp-content\/uploads\/2020\/05\/fodjan_Dschungelb\u00fcro-scaled.jpg","datePublished":"2020-04-10T15:48:53+00:00","dateModified":"2025-09-04T09:53:37+00:00","description":"Aktuelle Jobangebote f\u00fcr Informatiker und Agrarwissenschaftler in Dresden - Vollzeit, Praktikum, Werkstudenten. Erfahre mehr \u00fcber fodjan als Arbeitgeber.","breadcrumb":{"@id":"https:\/\/fodjan.com\/de\/jobs\/#breadcrumb"},"inLanguage":"de","potentialAction":[{"@type":"ReadAction","target":["https:\/\/fodjan.com\/de\/jobs\/"]}]},{"@type":"ImageObject","inLanguage":"de","@id":"https:\/\/fodjan.com\/de\/jobs\/#primaryimage","url":"https:\/\/fodjan.com\/wp-content\/uploads\/2020\/05\/fodjan_Dschungelb\u00fcro-scaled.jpg","contentUrl":"https:\/\/fodjan.com\/wp-content\/uploads\/2020\/05\/fodjan_Dschungelb\u00fcro-scaled.jpg","width":2560,"height":1340,"caption":"fodjan B\u00fcro"},{"@type":"BreadcrumbList","@id":"https:\/\/fodjan.com\/de\/jobs\/#breadcrumb","itemListElement":[{"@type":"ListItem","position":1,"name":"Home","item":"https:\/\/fodjan.com\/de\/"},{"@type":"ListItem","position":2,"name":"Jobs"}]},{"@type":"WebSite","@id":"https:\/\/fodjan.com\/de\/#website","url":"https:\/\/fodjan.com\/de\/","name":"fodjan","description":"Der digitale Assistent f\u00fcr die F\u00fctterung","publisher":{"@id":"https:\/\/fodjan.com\/de\/#organization"},"alternateName":"smart feeding","potentialAction":[{"@type":"SearchAction","target":{"@type":"EntryPoint","urlTemplate":"https:\/\/fodjan.com\/de\/?s={search_term_string}"},"query-input":{"@type":"PropertyValueSpecification","valueRequired":true,"valueName":"search_term_string"}}],"inLanguage":"de"},{"@type":"Organization","@id":"https:\/\/fodjan.com\/de\/#organization","name":"fodjan GmbH","alternateName":"smart feeding","url":"https:\/\/fodjan.com\/de\/","logo":{"@type":"ImageObject","inLanguage":"de","@id":"https:\/\/fodjan.com\/de\/#\/schema\/logo\/image\/","url":"https:\/\/fodjan.com\/wp-content\/uploads\/2020\/04\/Logo_fodjan_2020.svg","contentUrl":"https:\/\/fodjan.com\/wp-content\/uploads\/2020\/04\/Logo_fodjan_2020.svg","width":5000,"height":1500,"caption":"fodjan GmbH"},"image":{"@id":"https:\/\/fodjan.com\/de\/#\/schema\/logo\/image\/"},"sameAs":["https:\/\/de-de.facebook.com\/fodjan.de\/","https:\/\/www.linkedin.com\/company\/fodjan-gmbh","https:\/\/www.youtube.com\/channel\/UCKwdzpWq1uy0sblX3_VIKHg"]}]}},"_links":{"self":[{"href":"https:\/\/fodjan.com\/de\/wp-json\/wp\/v2\/pages\/312","targetHints":{"allow":["GET"]}}],"collection":[{"href":"https:\/\/fodjan.com\/de\/wp-json\/wp\/v2\/pages"}],"about":[{"href":"https:\/\/fodjan.com\/de\/wp-json\/wp\/v2\/types\/page"}],"author":[{"embeddable":true,"href":"https:\/\/fodjan.com\/de\/wp-json\/wp\/v2\/users\/3"}],"replies":[{"embeddable":true,"href":"https:\/\/fodjan.com\/de\/wp-json\/wp\/v2\/comments?post=312"}],"version-history":[{"count":4,"href":"https:\/\/fodjan.com\/de\/wp-json\/wp\/v2\/pages\/312\/revisions"}],"predecessor-version":[{"id":15467,"href":"https:\/\/fodjan.com\/de\/wp-json\/wp\/v2\/pages\/312\/revisions\/15467"}],"wp:featuredmedia":[{"embeddable":true,"href":"https:\/\/fodjan.com\/de\/wp-json\/wp\/v2\/media\/2430"}],"wp:attachment":[{"href":"https:\/\/fodjan.com\/de\/wp-json\/wp\/v2\/media?parent=312"}],"wp:term":[{"taxonomy":"category","embeddable":true,"href":"https:\/\/fodjan.com\/de\/wp-json\/wp\/v2\/categories?post=312"},{"taxonomy":"post_tag","embeddable":true,"href":"https:\/\/fodjan.com\/de\/wp-json\/wp\/v2\/tags?post=312"}],"curies":[{"name":"wp","href":"https:\/\/api.w.org\/{rel}","templated":true}]}}