{"id":331,"date":"2020-04-10T18:11:07","date_gmt":"2020-04-10T16:11:07","guid":{"rendered":"http:\/\/fodjan.net\/?page_id=331"},"modified":"2024-08-14T10:42:11","modified_gmt":"2024-08-14T08:42:11","slug":"agb","status":"publish","type":"page","link":"https:\/\/fodjan.com\/de\/agb\/","title":{"rendered":"AGB"},"content":{"rendered":"\n<h3 class=\"wp-block-heading has-black-color has-text-color\">Allgemeine Gesch\u00e4ftsbedingungen<\/h3>\n\n\n\n<h4 class=\"wp-block-heading\">\u00a7 1 Geltungsbereich<\/h4>\n\n\n\n<p>(1) Diese Allgemeinen Gesch\u00e4ftsbedingungen (AGB) gelten f\u00fcr alle Gesch\u00e4ftsbeziehungen zwischen der fodjan GmbH, Gro\u00dfenhainer Stra\u00dfe 101, 01127 Dresden (nachfolgend: &#8222;fodjan&#8220;) als Anbieter bestimmter Softwaredienste im Wege von Software as a Service und dem Kunden (nachfolgend: &#8222;Nutzer&#8220;) \u00fcber die zeitlich befristete Inanspruchnahme dieser Dienste.<br>(2) Diese AGB gelten ausschlie\u00dflich. Abweichende, entgegenstehende oder erg\u00e4nzende Allgemeine Gesch\u00e4ftsbedingungen des Nutzers werden nur dann und insoweit Vertragsbestandteil, als fodjan ihrer Geltung ausdr\u00fccklich zugestimmt hat. Dieses Zustimmungserfordernis gilt in jedem Fall, beispielsweise auch dann, wenn fodjan in Kenntnis der AGB des Nutzers die geschuldeten Leistungen vorbehaltlos ausf\u00fchrt.<br>(3) Im Einzelfall getroffene, individuelle Vereinbarungen mit dem Nutzer (einschlie\u00dflich Nebenabreden, Erg\u00e4nzungen und \u00c4nderungen) haben in jedem Fall Vorrang vor diesen AGB. F\u00fcr den Inhalt derartiger Vereinbarungen ist ein schriftlicher Vertrag bzw. die schriftliche Best\u00e4tigung von fodjan ma\u00dfgebend.<br>(4) Rechtserhebliche Erkl\u00e4rungen und Anzeigen, die nach Vertragsschluss vom Nutzer gegen\u00fcber fodjan abzugeben sind, bed\u00fcrfen zu ihrer Wirksamkeit der Textform.<\/p>\n\n\n\n<h4 class=\"wp-block-heading\">\u00a7 2 Vertragsgegenstand, Vertragsschluss<\/h4>\n\n\n\n<p>(1) Gegenstand des Vertrages ist die \u00dcberlassung der Software von fodjan (nachfolgend &#8222;Software&#8220;) in der jeweils aktuellen Version zur Nutzung ihrer Funktionalit\u00e4ten \u00fcber das Internet mittels eines Internetbrowsers oder der App von fodjan auf einem mobilen Endger\u00e4t des Nutzers einschlie\u00dflich der Einr\u00e4umung von Speicherplatz auf den Servern von fodjan (nachfolgend auch &#8222;Dienst&#8220; genannt). Zu diesem Zweck richtet fodjan die Software auf einem Server ein, der \u00fcber das Internet f\u00fcr den Nutzer erreichbar ist.<br>(2) Der jeweils aktuelle Funktionsumfang der Software ergibt sich aus ihrer aktuellen Leistungsbeschreibung auf der Website unter https:\/\/fodjan.de bzw. innerhalb der App. fodjan entwickelt die Software laufend weiter und wird diese durch laufende Updates und Upgrades verbessern.<br>(3) Der Vertragsschluss au\u00dferhalb des Internetangebotes von fodjan erfolgt gem\u00e4\u00df den jeweils getroffenen Absprachen zwischen den Parteien auf der Grundlage des Angebots von fodjan bzw. eines von den Parteien schriftlich vereinbarten Vertrages.<br>(4) Bei einem Vertragsschluss \u00fcber das Internet gibt fodjan mit der Pr\u00e4sentation der Software einschlie\u00dflich der Bereitstellung der M\u00f6glichkeit zum Vertragsschluss ein verbindliches Angebot ab. Der Vertrag kommt zustande, indem der Kunde durch Anklicken des entsprechenden Bestellbuttons das Angebot \u00fcber das jeweilige Softwareprodukt annimmt. Unmittelbar nach dem Absenden der Bestellung erh\u00e4lt der Nutzer noch einmal eine Best\u00e4tigung per E-Mail.<br>(5) Bei einer Inanspruchnahme des Dienstes \u00fcber die App von fodjan stellt deren Bereitstellung zum Download im jeweiligen App Store ein verbindliches Vertragsangebot dar, welches der Nutzer durch das Herunterladen der App sowie der Zustimmung zu diesen Allgemeinen Gesch\u00e4ftsbedingungen annimmt. fodjan stellt die App in einer unentgeltlichen Version zur Verf\u00fcgung. Dar\u00fcber hinaus besteht die M\u00f6glichkeit, innerhalb der unentgeltlichen Version auf eine entgeltliche Version zu wechseln. Vor dem Abschluss eines Vertrages \u00fcber die Nutzung der entgeltlichen Version erh\u00e4lt der Nutzer innerhalb der App eine Mitteilung \u00fcber die entstehenden Kosten sowie die weiteren relevanten Details. Erst hiernach besteht die M\u00f6glichkeit, die entgeltliche Version durch Best\u00e4tigung des entsprechenden Buttons in Anspruch zu nehmen.<\/p>\n\n\n\n<h4 class=\"wp-block-heading\">\u00a7 3 Pflichten von fodjan<\/h4>\n\n\n\n<p>(1) fodjan ist verpflichtet, dem Nutzer die Software gem. \u00a7 2 Abs. 1 bereitzuhalten und zug\u00e4nglich zu machen. Die Verpflichtung ist erf\u00fcllt, wenn dem Nutzer der Dienst in einem Monatsmittel (30 Tage) von 99% zur Verf\u00fcgung steht.<br>(2) Zus\u00e4tzlich stellt fodjan dem Nutzer die f\u00fcr die vertragsgem\u00e4\u00dfe Nutzung des Dienstes erforderliche Menge an Speicherplatz auf seinem Server bereit.<br>(3) fodjan r\u00e4umt dem Nutzer ein nicht ausschlie\u00dfliches und zeitlich auf die Laufzeit dieses Vertrages beschr\u00e4nktes Recht zur Online-Nutzung des Dienstes einschlie\u00dflich der f\u00fcr den vertragsgem\u00e4\u00dfen Gebrauch erforderlichen Vervielf\u00e4ltigungen ein. Zur notwendigen Vervielf\u00e4ltigung z\u00e4hlt das Laden der Software in den Arbeitsspeicher auf dem Server, nicht jedoch die auch nur vor\u00fcbergehende Installation oder das Speichern der Software auf Datentr\u00e4gern des Nutzers. Eine physische \u00dcberlassung der Software an den Nutzer erfolgt nicht. Die Nutzung des Dienstes ist auf die vertraglich vereinbarte Anzahl von Personen beschr\u00e4nkt. Der Nutzer ist nicht berechtigt, den Dienst von fodjan Dritten entgeltlich oder unentgeltlich zur Nutzung zur Verf\u00fcgung zu stellen. Eine Weitervermietung der Software wird dem Nutzer somit ausdr\u00fccklich untersagt.<br>(4) fodjan wird auftretende Fehler der Software nach Ma\u00dfgabe der technischen M\u00f6glichkeiten in angemessener Zeit beheben. Ein Fehler der Software liegt insbesondere vor, wenn die in der Leistungsbeschreibung angegebenen Funktionen teilweise oder insgesamt nicht zur Verf\u00fcgung stehen oder der Ablauf der Software unkontrolliert abbricht.<br>(5) fodjan stellt dem Nutzer eine Bedienungsanleitung in Form einer Hilfefunktion innerhalb des Dienstes oder in Form einer gesonderten elektronischen Dokumentation, die der Nutzer online abrufen und sich bei Bedarf ausdrucken kann, zur Verf\u00fcgung.<br>(6) fodjan ist nicht verpflichtet, die Software auf einem eigenen Server bereitzuhalten. Der Einsatz von Nachunternehmern entbindet fodjan jedoch nicht von seiner alleinigen Verpflichtung gegen\u00fcber dem Nutzer zur vollst\u00e4ndigen Vertragserf\u00fcllung.<br>(7) Der Nutzer hat die M\u00f6glichkeit, auf den von fodjan genutzten Servern Daten abzulegen, auf die er im Zusammenhang mit der Nutzung der \u00fcberlassenen Software zugreifen kann. F\u00fcr die Beachtung der handels- und steuerrechtlichen Aufbewahrungsfristen ist der Nutzer selbst verantwortlich. Verarbeitet der Nutzer im Rahmen dieses Vertragsverh\u00e4ltnisses personenbezogene Daten, so ist er f\u00fcr die Einhaltung der datenschutzrechtlichen Vorschriften verantwortlich. fodjan wird die vom Nutzer \u00fcbermittelten personenbezogenen Daten nur im Rahmen der Weisungen des Nutzers verarbeiten.<br>(8) fodjan trifft die erforderlichen technischen sowie organisatorischen Sicherheitsvorkehrungen und Ma\u00dfnahmen zum Schutz seiner Systeme. fodjan sch\u00fctzt insbesondere die in seinem Zugriff liegenden Dienste und Systeme sowie die vom Nutzer auf dem Server von fodjan gespeicherten Daten gegen unbefugte Kenntnisnahme, Speicherung, Ver\u00e4nderung oder anderweitige nicht autorisierte Zugriffe oder Angriffe Dritter. fodjan ergreift hierzu die geeigneten und \u00fcblichen Ma\u00dfnahmen, die nach dem Stand der Technik geboten sind, insbesondere regelm\u00e4\u00dfige Updates, Schutz gegen sch\u00e4dliche Programme, sowie sonstige Sicherung seiner Einrichtung einschlie\u00dflich des Schutzes gegen Einbruch.<\/p>\n\n\n\n<h4 class=\"wp-block-heading\">\u00a7 4 Pflichten des Nutzers<\/h4>\n\n\n\n<p>(1) Der Nutzer \u00fcbernimmt es, eine Datenverbindung zwischen der von ihm zur Nutzung des Dienstes vorgesehenen Hardware und dem von fodjan definierten Daten\u00fcbergabepunkt (Routerausgang des Rechenzentrums) herzustellen. Gleiches gilt f\u00fcr die Installation und den Betrieb der beim Nutzer erforderlichen Zugriffssoftware (Internetbrowser, App).<br>(2) Der Nutzer hat Vorkehrungen gegen unberechtigte Zugriffe Dritter auf die Software zu treffen. Er ist zudem verpflichtet, seine Zugangsdaten gegen\u00fcber unbefugten Dritten geheim zu halten und sicher vor deren Zugriff aufzubewahren, so dass ein Missbrauch der Daten durch Dritte f\u00fcr den Zugang unm\u00f6glich ist. Das pers\u00f6nliche Kennwort ist in regelm\u00e4\u00dfigen Abst\u00e4nden zu \u00e4ndern.<br>(3) Dem Nutzer ist eine Umarbeitung, \u00c4nderung, Vervielf\u00e4ltigung oder Dekompilierung der Software nicht gestattet, soweit diese nicht durch \u00a7\u00a7 69d, 69e Urheberrechtsgesetz erlaubt sind.<br>(4) Unbeschadet der Verpflichtung von fodjan gem. \u00a7 3 Abs. 8 ist der Kunde selbst f\u00fcr die Eingabe, Sicherung und Pflege seiner zur Nutzung des Dienstes erforderlichen Daten und Informationen verantwortlich.<br>(5) Der Nutzer ist verpflichtet, M\u00e4ngel des Dienstes, insbesondere der Software, unter Beschreibung des Zeitpunkt des Auftretens sowie der n\u00e4heren Umst\u00e4nde fodjan unverz\u00fcglich anzuzeigen.<\/p>\n\n\n\n<h4 class=\"wp-block-heading\">\u00a7 5 Nutzungsrechte zugunsten fodjans<\/h4>\n\n\n\n<p>(1) Die vom Nutzer auf dem f\u00fcr ihn bestimmten Speicherplatz abgelegten Anwendungsdaten stehen in alleiniger Verf\u00fcgungsbefugnis des Kunden. Hierbei handelt es sich um die vom Nutzer durch die Nutzung des Dienstes erzeugten und\/oder die zur Nutzung des Dienstes erforderlichen Daten.<br>(2) Der Nutzer r\u00e4umt fodjan zun\u00e4chst das Recht ein, die auf dem Server abgelegten Inhalte zu speichern und dem Nutzer bei dessen Abfragen \u00fcber das Internet zug\u00e4nglich zu machen, insbesondere sie hierzu zu vervielf\u00e4ltigen und zu \u00fcbermitteln sowie zum Zwecke der Datensicherung zu vervielf\u00e4ltigen.<br>(3) Dar\u00fcber hinaus r\u00e4umt der Nutzer fodjan ein nicht ausschlie\u00dfliches, zeitlich und r\u00e4umlich unbefristetes sowie unentgeltliches Nutzungsrecht an den Anwendungsdaten insbesondere zum Zweck der Verbesserung und Weiterentwicklung des Dienstes ein. Davon ausgenommen sind personenbezogene Daten, f\u00fcr die \u00a7 3 Abs. 7 gilt.<\/p>\n\n\n\n<h4 class=\"wp-block-heading\">\u00a7 6 Verg\u00fctung<\/h4>\n\n\n\n<p>(1) Die Verg\u00fctung f\u00fcr die zu erbringenden Leistungen ist nach Wahl des Nutzers zu den von fodjan angebotenen Intervallen nach Rechnungslegung zu leisten. Rechnungen sind innerhalb von 14 Tagen nach Rechnungsstellung ohne Abzug zu zahlen.<br>(2) fodjan ist berechtigt, die vereinbarten Preise f\u00fcr die vertraglichen Leistungen zum Ausgleich von Personal- und sonstigen Kostensteigerungen schriftlich oder per E-Mail mit einer Ank\u00fcndigungsfrist von zwei Monaten zum darauf folgenden Monatsbeginn zu \u00e4ndern. Der Nutzer hat das Recht, das Vertragsverh\u00e4ltnis innerhalb einer Frist von einem Monat nach Zugang der Ank\u00fcndigung in Textform zu k\u00fcndigen. Auf dieses K\u00fcndigungsrecht wird fodjan den Nutzer zusammen mit jeder Ank\u00fcndigung hinweisen.<\/p>\n\n\n\n<h4 class=\"wp-block-heading\">\u00a7 7 Haftung<\/h4>\n\n\n\n<p>(1) fodjan haftet nur bei Vorsatz oder grober Fahrl\u00e4ssigkeit. F\u00fcr einfache Fahrl\u00e4ssigkeit haftet fodjan nur bei der Verletzung einer Pflicht, deren Erf\u00fcllung die ordnungsgem\u00e4\u00dfe Durchf\u00fchrung des Vertrages \u00fcberhaupt erst erm\u00f6glicht und auf deren Einhaltung der Nutzer regelm\u00e4\u00dfig vertrauen darf (&#8222;Kardinalspflicht&#8220;). Im \u00dcbrigen ist eine Schadensersatzhaftung f\u00fcr Sch\u00e4den aller Art, gleich aufgrund welcher Anspruchsgrundlage, einschlie\u00dflich der Haftung f\u00fcr Verschulden bei Vertragsschluss, ausgeschlossen.<br>(2) Bei einer Haftung f\u00fcr leichte Fahrl\u00e4ssigkeit ist die Haftung fodjans auf den Schaden begrenzt, mit dessen Entstehen er nach den bei Vertragsschluss bekannten Umst\u00e4nden typischerweise rechnen musste.<br>(3) fodjan haftet bei einfach fahrl\u00e4ssig verursachtem Datenverlust nur f\u00fcr den Schaden, der auch bei ordnungsgem\u00e4\u00dfer und regelm\u00e4\u00dfiger, der Bedeutung der Daten angemessener Datensicherung durch den Nutzer angefallen w\u00e4re; diese Begrenzung gilt nicht, wenn die Datensicherung aus von fodjan zu vertretenden Gr\u00fcnden behindert oder unm\u00f6glich war.<br>(4) Vorstehende Haftungsausschl\u00fcsse und -beschr\u00e4nkungen gelten weder, wenn fodjan eine Garantie f\u00fcr die Beschaffenheit der Leistungen \u00fcbernommen hat, noch f\u00fcr Sch\u00e4den, die nach dem Produkthaftungsgesetz zu ersetzen sind, noch f\u00fcr Sch\u00e4den an Leben, K\u00f6rper oder Gesundheit.<br>(5) Vorstehende Haftungsausschl\u00fcsse und -beschr\u00e4nkungen gelten auch zugunsten der Mitarbeiter, Erf\u00fcllungsgehilfen oder sonstiger Dritter, deren sich fodjan zur Vertragserf\u00fcllung bedient.<br>(6) F\u00fcr vom Nutzer erstellte Inhalte \u00fcbernimmt fodjan nicht die inhaltliche Verantwortung. F\u00fcr fodjan besteht keine Pflicht, die gelieferten Inhalte auf ihre Rechtm\u00e4\u00dfigkeit zu pr\u00fcfen.<br>(7) Sollten die vom Nutzer auf den vertragsgegenst\u00e4ndlichen Speicherplatz gespeicherten Inhalte Rechtsverst\u00f6\u00dfe enthalten, so stellt er fodjan von s\u00e4mtlichen hieraus resultierenden Anspr\u00fcchen frei und tr\u00e4gt die daraus resultierenden Kosten. Hiervon werden auch die Kosten f\u00fcr die Rechtsverteidigung erfasst.<\/p>\n\n\n\n<h4 class=\"wp-block-heading\">\u00a7 8 Ab\u00e4nderungsvorbehalt<\/h4>\n\n\n\n<p>Soweit nicht bereits anderweitig speziell geregelt, ist fodjan berechtigt, diese Vertragsbedingungen wie folgt zu \u00e4ndern oder zu erg\u00e4nzen: fodjan wird dem Nutzer die \u00c4nderungen oder Erg\u00e4nzungen sp\u00e4testens sechs Wochen vor ihrem Wirksamwerden in Textform ank\u00fcndigen. Ist der Nutzer mit den \u00c4nderungen oder Erg\u00e4nzungen der Vertragsbedingungen nicht einverstanden, so kann er den \u00c4nderungen mit einer Frist von einer Woche zum Zeitpunkt des beabsichtigten Wirksamwerdens der \u00c4nderungen oder Erg\u00e4nzungen widersprechen. Der Widerspruch bedarf der Schriftform. Widerspricht der Nutzer nicht, so gelten die \u00c4nderungen oder Erg\u00e4nzungen der Vertragsbedingungen als von ihm genehmigt. fodjan wird den Nutzer mit der Mitteilung der \u00c4nderungen oder Erg\u00e4nzungen der Vertragsbedingungen auf die vorgesehene Bedeutung seines Verhaltens besonders hinweisen.<\/p>\n\n\n\n<h4 class=\"wp-block-heading\">\u00a7 9 Laufzeit, K\u00fcndigung<\/h4>\n\n\n\n<p>(1) Der Vertrag wird auf unbestimmte Zeit geschlossen. Er kann von jeder Partei unter Einhaltung einer ordentlichen K\u00fcndigungsfrist zum Monatsende gek\u00fcndigt werden. Die K\u00fcndigungsfrist entspricht dem Zeitraum der vom Nutzer gew\u00e4hlten Zahlungsperiode (\u00a7 6 Abs. 1). Die K\u00fcndigung hat in Textform zu erfolgen. Unabh\u00e4ngig davon endet im Falle einer dem Nutzer zeitlich befristet einger\u00e4umten unentgeltlichen Nutzungsm\u00f6glichkeit zu Testzwecken der Vertrag mit Ablauf des jeweils vereinbarten Testzeitraumes, es sei denn, dass der Nutzer sich f\u00fcr die entgeltliche Fortsetzung des Nutzungsvertrages entscheidet, f\u00fcr den dann im \u00dcbrigen die Bestimmungen dieser Allgemeinen Gesch\u00e4ftsbedingungen gelten.<br>(2) Das Recht auf K\u00fcndigung aus wichtigem Grund bleibt unber\u00fchrt. Ein wichtiger Grund liegt insbesondere vor, wenn der Nutzer schuldhaft gegen seine Pflichten aus dem Vertragsverh\u00e4ltnis verst\u00f6\u00dft und es fodjan nicht zugemutet werden kann, den Ablauf der K\u00fcndigungsfrist abzuwarten.<br>(3) fodjan wird dem Nutzer nach Beendigung des Vertrages auf dessen Anfrage sowie gegen \u00dcbernahme der hierdurch entstehenden notwendigen Kosten die vom Nutzer auf dem Server von fodjan abgelegten Inhalte und Daten \u00fcbergeben. Die Herausgabe erfolgt durch \u00dcbergabe einer Datei nach Wahl von fodjan auf einem Datentr\u00e4ger oder durch \u00dcbersendung \u00fcber das Internet. \u00a7 5 Abs. 3 dieser AGBs bleibt unber\u00fchrt.<\/p>\n\n\n\n<h4 class=\"wp-block-heading\">\u00a7 10 Schlussbestimmungen<\/h4>\n\n\n\n<p>(1) Die Abtretung von Forderungen ist nur mit vorheriger schriftlicher Zustimmung der anderen Vertragspartei zul\u00e4ssig. Die Zustimmung darf nicht unbillig verweigert werden. Die Regelung des \u00a7 354a HGB bleibt hiervon unber\u00fchrt.<br>(2) Ein Zur\u00fcckbehaltungsrecht kann nur wegen Gegenanspr\u00fcchen aus dem jeweiligen Vertragsverh\u00e4ltnis geltend gemacht werden.<br>(3) Die Vertragsparteien k\u00f6nnen nur mit Forderungen aufrechnen, die rechtskr\u00e4ftig festgestellt oder unbestritten sind.<br>(4) Sollten einzelne Bestimmungen der Parteivereinbarungen ganz oder teilweise unwirksam sein oder werden, wird die Wirksamkeit der \u00fcbrigen Bestimmungen hierdurch nicht ber\u00fchrt. Die Parteien verpflichten sich f\u00fcr diesen Fall, die ung\u00fcltige Bestimmung durch eine wirksame Bestimmung zu ersetzen, die dem wirtschaftlichen Zweck der ung\u00fcltigen Bestimmung m\u00f6glichst nahe kommt. Entsprechendes gilt f\u00fcr etwaige L\u00fccken der Vereinbarungen.<br>(5) Es gilt das Recht der Bundesrepublik Deutschland.<br>(6) Der Gerichtsstand ist Dresden, wenn der Nutzer Kaufmann, juristische Person des \u00f6ffentlichen Rechts oder \u00f6ffentlich-rechtliches Sonderverm\u00f6gen ist.<\/p>\n\n\n\n<p><\/p>\n\n\n\n<div style=\"height:100px\" aria-hidden=\"true\" class=\"wp-block-spacer\"><\/div>\n","protected":false},"excerpt":{"rendered":"<p>Allgemeine Gesch\u00e4ftsbedingungen \u00a7 1 Geltungsbereich (1) Diese Allgemeinen Gesch\u00e4ftsbedingungen (AGB) gelten f\u00fcr alle Gesch\u00e4ftsbeziehungen zwischen der fodjan GmbH, Gro\u00dfenhainer Stra\u00dfe [&hellip;]<\/p>\n","protected":false},"author":3,"featured_media":0,"parent":0,"menu_order":0,"comment_status":"closed","ping_status":"closed","template":"","meta":{"_acf_changed":false,"inline_featured_image":false,"footnotes":""},"categories":[],"tags":[280],"class_list":["post-331","page","type-page","status-publish","hentry","tag-footerseite"],"acf":[],"yoast_head":"<!-- This site is optimized with the Yoast SEO plugin v26.8 - https:\/\/yoast.com\/product\/yoast-seo-wordpress\/ -->\n<title>fodjan smart feeding<\/title>\n<meta name=\"description\" content=\"Hier beantworten wir Ihnen alle Fragen rund um die Vetragsbedingungen f\u00fcr Ihre fodjan Lizenz, K\u00fcndigungsm\u00f6glichkeiten, uvm.\" \/>\n<meta name=\"robots\" content=\"index, follow, max-snippet:-1, max-image-preview:large, max-video-preview:-1\" \/>\n<link rel=\"canonical\" href=\"https:\/\/fodjan.com\/de\/agb\/\" \/>\n<meta property=\"og:locale\" content=\"de_DE\" \/>\n<meta property=\"og:type\" content=\"article\" \/>\n<meta property=\"og:title\" content=\"AGB - Allgemeine Gesch\u00e4ftsbedingungen | fodjan\" \/>\n<meta property=\"og:description\" content=\"Hier beantworten wir Ihnen alle Fragen rund um die Vetragsbedingungen f\u00fcr Ihre fodjan Lizenz, K\u00fcndigungsm\u00f6glichkeiten, uvm.\" \/>\n<meta property=\"og:url\" content=\"https:\/\/fodjan.com\/de\/agb\/\" \/>\n<meta property=\"og:site_name\" content=\"fodjan smart feeding\" \/>\n<meta property=\"article:publisher\" content=\"https:\/\/de-de.facebook.com\/fodjan.de\/\" \/>\n<meta property=\"article:modified_time\" content=\"2024-08-14T08:42:11+00:00\" \/>\n<meta property=\"og:image\" content=\"https:\/\/fodjan.com\/wp-content\/uploads\/2020\/05\/fodjan_App.jpg\" \/>\n\t<meta property=\"og:image:width\" content=\"1920\" \/>\n\t<meta property=\"og:image:height\" content=\"1280\" \/>\n\t<meta property=\"og:image:type\" content=\"image\/jpeg\" \/>\n<meta name=\"twitter:card\" content=\"summary_large_image\" \/>\n<script type=\"application\/ld+json\" class=\"yoast-schema-graph\">{\"@context\":\"https:\/\/schema.org\",\"@graph\":[{\"@type\":\"WebPage\",\"@id\":\"https:\/\/fodjan.com\/de\/agb\/\",\"url\":\"https:\/\/fodjan.com\/de\/agb\/\",\"name\":\"AGB - Allgemeine Gesch\u00e4ftsbedingungen | fodjan\",\"isPartOf\":{\"@id\":\"https:\/\/fodjan.com\/de\/#website\"},\"datePublished\":\"2020-04-10T16:11:07+00:00\",\"dateModified\":\"2024-08-14T08:42:11+00:00\",\"description\":\"Hier beantworten wir Ihnen alle Fragen rund um die Vetragsbedingungen f\u00fcr Ihre fodjan Lizenz, K\u00fcndigungsm\u00f6glichkeiten, uvm.\",\"breadcrumb\":{\"@id\":\"https:\/\/fodjan.com\/de\/agb\/#breadcrumb\"},\"inLanguage\":\"de\",\"potentialAction\":[{\"@type\":\"ReadAction\",\"target\":[\"https:\/\/fodjan.com\/de\/agb\/\"]}]},{\"@type\":\"BreadcrumbList\",\"@id\":\"https:\/\/fodjan.com\/de\/agb\/#breadcrumb\",\"itemListElement\":[{\"@type\":\"ListItem\",\"position\":1,\"name\":\"Home\",\"item\":\"https:\/\/fodjan.com\/de\/\"},{\"@type\":\"ListItem\",\"position\":2,\"name\":\"AGB\"}]},{\"@type\":\"WebSite\",\"@id\":\"https:\/\/fodjan.com\/de\/#website\",\"url\":\"https:\/\/fodjan.com\/de\/\",\"name\":\"fodjan\",\"description\":\"Der digitale Assistent f\u00fcr die F\u00fctterung\",\"publisher\":{\"@id\":\"https:\/\/fodjan.com\/de\/#organization\"},\"alternateName\":\"smart feeding\",\"potentialAction\":[{\"@type\":\"SearchAction\",\"target\":{\"@type\":\"EntryPoint\",\"urlTemplate\":\"https:\/\/fodjan.com\/de\/?s={search_term_string}\"},\"query-input\":{\"@type\":\"PropertyValueSpecification\",\"valueRequired\":true,\"valueName\":\"search_term_string\"}}],\"inLanguage\":\"de\"},{\"@type\":\"Organization\",\"@id\":\"https:\/\/fodjan.com\/de\/#organization\",\"name\":\"fodjan GmbH\",\"alternateName\":\"smart feeding\",\"url\":\"https:\/\/fodjan.com\/de\/\",\"logo\":{\"@type\":\"ImageObject\",\"inLanguage\":\"de\",\"@id\":\"https:\/\/fodjan.com\/de\/#\/schema\/logo\/image\/\",\"url\":\"https:\/\/fodjan.com\/wp-content\/uploads\/2020\/04\/Logo_fodjan_2020.svg\",\"contentUrl\":\"https:\/\/fodjan.com\/wp-content\/uploads\/2020\/04\/Logo_fodjan_2020.svg\",\"width\":5000,\"height\":1500,\"caption\":\"fodjan GmbH\"},\"image\":{\"@id\":\"https:\/\/fodjan.com\/de\/#\/schema\/logo\/image\/\"},\"sameAs\":[\"https:\/\/de-de.facebook.com\/fodjan.de\/\",\"https:\/\/www.linkedin.com\/company\/fodjan-gmbh\",\"https:\/\/www.youtube.com\/channel\/UCKwdzpWq1uy0sblX3_VIKHg\"]}]}<\/script>\n<!-- \/ Yoast SEO plugin. -->","yoast_head_json":{"title":"fodjan smart feeding","description":"Hier beantworten wir Ihnen alle Fragen rund um die Vetragsbedingungen f\u00fcr Ihre fodjan Lizenz, K\u00fcndigungsm\u00f6glichkeiten, uvm.","robots":{"index":"index","follow":"follow","max-snippet":"max-snippet:-1","max-image-preview":"max-image-preview:large","max-video-preview":"max-video-preview:-1"},"canonical":"https:\/\/fodjan.com\/de\/agb\/","og_locale":"de_DE","og_type":"article","og_title":"AGB - Allgemeine Gesch\u00e4ftsbedingungen | fodjan","og_description":"Hier beantworten wir Ihnen alle Fragen rund um die Vetragsbedingungen f\u00fcr Ihre fodjan Lizenz, K\u00fcndigungsm\u00f6glichkeiten, uvm.","og_url":"https:\/\/fodjan.com\/de\/agb\/","og_site_name":"fodjan smart feeding","article_publisher":"https:\/\/de-de.facebook.com\/fodjan.de\/","article_modified_time":"2024-08-14T08:42:11+00:00","og_image":[{"width":1920,"height":1280,"url":"https:\/\/fodjan.com\/wp-content\/uploads\/2020\/05\/fodjan_App.jpg","type":"image\/jpeg"}],"twitter_card":"summary_large_image","schema":{"@context":"https:\/\/schema.org","@graph":[{"@type":"WebPage","@id":"https:\/\/fodjan.com\/de\/agb\/","url":"https:\/\/fodjan.com\/de\/agb\/","name":"AGB - Allgemeine Gesch\u00e4ftsbedingungen | fodjan","isPartOf":{"@id":"https:\/\/fodjan.com\/de\/#website"},"datePublished":"2020-04-10T16:11:07+00:00","dateModified":"2024-08-14T08:42:11+00:00","description":"Hier beantworten wir Ihnen alle Fragen rund um die Vetragsbedingungen f\u00fcr Ihre fodjan Lizenz, K\u00fcndigungsm\u00f6glichkeiten, uvm.","breadcrumb":{"@id":"https:\/\/fodjan.com\/de\/agb\/#breadcrumb"},"inLanguage":"de","potentialAction":[{"@type":"ReadAction","target":["https:\/\/fodjan.com\/de\/agb\/"]}]},{"@type":"BreadcrumbList","@id":"https:\/\/fodjan.com\/de\/agb\/#breadcrumb","itemListElement":[{"@type":"ListItem","position":1,"name":"Home","item":"https:\/\/fodjan.com\/de\/"},{"@type":"ListItem","position":2,"name":"AGB"}]},{"@type":"WebSite","@id":"https:\/\/fodjan.com\/de\/#website","url":"https:\/\/fodjan.com\/de\/","name":"fodjan","description":"Der digitale Assistent f\u00fcr die F\u00fctterung","publisher":{"@id":"https:\/\/fodjan.com\/de\/#organization"},"alternateName":"smart feeding","potentialAction":[{"@type":"SearchAction","target":{"@type":"EntryPoint","urlTemplate":"https:\/\/fodjan.com\/de\/?s={search_term_string}"},"query-input":{"@type":"PropertyValueSpecification","valueRequired":true,"valueName":"search_term_string"}}],"inLanguage":"de"},{"@type":"Organization","@id":"https:\/\/fodjan.com\/de\/#organization","name":"fodjan GmbH","alternateName":"smart feeding","url":"https:\/\/fodjan.com\/de\/","logo":{"@type":"ImageObject","inLanguage":"de","@id":"https:\/\/fodjan.com\/de\/#\/schema\/logo\/image\/","url":"https:\/\/fodjan.com\/wp-content\/uploads\/2020\/04\/Logo_fodjan_2020.svg","contentUrl":"https:\/\/fodjan.com\/wp-content\/uploads\/2020\/04\/Logo_fodjan_2020.svg","width":5000,"height":1500,"caption":"fodjan GmbH"},"image":{"@id":"https:\/\/fodjan.com\/de\/#\/schema\/logo\/image\/"},"sameAs":["https:\/\/de-de.facebook.com\/fodjan.de\/","https:\/\/www.linkedin.com\/company\/fodjan-gmbh","https:\/\/www.youtube.com\/channel\/UCKwdzpWq1uy0sblX3_VIKHg"]}]}},"_links":{"self":[{"href":"https:\/\/fodjan.com\/de\/wp-json\/wp\/v2\/pages\/331","targetHints":{"allow":["GET"]}}],"collection":[{"href":"https:\/\/fodjan.com\/de\/wp-json\/wp\/v2\/pages"}],"about":[{"href":"https:\/\/fodjan.com\/de\/wp-json\/wp\/v2\/types\/page"}],"author":[{"embeddable":true,"href":"https:\/\/fodjan.com\/de\/wp-json\/wp\/v2\/users\/3"}],"replies":[{"embeddable":true,"href":"https:\/\/fodjan.com\/de\/wp-json\/wp\/v2\/comments?post=331"}],"version-history":[{"count":2,"href":"https:\/\/fodjan.com\/de\/wp-json\/wp\/v2\/pages\/331\/revisions"}],"predecessor-version":[{"id":14995,"href":"https:\/\/fodjan.com\/de\/wp-json\/wp\/v2\/pages\/331\/revisions\/14995"}],"wp:attachment":[{"href":"https:\/\/fodjan.com\/de\/wp-json\/wp\/v2\/media?parent=331"}],"wp:term":[{"taxonomy":"category","embeddable":true,"href":"https:\/\/fodjan.com\/de\/wp-json\/wp\/v2\/categories?post=331"},{"taxonomy":"post_tag","embeddable":true,"href":"https:\/\/fodjan.com\/de\/wp-json\/wp\/v2\/tags?post=331"}],"curies":[{"name":"wp","href":"https:\/\/api.w.org\/{rel}","templated":true}]}}