{"id":13930,"date":"2023-06-28T09:10:38","date_gmt":"2023-06-28T07:10:38","guid":{"rendered":"https:\/\/fodjan.com\/?page_id=13930"},"modified":"2025-09-01T09:23:16","modified_gmt":"2025-09-01T07:23:16","slug":"mentions-legales","status":"publish","type":"page","link":"https:\/\/fodjan.com\/fr\/mentions-legales\/","title":{"rendered":"Mentions l\u00e9gales"},"content":{"rendered":"\n<h4 class=\"wp-block-heading\">Adresse<\/h4>\n\n\n\n<p>fodjan GmbH<br>Gro\u00dfenhainer Stra\u00dfe 101<br>01127 Dresden<\/p>\n\n\n\n<h4 class=\"wp-block-heading\">Repr\u00e9sent\u00e9 par<\/h4>\n\n\n\n<p>Henri Geerts<\/p>\n\n\n\n<h4 class=\"wp-block-heading\">Contact<\/h4>\n\n\n\n<p>T\u00e9l\u00e9phone:+49 351 4188 6693<br>E-mail: <a href=\"mailto:info@fodjan.de\">info@fodjan.de<\/a><br>Internet: <a class=\"ek-link\" href=\"https:\/\/fodjan.com\">https:\/\/fodjan.com<\/a><\/p>\n\n\n\n<h4 class=\"wp-block-heading\">Inscription au registre<\/h4>\n\n\n\n<p>Amtsgericht Dresden HRB 33719 (Tribunal d&rsquo;instance)<br>N\u00b0 de TVA: DE296779672<\/p>\n\n\n\n<h4 class=\"wp-block-heading\">Coordonn\u00e9es bancaires<\/h4>\n\n\n\n<p>Commerzbank AG<br>IBAN: DE41 8504 0000 0104 4320 00<br>BIC: COBADEFFXXX<\/p>\n\n\n\n<h4 class=\"wp-block-heading\">D\u00e9l\u00e9gu\u00e9 externe \u00e0 la protection des donn\u00e9es<\/h4>\n\n\n\n<p>Alexander Weidenhammer<br>DID Dresdner Institut f\u00fcr Datenschutz | Stiftung b\u00fcrgerlichen Rechts<br><a href=\"mailto:datenschutz@fodjan.de\" class=\"ek-link\">datenschutz@fodjan.de<\/a><\/p>\n\n\n\n<h4 class=\"wp-block-heading\">R\u00e8glement des litiges en ligne<\/h4>\n\n\n\n<p>La Commission europ\u00e9enne met \u00e0 disposition une plateforme de r\u00e8glement en ligne des litiges (RLL).<br>Vous trouverez la plate-forme sur&nbsp;<a href=\"http:\/\/ec.europa.eu\/consumers\/odr\/\" target=\"_blank\" rel=\"noreferrer noopener\">http:\/\/ec.europa.eu\/consumers\/odr<\/a>.<br>Notre adresse e-mail: info@fodjan.de<\/p>\n\n\n\n<h4 class=\"wp-block-heading\">Clause de non-responsabilit\u00e9<\/h4>\n\n\n\n<h5 class=\"wp-block-heading\">Responsabilit\u00e9 du contenu<\/h5>\n\n\n\n<p>Bien que nous nous efforcions d&rsquo;assurer l&rsquo;actualit\u00e9, l&rsquo;exhaustivit\u00e9 et l&rsquo;exactitude du contenu de nos pages, nous ne pouvons pas le garantir.<\/p>\n\n\n\n<p>Conform\u00e9ment \u00e0 l&rsquo;article 7, paragraphe 1, de la loi allemande sur les t\u00e9l\u00e9m\u00e9dias (TMG), nous sommes responsables, en tant que prestataire de services, de nos propres contenus sur nos pages selon les lois g\u00e9n\u00e9rales.<\/p>\n\n\n\n<p>Nous n&rsquo;avons cependant pas l&rsquo;obligation de surveiller les informations transmises ou enregistr\u00e9es par des tiers (\u00a7\u00a7 8-10 TMG). D\u00e8s que nous aurons connaissance de violations de la loi, nous supprimerons imm\u00e9diatement les contenus correspondants. Nous n&rsquo;assumons toutefois une telle responsabilit\u00e9 qu&rsquo;\u00e0 partir du moment o\u00f9 nous avons connaissance de violations concr\u00e8tes de la loi.<\/p>\n\n\n\n<h5 class=\"wp-block-heading\">Responsabilit\u00e9 pour les liens<\/h5>\n\n\n\n<p>Nos pages contiennent des liens vers des sites web externes de tiers. Nous n&rsquo;avons aucune influence sur le contenu de ces sites web li\u00e9s directement ou indirectement. Le fournisseur ou l&rsquo;exploitant respectif est toujours responsable de l&rsquo;exactitude des contenus, raison pour laquelle nous n&rsquo;assumons aucune garantie \u00e0 cet \u00e9gard.<\/p>\n\n\n\n<p>Au moment de la cr\u00e9ation du lien, nous avons v\u00e9rifi\u00e9 que les sites Internet externes ne pr\u00e9sentaient pas d&rsquo;infraction \u00e0 la loi. Au moment de la cr\u00e9ation du lien, aucune violation de la loi n&rsquo;a \u00e9t\u00e9 constat\u00e9e. Nous ne pouvons pas proc\u00e9der \u00e0 un contr\u00f4le permanent de tous les contenus des pages auxquelles nous renvoyons sans indices r\u00e9els d&rsquo;une violation de la loi. Si nous prenons connaissance de violations de la loi, nous supprimerons imm\u00e9diatement les liens concern\u00e9s.<\/p>\n\n\n\n<h5 class=\"wp-block-heading\">Droit d&rsquo;auteur<\/h5>\n\n\n\n<p>Les contenus et \u0153uvres cr\u00e9\u00e9s par l&rsquo;exploitant de ce site Internet sont soumis au droit d&rsquo;auteur allemand. Toutes les contributions de tiers sont identifi\u00e9es comme telles. La reproduction, le traitement, la diffusion et tout type d&rsquo;exploitation en dehors des limites du droit d&rsquo;auteur requi\u00e8rent l&rsquo;accord \u00e9crit de l&rsquo;auteur ou du cr\u00e9ateur concern\u00e9. Les copies de ces pages ne sont autoris\u00e9es que pour un usage priv\u00e9, et non \u00e0 des fins commerciales.<\/p>\n\n\n\n<h5 class=\"wp-block-heading\">Protection des donn\u00e9es<\/h5>\n\n\n\n<p>Nous ne pouvons pas garantir la s\u00e9curit\u00e9 de la transmission des donn\u00e9es sur Internet, en particulier lors de la transmission de donn\u00e9es par e-mail, il existe un risque d&rsquo;acc\u00e8s par des tiers.<\/p>\n\n\n\n<p>En cas de collecte de donn\u00e9es personnelles ou commerciales (adresses e-mail, noms, adresses) sur nos pages, la divulgation de ces donn\u00e9es par l&rsquo;utilisateur se fait toujours sur une base volontaire. L&rsquo;utilisation et le paiement de tous les services propos\u00e9s sont \u00e9galement autoris\u00e9s sans indication de telles donn\u00e9es ou en indiquant des donn\u00e9es anonymes ou un pseudonyme, dans la mesure o\u00f9 cela est techniquement possible et raisonnable.<\/p>\n\n\n\n<p>L&rsquo;utilisation des donn\u00e9es de contact publi\u00e9es dans les mentions l\u00e9gales par des tiers \u00e0 des fins publicitaires est express\u00e9ment interdite. L&rsquo;exploitant se r\u00e9serve express\u00e9ment le droit d&rsquo;engager des poursuites judiciaires en cas d&rsquo;envoi de mat\u00e9riel publicitaire ou d&rsquo;information non sollicit\u00e9.<\/p>\n\n\n\n<h5 class=\"wp-block-heading\">Validit\u00e9 juridique de la pr\u00e9sente clause de non-responsabilit\u00e9<\/h5>\n\n\n\n<p>L&rsquo;exclusion de responsabilit\u00e9 ci-dessus fait partie de l&rsquo;offre Internet \u00e0 partir de laquelle il a \u00e9t\u00e9 renvoy\u00e9 \u00e0 cette page. Si certaines dispositions ou formulations de cette clause de non-responsabilit\u00e9 sont ou deviennent caduques, le contenu et la validit\u00e9 des autres dispositions n&rsquo;en sont pas affect\u00e9s.<\/p>\n\n\n\n<p>Source:&nbsp;<a href=\"http:\/\/www.anwalt-seiten.de\/\" target=\"_blank\" rel=\"noreferrer noopener\">anwalt-seiten.de<\/a><\/p>\n\n\n\n<div style=\"height:100px\" aria-hidden=\"true\" class=\"wp-block-spacer\"><\/div>\n","protected":false},"excerpt":{"rendered":"<p>Adresse fodjan GmbHGro\u00dfenhainer Stra\u00dfe 10101127 Dresden Repr\u00e9sent\u00e9 par Henri Geerts Contact T\u00e9l\u00e9phone:+49 351 4188 6693E-mail: info@fodjan.deInternet: https:\/\/fodjan.com Inscription au registre [&hellip;]<\/p>\n","protected":false},"author":3,"featured_media":0,"parent":0,"menu_order":0,"comment_status":"closed","ping_status":"closed","template":"","meta":{"_acf_changed":false,"inline_featured_image":false,"footnotes":""},"categories":[],"tags":[],"class_list":["post-13930","page","type-page","status-publish","hentry"],"acf":[],"yoast_head":"<!-- This site is optimized with the Yoast SEO plugin v26.8 - https:\/\/yoast.com\/product\/yoast-seo-wordpress\/ -->\n<title>fodjan smart feeding<\/title>\n<meta name=\"robots\" content=\"index, follow, max-snippet:-1, max-image-preview:large, max-video-preview:-1\" \/>\n<link rel=\"canonical\" href=\"https:\/\/fodjan.com\/fr\/mentions-legales\/\" \/>\n<meta property=\"og:locale\" content=\"fr_FR\" \/>\n<meta property=\"og:type\" content=\"article\" \/>\n<meta property=\"og:title\" content=\"Mentions l\u00e9gales - fodjan smart feeding\" \/>\n<meta property=\"og:description\" content=\"Adresse fodjan GmbHGro\u00dfenhainer Stra\u00dfe 10101127 Dresden Repr\u00e9sent\u00e9 par Henri Geerts Contact T\u00e9l\u00e9phone:+49 351 4188 6693E-mail: info@fodjan.deInternet: https:\/\/fodjan.com Inscription au registre [&hellip;]\" \/>\n<meta property=\"og:url\" content=\"https:\/\/fodjan.com\/fr\/mentions-legales\/\" \/>\n<meta property=\"og:site_name\" content=\"fodjan smart feeding\" \/>\n<meta property=\"article:publisher\" content=\"https:\/\/de-de.facebook.com\/fodjan.de\/\" \/>\n<meta property=\"article:modified_time\" content=\"2025-09-01T07:23:16+00:00\" \/>\n<meta property=\"og:image\" content=\"https:\/\/fodjan.com\/wp-content\/uploads\/2020\/05\/fodjan_App.jpg\" \/>\n\t<meta property=\"og:image:width\" content=\"1920\" \/>\n\t<meta property=\"og:image:height\" content=\"1280\" \/>\n\t<meta property=\"og:image:type\" content=\"image\/jpeg\" \/>\n<meta name=\"twitter:card\" content=\"summary_large_image\" \/>\n<script type=\"application\/ld+json\" class=\"yoast-schema-graph\">{\"@context\":\"https:\/\/schema.org\",\"@graph\":[{\"@type\":\"WebPage\",\"@id\":\"https:\/\/fodjan.com\/fr\/mentions-legales\/\",\"url\":\"https:\/\/fodjan.com\/fr\/mentions-legales\/\",\"name\":\"Mentions l\u00e9gales - fodjan smart feeding\",\"isPartOf\":{\"@id\":\"https:\/\/fodjan.com\/fr\/#website\"},\"datePublished\":\"2023-06-28T07:10:38+00:00\",\"dateModified\":\"2025-09-01T07:23:16+00:00\",\"breadcrumb\":{\"@id\":\"https:\/\/fodjan.com\/fr\/mentions-legales\/#breadcrumb\"},\"inLanguage\":\"fr-FR\",\"potentialAction\":[{\"@type\":\"ReadAction\",\"target\":[\"https:\/\/fodjan.com\/fr\/mentions-legales\/\"]}]},{\"@type\":\"BreadcrumbList\",\"@id\":\"https:\/\/fodjan.com\/fr\/mentions-legales\/#breadcrumb\",\"itemListElement\":[{\"@type\":\"ListItem\",\"position\":1,\"name\":\"Home\",\"item\":\"https:\/\/fodjan.com\/fr\/\"},{\"@type\":\"ListItem\",\"position\":2,\"name\":\"Mentions l\u00e9gales\"}]},{\"@type\":\"WebSite\",\"@id\":\"https:\/\/fodjan.com\/fr\/#website\",\"url\":\"https:\/\/fodjan.com\/fr\/\",\"name\":\"fodjan\",\"description\":\"Der digitale Assistent f\u00fcr die F\u00fctterung\",\"publisher\":{\"@id\":\"https:\/\/fodjan.com\/fr\/#organization\"},\"alternateName\":\"smart feeding\",\"potentialAction\":[{\"@type\":\"SearchAction\",\"target\":{\"@type\":\"EntryPoint\",\"urlTemplate\":\"https:\/\/fodjan.com\/fr\/?s={search_term_string}\"},\"query-input\":{\"@type\":\"PropertyValueSpecification\",\"valueRequired\":true,\"valueName\":\"search_term_string\"}}],\"inLanguage\":\"fr-FR\"},{\"@type\":\"Organization\",\"@id\":\"https:\/\/fodjan.com\/fr\/#organization\",\"name\":\"fodjan GmbH\",\"alternateName\":\"smart feeding\",\"url\":\"https:\/\/fodjan.com\/fr\/\",\"logo\":{\"@type\":\"ImageObject\",\"inLanguage\":\"fr-FR\",\"@id\":\"https:\/\/fodjan.com\/fr\/#\/schema\/logo\/image\/\",\"url\":\"https:\/\/fodjan.com\/wp-content\/uploads\/2020\/04\/Logo_fodjan_2020.svg\",\"contentUrl\":\"https:\/\/fodjan.com\/wp-content\/uploads\/2020\/04\/Logo_fodjan_2020.svg\",\"width\":5000,\"height\":1500,\"caption\":\"fodjan GmbH\"},\"image\":{\"@id\":\"https:\/\/fodjan.com\/fr\/#\/schema\/logo\/image\/\"},\"sameAs\":[\"https:\/\/de-de.facebook.com\/fodjan.de\/\",\"https:\/\/www.linkedin.com\/company\/fodjan-gmbh\",\"https:\/\/www.youtube.com\/channel\/UCKwdzpWq1uy0sblX3_VIKHg\"]}]}<\/script>\n<!-- \/ Yoast SEO plugin. -->","yoast_head_json":{"title":"fodjan smart feeding","robots":{"index":"index","follow":"follow","max-snippet":"max-snippet:-1","max-image-preview":"max-image-preview:large","max-video-preview":"max-video-preview:-1"},"canonical":"https:\/\/fodjan.com\/fr\/mentions-legales\/","og_locale":"fr_FR","og_type":"article","og_title":"Mentions l\u00e9gales - fodjan smart feeding","og_description":"Adresse fodjan GmbHGro\u00dfenhainer Stra\u00dfe 10101127 Dresden Repr\u00e9sent\u00e9 par Henri Geerts Contact T\u00e9l\u00e9phone:+49 351 4188 6693E-mail: info@fodjan.deInternet: https:\/\/fodjan.com Inscription au registre [&hellip;]","og_url":"https:\/\/fodjan.com\/fr\/mentions-legales\/","og_site_name":"fodjan smart feeding","article_publisher":"https:\/\/de-de.facebook.com\/fodjan.de\/","article_modified_time":"2025-09-01T07:23:16+00:00","og_image":[{"width":1920,"height":1280,"url":"https:\/\/fodjan.com\/wp-content\/uploads\/2020\/05\/fodjan_App.jpg","type":"image\/jpeg"}],"twitter_card":"summary_large_image","schema":{"@context":"https:\/\/schema.org","@graph":[{"@type":"WebPage","@id":"https:\/\/fodjan.com\/fr\/mentions-legales\/","url":"https:\/\/fodjan.com\/fr\/mentions-legales\/","name":"Mentions l\u00e9gales - fodjan smart feeding","isPartOf":{"@id":"https:\/\/fodjan.com\/fr\/#website"},"datePublished":"2023-06-28T07:10:38+00:00","dateModified":"2025-09-01T07:23:16+00:00","breadcrumb":{"@id":"https:\/\/fodjan.com\/fr\/mentions-legales\/#breadcrumb"},"inLanguage":"fr-FR","potentialAction":[{"@type":"ReadAction","target":["https:\/\/fodjan.com\/fr\/mentions-legales\/"]}]},{"@type":"BreadcrumbList","@id":"https:\/\/fodjan.com\/fr\/mentions-legales\/#breadcrumb","itemListElement":[{"@type":"ListItem","position":1,"name":"Home","item":"https:\/\/fodjan.com\/fr\/"},{"@type":"ListItem","position":2,"name":"Mentions l\u00e9gales"}]},{"@type":"WebSite","@id":"https:\/\/fodjan.com\/fr\/#website","url":"https:\/\/fodjan.com\/fr\/","name":"fodjan","description":"Der digitale Assistent f\u00fcr die F\u00fctterung","publisher":{"@id":"https:\/\/fodjan.com\/fr\/#organization"},"alternateName":"smart feeding","potentialAction":[{"@type":"SearchAction","target":{"@type":"EntryPoint","urlTemplate":"https:\/\/fodjan.com\/fr\/?s={search_term_string}"},"query-input":{"@type":"PropertyValueSpecification","valueRequired":true,"valueName":"search_term_string"}}],"inLanguage":"fr-FR"},{"@type":"Organization","@id":"https:\/\/fodjan.com\/fr\/#organization","name":"fodjan GmbH","alternateName":"smart feeding","url":"https:\/\/fodjan.com\/fr\/","logo":{"@type":"ImageObject","inLanguage":"fr-FR","@id":"https:\/\/fodjan.com\/fr\/#\/schema\/logo\/image\/","url":"https:\/\/fodjan.com\/wp-content\/uploads\/2020\/04\/Logo_fodjan_2020.svg","contentUrl":"https:\/\/fodjan.com\/wp-content\/uploads\/2020\/04\/Logo_fodjan_2020.svg","width":5000,"height":1500,"caption":"fodjan GmbH"},"image":{"@id":"https:\/\/fodjan.com\/fr\/#\/schema\/logo\/image\/"},"sameAs":["https:\/\/de-de.facebook.com\/fodjan.de\/","https:\/\/www.linkedin.com\/company\/fodjan-gmbh","https:\/\/www.youtube.com\/channel\/UCKwdzpWq1uy0sblX3_VIKHg"]}]}},"_links":{"self":[{"href":"https:\/\/fodjan.com\/fr\/wp-json\/wp\/v2\/pages\/13930","targetHints":{"allow":["GET"]}}],"collection":[{"href":"https:\/\/fodjan.com\/fr\/wp-json\/wp\/v2\/pages"}],"about":[{"href":"https:\/\/fodjan.com\/fr\/wp-json\/wp\/v2\/types\/page"}],"author":[{"embeddable":true,"href":"https:\/\/fodjan.com\/fr\/wp-json\/wp\/v2\/users\/3"}],"replies":[{"embeddable":true,"href":"https:\/\/fodjan.com\/fr\/wp-json\/wp\/v2\/comments?post=13930"}],"version-history":[{"count":15,"href":"https:\/\/fodjan.com\/fr\/wp-json\/wp\/v2\/pages\/13930\/revisions"}],"predecessor-version":[{"id":15463,"href":"https:\/\/fodjan.com\/fr\/wp-json\/wp\/v2\/pages\/13930\/revisions\/15463"}],"wp:attachment":[{"href":"https:\/\/fodjan.com\/fr\/wp-json\/wp\/v2\/media?parent=13930"}],"wp:term":[{"taxonomy":"category","embeddable":true,"href":"https:\/\/fodjan.com\/fr\/wp-json\/wp\/v2\/categories?post=13930"},{"taxonomy":"post_tag","embeddable":true,"href":"https:\/\/fodjan.com\/fr\/wp-json\/wp\/v2\/tags?post=13930"}],"curies":[{"name":"wp","href":"https:\/\/api.w.org\/{rel}","templated":true}]}}